{"id":3681,"date":"2025-10-25T09:03:16","date_gmt":"2025-10-25T07:03:16","guid":{"rendered":"https:\/\/fumotpuff.com\/?post_type=product&#038;p=3681"},"modified":"2025-10-25T09:03:16","modified_gmt":"2025-10-25T07:03:16","slug":"bang-king-50000-blueberry-raspberry-mixed-berry","status":"publish","type":"product","link":"https:\/\/fumotpuff.com\/es\/producto\/bang-king-50000-blueberry-raspberry-mixed-berry\/","title":{"rendered":"Bang King 50000 Ar\u00e1ndano Frambuesa\/Mezcla de bayas"},"content":{"rendered":"<h2 class=\"text-xl font-bold text-text-100 mt-1 -mb-0.5\">Bang King 50000 Ar\u00e1ndano Frambuesa\/Mezcla de Bayas Vape Desechable<\/h2>\n<p class=\"whitespace-normal break-words\">En <strong>Cigarrillo electr\u00f3nico desechable Bang King 50000<\/strong> en los sabores Blueberry Raspberry y Mixed Berry es un sue\u00f1o para todos los amantes de la fruta. Este potente dispositivo ofrece la fenomenal cifra de 50.000 caladas con una capacidad de 50 ml de e-l\u00edquido de alta calidad. Cambia sin esfuerzo entre la combinaci\u00f3n de ar\u00e1ndano y frambuesa o disfruta de la mezcla de bayas mixtas de varias capas. La avanzada tecnolog\u00eda de bobina de malla de 1,0 \u03a9 garantiza aut\u00e9nticos sabores frutales, mientras que la bater\u00eda recargable de 850 mAh garantiza un rendimiento duradero. Con flujo de aire ajustable, carga r\u00e1pida Type-C y una pantalla LCD n\u00edtida, siempre tendr\u00e1s el control total de tu experiencia de vapeo.<\/p>\n<h3 class=\"text-lg font-bold text-text-100 mt-1 -mb-1.5\">Puntos fuertes de Bang King 50000 Blueberry Raspberry\/Mixed Berry:<\/h3>\n<p class=\"whitespace-normal break-words\">Experimente una resistencia excepcional con hasta 50.000 caladas por unidad. La generosa capacidad de l\u00edquido de 50 ml est\u00e1 integrada desde el principio y hace innecesario el rellenado. La potente bater\u00eda de 850 mAh ofrece una calidad de vapor constante durante toda la vida \u00fatil del producto.<\/p>\n<p class=\"whitespace-normal break-words\">Puede elegir entre cuatro concentraciones de nicotina: 0%, 2%, 3% o 5%. Esta gama le permite controlar con precisi\u00f3n su ingesta de nicotina, tanto si desea reducirla gradualmente como mantener su nivel habitual.<\/p>\n<p class=\"whitespace-normal break-words\">El dise\u00f1o delgado y f\u00e1cil de usar de Bang King 50000 lo convierte en el compa\u00f1ero perfecto para el d\u00eda a d\u00eda. Los dos sabores de bayas -frutal y \u00e1cido ar\u00e1ndano-frambuesa o la compleja composici\u00f3n de bayas mixtas- se pueden cambiar sobre la marcha y ofrecen un disfrute vers\u00e1til para todos los gustos.<\/p>\n<h3 class=\"text-lg font-bold text-text-100 mt-1 -mb-1.5\">Datos t\u00e9cnicos:<\/h3>\n<p class=\"whitespace-normal break-words\"><strong>N\u00famero de trenes:<\/strong> Hasta 50.000 caladas<br \/>\n<strong>Vaporizador:<\/strong> Bobina de malla 1.0 Ohm<br \/>\n<strong>Volumen de l\u00edquido:<\/strong> 50 ml<br \/>\n<strong>Potencia de nicotina:<\/strong> 0% \/ 2% \/ 3% \/ 5%<br \/>\n<strong>Capacidad de la bater\u00eda:<\/strong> 850 mAh<br \/>\n<strong>Funci\u00f3n de carga:<\/strong> Tipo C recargable<br \/>\n<strong>Pantalla:<\/strong> Pantalla digital LCD<br \/>\n<strong>Perfiles de sabor:<\/strong> Doble sabor<\/p>\n<h3 class=\"text-lg font-bold text-text-100 mt-1 -mb-1.5\">Descubre m\u00e1s BANG VAPE en fumotpuff<\/h3>\n<p class=\"whitespace-normal break-words\">Sum\u00e9rgete en el mundo de fumotpuff: comienza tu viaje de descubrimiento en nuestro <strong><a class=\"underline\" href=\"https:\/\/fumotpuff.com\/es\/\">P\u00e1gina de inicio<\/a><\/strong> con ofertas exclusivas y nuevos productos. La gama completa de productos BANG le espera en nuestro <strong><a class=\"underline\" href=\"https:\/\/fumotpuff.com\/es\/product-category\/bang-vape\/\">Categor\u00eda BANG VAPE<\/a><\/strong> con informaci\u00f3n detallada sobre cada modelo. Todas las variantes de sabor de la Bang King 50000 se presentan claramente en el <strong><a class=\"underline\" href=\"https:\/\/fumotpuff.com\/es\/product-category\/bang-vape\/bang-king-50000\/\">Colecci\u00f3n Bang King 50000<\/a><\/strong>.<\/p>","protected":false},"excerpt":{"rendered":"<p class=\"whitespace-normal break-words\">El Bang King 50000 Blueberry Raspberry\/Mixed Berry ofrece 50.000 caladas con dos intensos sabores a bayas: ar\u00e1ndano-frambuesa afrutado y mezcla de bayas multicapa. Con 50 ml de e-l\u00edquido, bater\u00eda de 850 mAh, bobina de malla de 1,0 \u03a9, pantalla LCD y carga Type-C, este cigarrillo electr\u00f3nico desechable ofrece aut\u00e9nticos sabores frutales y un disfrute duradero.<\/p>","protected":false},"featured_media":3682,"comment_status":"open","ping_status":"closed","template":"","meta":{"_acf_changed":false},"product_brand":[],"product_cat":[40],"product_tag":[],"class_list":{"0":"post-3681","1":"product","2":"type-product","3":"status-publish","4":"has-post-thumbnail","6":"product_cat-bang-king-50000","8":"first","9":"instock","10":"shipping-taxable","11":"purchasable","12":"product-type-variable"},"acf":[],"_links":{"self":[{"href":"https:\/\/fumotpuff.com\/es\/wp-json\/wp\/v2\/product\/3681","targetHints":{"allow":["GET"]}}],"collection":[{"href":"https:\/\/fumotpuff.com\/es\/wp-json\/wp\/v2\/product"}],"about":[{"href":"https:\/\/fumotpuff.com\/es\/wp-json\/wp\/v2\/types\/product"}],"replies":[{"embeddable":true,"href":"https:\/\/fumotpuff.com\/es\/wp-json\/wp\/v2\/comments?post=3681"}],"wp:featuredmedia":[{"embeddable":true,"href":"https:\/\/fumotpuff.com\/es\/wp-json\/wp\/v2\/media\/3682"}],"wp:attachment":[{"href":"https:\/\/fumotpuff.com\/es\/wp-json\/wp\/v2\/media?parent=3681"}],"wp:term":[{"taxonomy":"product_brand","embeddable":true,"href":"https:\/\/fumotpuff.com\/es\/wp-json\/wp\/v2\/product_brand?post=3681"},{"taxonomy":"product_cat","embeddable":true,"href":"https:\/\/fumotpuff.com\/es\/wp-json\/wp\/v2\/product_cat?post=3681"},{"taxonomy":"product_tag","embeddable":true,"href":"https:\/\/fumotpuff.com\/es\/wp-json\/wp\/v2\/product_tag?post=3681"}],"curies":[{"name":"wp","href":"https:\/\/api.w.org\/{rel}","templated":true}]}}