{"id":3667,"date":"2025-10-25T08:57:08","date_gmt":"2025-10-25T06:57:08","guid":{"rendered":"https:\/\/fumotpuff.com\/?post_type=product&#038;p=3667"},"modified":"2025-10-25T08:57:27","modified_gmt":"2025-10-25T06:57:27","slug":"bang-king-50000-blueberry-ice-peach-mango-watermelon","status":"publish","type":"product","link":"https:\/\/fumotpuff.com\/es\/producto\/bang-king-50000-blueberry-ice-peach-mango-watermelon\/","title":{"rendered":"Bang King 50000 Blueberry Ice\/Melocot\u00f3n Mango Sand\u00eda"},"content":{"rendered":"<h2 class=\"text-xl font-bold text-text-100 mt-1 -mb-0.5\">Bang King 50000 Blueberry Ice\/Melocot\u00f3n Mango Sand\u00eda Vape desechable<\/h2>\n<p class=\"whitespace-normal break-words\">En <strong>Cigarrillo electr\u00f3nico desechable Bang King 50000<\/strong> con los sabores Blueberry Ice y Peach Mango Watermelon combina frescura helada con sabor a frutas tropicales. Con una enorme capacidad de 50.000 caladas y 50 ml de e-l\u00edquido de primera calidad, este dispositivo ofrece semanas de placer al vapear. La funci\u00f3n de doble sabor le permite cambiar r\u00e1pidamente entre frescas notas de ar\u00e1ndanos y c\u00f3cteles de frutas ex\u00f3ticas. El flujo de aire ajustable, la bobina de malla de 1,0 \u03a9 de alta calidad y la bater\u00eda recargable de 850 mAh garantizan una calidad de vapor constante y experiencias de sabor intensas. La moderna pantalla LCD te mantiene constantemente informado sobre el estado del dispositivo, mientras que la funci\u00f3n de carga Type-C permite una recarga r\u00e1pida.<\/p>\n<h3 class=\"text-lg font-bold text-text-100 mt-1 -mb-1.5\">Ventajas del Bang King 50000 Blueberry Ice\/Melocot\u00f3n Mango Sand\u00eda:<\/h3>\n<p class=\"whitespace-normal break-words\">Este vape desechable ofrece uno de los tiempos de uso m\u00e1s largos del mercado: hasta 50.000 caladas con un solo dispositivo. La capacidad de 50 ml de l\u00edquido est\u00e1 preinstalada y lista para usar sin necesidad de rellenarla. La potente bater\u00eda de 850 mAh garantiza una calidad de vapor constante desde la primera hasta la \u00faltima calada.<\/p>\n<p class=\"whitespace-normal break-words\">Con cuatro opciones de nicotina - 0%, 2%, 3% y 5% - el Bang King 50000 se adapta a una amplia gama de preferencias. Tanto si quieres evitar la nicotina por completo como si prefieres un golpe m\u00e1s fuerte, encontrar\u00e1s la potencia adecuada para tus necesidades individuales.<\/p>\n<p class=\"whitespace-normal break-words\">El dise\u00f1o port\u00e1til combinado con la funci\u00f3n de doble sabor hace que este aparato sea especialmente atractivo. Disfrute de ar\u00e1ndanos helados para un toque refrescante o cambie a la mezcla tropical de melocot\u00f3n, mango y sand\u00eda, perfecta para variar sobre la marcha.<\/p>\n<h3 class=\"text-lg font-bold text-text-100 mt-1 -mb-1.5\">Datos t\u00e9cnicos:<\/h3>\n<p class=\"whitespace-normal break-words\"><strong>N\u00famero de trenes:<\/strong> Hasta 50.000 caladas<br \/>\n<strong>Vaporizador:<\/strong> Bobina de malla 1.0 Ohm<br \/>\n<strong>Volumen de l\u00edquido:<\/strong> 50 ml<br \/>\n<strong>Potencia de nicotina:<\/strong> 0% \/ 2% \/ 3% \/ 5%<br \/>\n<strong>Capacidad de la bater\u00eda:<\/strong> 850 mAh<br \/>\n<strong>Funci\u00f3n de carga:<\/strong> Tipo C recargable<br \/>\n<strong>Pantalla:<\/strong> Pantalla digital LCD<br \/>\n<strong>Perfiles de sabor:<\/strong> Doble sabor<\/p>\n<h3 class=\"text-lg font-bold text-text-100 mt-1 -mb-1.5\">Descubre m\u00e1s BANG VAPE en fumotpuff<\/h3>\n<p class=\"whitespace-normal break-words\">\u00bfDesea obtener m\u00e1s informaci\u00f3n sobre nuestros productos de vapor de alta calidad? Haga clic en nuestro <strong><a class=\"underline\" href=\"https:\/\/fumotpuff.com\/es\/\">P\u00e1gina de inicio<\/a><\/strong> para inspirarse y encontrar las mejores ofertas. Toda la selecci\u00f3n de electrodom\u00e9sticos BANG le espera en la <strong><a class=\"underline\" href=\"https:\/\/fumotpuff.com\/es\/product-category\/bang-vape\/\">Categor\u00eda BANG VAPE<\/a><\/strong> para usted. Puede descubrir todas las variantes de sabor de la Bang King 50000 en nuestro <strong><a class=\"underline\" href=\"https:\/\/fumotpuff.com\/es\/product-category\/bang-vape\/bang-king-50000\/\">Colecci\u00f3n Bang King 50000<\/a><\/strong>.<\/p>","protected":false},"excerpt":{"rendered":"<p class=\"whitespace-normal break-words\">El Bang King 50000 Blueberry Ice\/Peach Mango Watermelon combina dos sabores contrastantes: ar\u00e1ndano helado y melocot\u00f3n-mango-sand\u00eda tropical. Con 50.000 caladas, 50 ml de e-l\u00edquido, bater\u00eda de 850 mAh, bobina de malla de 1,0\u03a9, pantalla LCD y carga Type-C, este e-cigarrillo desechable ofrece un frescor refrescante y un sabor a frutas ex\u00f3ticas.<\/p>","protected":false},"featured_media":3668,"comment_status":"open","ping_status":"closed","template":"","meta":{"_acf_changed":false},"product_brand":[],"product_cat":[40],"product_tag":[],"class_list":{"0":"post-3667","1":"product","2":"type-product","3":"status-publish","4":"has-post-thumbnail","6":"product_cat-bang-king-50000","8":"first","9":"instock","10":"shipping-taxable","11":"purchasable","12":"product-type-variable"},"acf":[],"_links":{"self":[{"href":"https:\/\/fumotpuff.com\/es\/wp-json\/wp\/v2\/product\/3667","targetHints":{"allow":["GET"]}}],"collection":[{"href":"https:\/\/fumotpuff.com\/es\/wp-json\/wp\/v2\/product"}],"about":[{"href":"https:\/\/fumotpuff.com\/es\/wp-json\/wp\/v2\/types\/product"}],"replies":[{"embeddable":true,"href":"https:\/\/fumotpuff.com\/es\/wp-json\/wp\/v2\/comments?post=3667"}],"wp:featuredmedia":[{"embeddable":true,"href":"https:\/\/fumotpuff.com\/es\/wp-json\/wp\/v2\/media\/3668"}],"wp:attachment":[{"href":"https:\/\/fumotpuff.com\/es\/wp-json\/wp\/v2\/media?parent=3667"}],"wp:term":[{"taxonomy":"product_brand","embeddable":true,"href":"https:\/\/fumotpuff.com\/es\/wp-json\/wp\/v2\/product_brand?post=3667"},{"taxonomy":"product_cat","embeddable":true,"href":"https:\/\/fumotpuff.com\/es\/wp-json\/wp\/v2\/product_cat?post=3667"},{"taxonomy":"product_tag","embeddable":true,"href":"https:\/\/fumotpuff.com\/es\/wp-json\/wp\/v2\/product_tag?post=3667"}],"curies":[{"name":"wp","href":"https:\/\/api.w.org\/{rel}","templated":true}]}}