{"id":3660,"date":"2025-10-25T05:50:31","date_gmt":"2025-10-25T03:50:31","guid":{"rendered":"https:\/\/fumotpuff.com\/?post_type=product&#038;p=3660"},"modified":"2025-10-25T05:50:32","modified_gmt":"2025-10-25T03:50:32","slug":"bang-king-50000-watermelon-blueberry-cherry","status":"publish","type":"product","link":"https:\/\/fumotpuff.com\/es\/producto\/bang-king-50000-watermelon-blueberry-cherry\/","title":{"rendered":"Bang King 50000 Sand\u00eda\/Azul Cereza"},"content":{"rendered":"<h2 class=\"text-xl font-bold text-text-100 mt-1 -mb-0.5\">Bang King 50000 Sand\u00eda\/Ar\u00e1ndano Cereza vape desechable<\/h2>\n<p class=\"whitespace-normal break-words\">Experiencia con el <strong>Cigarrillo electr\u00f3nico desechable Bang King 50000<\/strong> en los sabores Watermelon y Blueberry Cherry para una experiencia de vapeo afrutada \u00fanica. Este vapeador de gran capacidad proporciona unas impresionantes 50.000 caladas con 50 ml de l\u00edquido premium preinstalado. Gracias a la innovadora tecnolog\u00eda de doble sabor, puede cambiar entre dos deliciosos sabores frutales en cualquier momento. El flujo de aire variable te permite ajustar la intensidad del vapor de forma individual, mientras que la bobina de malla de 1,0 \u03a9 garantiza una transferencia \u00f3ptima del sabor. La potente bater\u00eda de 850 mAh con tecnolog\u00eda de carga r\u00e1pida Type-C garantiza una disponibilidad de uso duradera, y la clara pantalla LCD muestra toda la informaci\u00f3n importante de un vistazo.<\/p>\n<h3 class=\"text-lg font-bold text-text-100 mt-1 -mb-1.5\">Aspectos destacados del Bang King 50000 Sand\u00eda\/Ar\u00e1ndano Cereza:<\/h3>\n<p class=\"whitespace-normal break-words\">Con hasta 50.000 caladas, este dispositivo establece nuevos est\u00e1ndares en el campo de los cigarrillos electr\u00f3nicos desechables. La generosa reserva de l\u00edquido de 50 ml elimina por completo la necesidad de rellenar. La robusta bater\u00eda de 850 mAh proporciona una potencia constante y garantiza una experiencia de vapeo fiable de principio a fin.<\/p>\n<p class=\"whitespace-normal break-words\">Elija entre cuatro niveles de nicotina diferentes: 0%, 2%, 3% o 5%. Esta selecci\u00f3n permite tanto a principiantes como a usuarios experimentados encontrar la potencia de nicotina ideal para sus necesidades, ya sea para dejar de fumar o para disfrutar m\u00e1s intensamente.<\/p>\n<p class=\"whitespace-normal break-words\">A pesar de su impresionante capacidad, el Bang King 50000 impresiona por su formato delgado y manejable. Los dos sabores - sand\u00eda jugosa y la combinaci\u00f3n afrutada de ar\u00e1ndano y cereza - se pueden cambiar con s\u00f3lo pulsar un bot\u00f3n y ofrecen un placer de vapeo variado para cada momento.<\/p>\n<h3 class=\"text-lg font-bold text-text-100 mt-1 -mb-1.5\">Datos t\u00e9cnicos:<\/h3>\n<p class=\"whitespace-normal break-words\"><strong>N\u00famero de trenes:<\/strong> Hasta 50.000 caladas<br \/>\n<strong>Vaporizador:<\/strong> Bobina de malla 1.0 Ohm<br \/>\n<strong>Volumen de l\u00edquido:<\/strong> 50 ml<br \/>\n<strong>Potencia de nicotina:<\/strong> 0% \/ 2% \/ 3% \/ 5%<br \/>\n<strong>Capacidad de la bater\u00eda:<\/strong> 850 mAh<br \/>\n<strong>Funci\u00f3n de carga:<\/strong> Tipo C recargable<br \/>\n<strong>Pantalla:<\/strong> Pantalla digital LCD<br \/>\n<strong>Perfiles de sabor:<\/strong> Doble sabor<\/p>\n<h3 class=\"text-lg font-bold text-text-100 mt-1 -mb-1.5\">Descubre m\u00e1s BANG VAPE en fumotpuff<\/h3>\n<p class=\"whitespace-normal break-words\">\u00bfBusca m\u00e1s productos para vapear de primera calidad? Eche un vistazo a nuestra <strong><a class=\"underline\" href=\"https:\/\/fumotpuff.com\/es\/\">P\u00e1gina de inicio<\/a><\/strong> y descubra nuestros \u00faltimos productos. En nuestra completa <strong><a class=\"underline\" href=\"https:\/\/fumotpuff.com\/es\/product-category\/bang-vape\/\">Categor\u00eda BANG VAPE<\/a><\/strong> encontrar\u00e1 toda la gama de productos BANG. Todos los sabores del Bang King 50000 le esperan en el <strong><a class=\"underline\" href=\"https:\/\/fumotpuff.com\/es\/product-category\/bang-vape\/bang-king-50000\/\">Colecci\u00f3n Bang King 50000<\/a><\/strong>.<\/p>","protected":false},"excerpt":{"rendered":"<p class=\"whitespace-normal break-words\">El Bang King 50000 Watermelon\/Blueberry Cherry ofrece 50.000 caladas con dos sabores afrutados: sand\u00eda jugosa y cereza con ar\u00e1ndanos. Con 50 ml de e-l\u00edquido, bater\u00eda de 850 mAh, bobina de malla de 1,0 \u03a9, pantalla LCD y carga Type-C, este cigarrillo electr\u00f3nico desechable ofrece un sabor duradero y la m\u00e1xima flexibilidad al cambiar de sabor.<\/p>","protected":false},"featured_media":3661,"comment_status":"open","ping_status":"closed","template":"","meta":{"_acf_changed":false},"product_brand":[],"product_cat":[40],"product_tag":[],"class_list":{"0":"post-3660","1":"product","2":"type-product","3":"status-publish","4":"has-post-thumbnail","6":"product_cat-bang-king-50000","8":"first","9":"instock","10":"shipping-taxable","11":"purchasable","12":"product-type-variable"},"acf":[],"_links":{"self":[{"href":"https:\/\/fumotpuff.com\/es\/wp-json\/wp\/v2\/product\/3660","targetHints":{"allow":["GET"]}}],"collection":[{"href":"https:\/\/fumotpuff.com\/es\/wp-json\/wp\/v2\/product"}],"about":[{"href":"https:\/\/fumotpuff.com\/es\/wp-json\/wp\/v2\/types\/product"}],"replies":[{"embeddable":true,"href":"https:\/\/fumotpuff.com\/es\/wp-json\/wp\/v2\/comments?post=3660"}],"wp:featuredmedia":[{"embeddable":true,"href":"https:\/\/fumotpuff.com\/es\/wp-json\/wp\/v2\/media\/3661"}],"wp:attachment":[{"href":"https:\/\/fumotpuff.com\/es\/wp-json\/wp\/v2\/media?parent=3660"}],"wp:term":[{"taxonomy":"product_brand","embeddable":true,"href":"https:\/\/fumotpuff.com\/es\/wp-json\/wp\/v2\/product_brand?post=3660"},{"taxonomy":"product_cat","embeddable":true,"href":"https:\/\/fumotpuff.com\/es\/wp-json\/wp\/v2\/product_cat?post=3660"},{"taxonomy":"product_tag","embeddable":true,"href":"https:\/\/fumotpuff.com\/es\/wp-json\/wp\/v2\/product_tag?post=3660"}],"curies":[{"name":"wp","href":"https:\/\/api.w.org\/{rel}","templated":true}]}}