{"id":353,"date":"2025-09-11T12:52:05","date_gmt":"2025-09-11T10:52:05","guid":{"rendered":"https:\/\/fumotpuff.com\/?post_type=product&#038;p=353"},"modified":"2026-01-29T11:53:00","modified_gmt":"2026-01-29T10:53:00","slug":"fumot-leopard-40k-kiwi-passion-fruit-guava","status":"publish","type":"product","link":"https:\/\/fumotpuff.com\/es\/producto\/fumot-leopard-40k-kiwi-passion-fruit-guava\/","title":{"rendered":"Fumot Leopard 40K Kiwi Maracuy\u00e1 Guayaba"},"content":{"rendered":"<h2 class=\"text-xl font-bold text-text-100 mt-1 -mb-0.5\">Fumot Leopard 40K Kiwi Maracuy\u00e1 Guayaba e-cigarrillo desechable - 40.000 caladas<\/h2>\n<p class=\"whitespace-normal break-words\">El Fumot Leopard 40K Kiwi Fruta de la Pasi\u00f3n Guayaba es un exclusivo cigarrillo electr\u00f3nico desechable con hasta 40.000 caladas de composici\u00f3n de frutas tropicales ex\u00f3ticas. Caracterizado por su carcasa cristalina con el ic\u00f3nico dise\u00f1o de leopardo, proporciona a cada experiencia de vapeo una lujosa presencia visual. La arquitectura LED integrada visualiza los niveles de e-l\u00edquido y bater\u00eda y crea impresionantes coreograf\u00edas de luz.<\/p>\n<h3 class=\"text-lg font-bold text-text-100 mt-1 -mb-1.5\">Fumot Leopard 40K Kiwi Fruta de la Pasi\u00f3n Guayaba Caracter\u00edsticas principales<\/h3>\n<p class=\"whitespace-normal break-words\">El Fumot Leopard 40K Kiwi Fruta de la Pasi\u00f3n Guayaba ofrece hasta 40.000 caladas ex\u00f3ticas y est\u00e1 dise\u00f1ado para un rendimiento de primera calidad. El sistema de doble bobina de malla produce complejos sabores de frutas tropicales y una calidad de vapor sedosa desde el primer hasta el \u00faltimo uso.<\/p>\n<p class=\"whitespace-normal break-words\">Con variantes de nicotina de 0%, 2%, 3% y 5%, el sistema satisface una amplia gama de preferencias. La bater\u00eda recargable de 700 mAh ofrece un mayor tiempo de funcionamiento, mientras que la carga r\u00e1pida Type-C minimiza el tiempo de inactividad.<\/p>\n<p class=\"whitespace-normal break-words\">La luz giratoria din\u00e1mica RGB crea espect\u00e1culos de luces de colores con cada calada y transforma el vapeo en una experiencia sensorial envolvente. La pantalla de tubo digital ofrece monitorizaci\u00f3n en directo de la capacidad del l\u00edquido y la bater\u00eda para un control m\u00e1ximo.<\/p>\n<h3 class=\"text-lg font-bold text-text-100 mt-1 -mb-1.5\">Especificaciones t\u00e9cnicas<\/h3>\n<p class=\"whitespace-normal break-words\"><strong>Trenes:<\/strong> Hasta 40.000<br \/>\n<strong>Nicotina:<\/strong> 0% \/ 2% \/ 3% \/ 5%<br \/>\n<strong>Bater\u00eda:<\/strong> 700 mAh recargable<br \/>\n<strong>Bobina:<\/strong> Bobina de malla doble<br \/>\n<strong>Cargando:<\/strong> Tipo-C<br \/>\n<strong>Iluminaci\u00f3n:<\/strong> Luz giratoria din\u00e1mica RGB<br \/>\n<strong>Pantalla:<\/strong> Indicador digital de l\u00edquido y estado de la bater\u00eda<br \/>\n<strong>Embalaje:<\/strong> 10 unidades por paquete<\/p>\n<h3 class=\"text-lg font-bold text-text-100 mt-1 -mb-1.5\">Descubre m\u00e1s FUMOT VAPE en fumotpuff<\/h3>\n<p class=\"whitespace-normal break-words\">Explore nuestra gama en la <strong><a class=\"underline\" href=\"https:\/\/fumotpuff.com\/es\/\">P\u00e1gina de inicio<\/a><\/strong>descubra la completa <strong><a class=\"underline\" href=\"https:\/\/fumotpuff.com\/es\/product-category\/fumot-vape\/\">Categor\u00eda FUMOT VAPE<\/a><\/strong> o elija entre la completa <strong><a class=\"underline\" href=\"https:\/\/fumotpuff.com\/es\/product-category\/fumot-vape\/fumot-leopard-40k\/\">Gama de sabores Fumot Leopard 40K<\/a><\/strong>.<\/p>","protected":false},"excerpt":{"rendered":"<article data-content=\"[{&quot;type&quot;:&quot;block&quot;,&quot;id&quot;:&quot;JERV-1757585399259&quot;,&quot;name&quot;:&quot;paragraph&quot;,&quot;data&quot;:{&quot;version&quot;:1},&quot;nodes&quot;:[{&quot;type&quot;:&quot;text&quot;,&quot;id&quot;:&quot;IBWL-1757585399260&quot;,&quot;leaves&quot;:[{&quot;text&quot;:&quot;Rewrite&quot;,&quot;marks&quot;:[]}]}],&quot;state&quot;:{}}]\">\n<div>\n<div class=\"grid-cols-1 grid gap-2.5 [&amp;_&gt;_*]:min-w-0 !gap-3.5\">\n<p class=\"whitespace-normal break-words\">Die Fumot Leopard 40K Kiwi Passion Fruit Guava Einweg-Vape bietet 40.000 Z\u00fcge mit exotischen Tropenfrucht-Aromen. Dual-Mesh-Coil f\u00fcr intensive Geschmackserlebnisse, RGB-Lichteffekte und digitales Display. 700mAh wiederaufladbarer Akku mit Type-C Ladung. Nikotin: 0%, 2%, 3% oder 5%.<\/p>\n<\/div>\n<\/div>\n<div class=\"h-8\"><\/div>\n<\/article>\n","protected":false},"featured_media":354,"comment_status":"open","ping_status":"closed","template":"","meta":{"_acf_changed":false},"product_brand":[],"product_cat":[19],"product_tag":[],"class_list":{"0":"post-353","1":"product","2":"type-product","3":"status-publish","4":"has-post-thumbnail","6":"product_cat-fumot-leopard-40k","8":"first","9":"instock","10":"shipping-taxable","11":"purchasable","12":"product-type-variable"},"acf":[],"_links":{"self":[{"href":"https:\/\/fumotpuff.com\/es\/wp-json\/wp\/v2\/product\/353","targetHints":{"allow":["GET"]}}],"collection":[{"href":"https:\/\/fumotpuff.com\/es\/wp-json\/wp\/v2\/product"}],"about":[{"href":"https:\/\/fumotpuff.com\/es\/wp-json\/wp\/v2\/types\/product"}],"replies":[{"embeddable":true,"href":"https:\/\/fumotpuff.com\/es\/wp-json\/wp\/v2\/comments?post=353"}],"wp:featuredmedia":[{"embeddable":true,"href":"https:\/\/fumotpuff.com\/es\/wp-json\/wp\/v2\/media\/354"}],"wp:attachment":[{"href":"https:\/\/fumotpuff.com\/es\/wp-json\/wp\/v2\/media?parent=353"}],"wp:term":[{"taxonomy":"product_brand","embeddable":true,"href":"https:\/\/fumotpuff.com\/es\/wp-json\/wp\/v2\/product_brand?post=353"},{"taxonomy":"product_cat","embeddable":true,"href":"https:\/\/fumotpuff.com\/es\/wp-json\/wp\/v2\/product_cat?post=353"},{"taxonomy":"product_tag","embeddable":true,"href":"https:\/\/fumotpuff.com\/es\/wp-json\/wp\/v2\/product_tag?post=353"}],"curies":[{"name":"wp","href":"https:\/\/api.w.org\/{rel}","templated":true}]}}