{"id":3441,"date":"2025-10-21T05:51:09","date_gmt":"2025-10-21T03:51:09","guid":{"rendered":"https:\/\/fumotpuff.com\/?post_type=product&#038;p=3441"},"modified":"2025-10-21T05:51:09","modified_gmt":"2025-10-21T03:51:09","slug":"bang-legend-110k-mixed-berries-passion-fruit-mango-love66","status":"publish","type":"product","link":"https:\/\/fumotpuff.com\/es\/producto\/bang-legend-110k-mixed-berries-passion-fruit-mango-love66\/","title":{"rendered":"Bang Legend 110K Mezcla de bayas\/fruta de la pasi\u00f3n mango\/amor66"},"content":{"rendered":"<h2 class=\"text-xl font-bold text-text-100 mt-1 -mb-0.5\">Bang Legend 110K Mixed Berries\/Passion Fruit Mango\/Love66 Vape desechable<\/h2>\n<p class=\"whitespace-normal break-words\">El Bang Legend 110K con Mixed Berries, Passion Fruit Mango y Love66 combina tres sabores fascinantes en un solo dispositivo. Con hasta 110.000 caladas, podr\u00e1s experimentar una intensa variedad de bayas, la armon\u00eda tropical de la fruta de la pasi\u00f3n y el mango y la misteriosa composici\u00f3n de Love66, que podr\u00e1s cambiar en cualquier momento para adaptarla a tu estado de \u00e1nimo.<\/p>\n<p class=\"whitespace-normal break-words\"><strong>La variedad de bayas se une al exotismo tropical<\/strong><\/p>\n<p class=\"whitespace-normal break-words\">Este vape Bang Legend 110000 puffs atrae a los vapers exigentes que aprecian la variedad. Mixed Berries trae una sinfon\u00eda de diferentes bayas, Passion Fruit Mango te lleva a mundos tropicales, mientras que Love66 sorprende con su composici\u00f3n de sabor \u00fanica. Gracias a la revolucionaria tecnolog\u00eda 3 en 1, t\u00fa decides qu\u00e9 sabor te acompa\u00f1a en cada momento.<\/p>\n<p class=\"whitespace-normal break-words\">La bater\u00eda de larga duraci\u00f3n de 600 mAh con carga r\u00e1pida Type-C garantiza un rendimiento constante sin largos tiempos de espera. La tecnolog\u00eda de bobina de malla 1.0\u03a9 de alta calidad garantiza un vapor voluminoso con un desarrollo preciso del sabor y una circulaci\u00f3n de aire \u00f3ptima.<\/p>\n<p class=\"whitespace-normal break-words\">La generosa capacidad de l\u00edquido de 20 ml combinada con las concentraciones flexibles de nicotina (0%, 2%, 3%, 5%) permite disfrutar del vapor de forma personalizada durante un largo periodo de tiempo.<\/p>\n<p class=\"whitespace-normal break-words\"><strong>Especificaciones t\u00e9cnicas:<\/strong><\/p>\n<p class=\"whitespace-normal break-words\"><strong>N\u00famero total de trenes:<\/strong> 110.000<br \/>\n<strong>Bater\u00eda:<\/strong> 600mAh recargable Tipo-C<br \/>\n<strong>Volumen de e-l\u00edquido:<\/strong> 20 ml<br \/>\n<strong>Sistema de bobina:<\/strong> Bobina de malla de 1,0\u03a9<br \/>\n<strong>Potencias de nicotina:<\/strong> 0%, 2%, 3%, 5%<br \/>\n<strong>Sistema de sabor:<\/strong> Sabores intercambiables 3 en 1<br \/>\n<strong>Tipo de activaci\u00f3n:<\/strong> Activado por dibujo<br \/>\n<strong>Tiempo de carga r\u00e1pida:<\/strong> 40 minutos<\/p>\n<h3 class=\"text-lg font-bold text-text-100 mt-1 -mb-1.5\">Descubre m\u00e1s BANG VAPE en fumotpuff<\/h3>\n<p class=\"whitespace-normal break-words\">Descubrir en <strong><a class=\"underline\" href=\"https:\/\/fumotpuff.com\/es\/\">Fumot Puff<\/a><\/strong> las \u00faltimas tendencias en vapeo y benef\u00edciese de una entrega r\u00e1pida. Nuestra amplia <strong><a class=\"underline\" href=\"https:\/\/fumotpuff.com\/es\/product-category\/bang-vape\/\">Gama de productos BANG VAPE<\/a><\/strong> establece nuevos est\u00e1ndares de calidad e innovaci\u00f3n. Explore todas las opciones disponibles en el <strong><a class=\"underline\" href=\"https:\/\/fumotpuff.com\/es\/product-category\/bang-vape\/bang-legend-110k\/\">Bang Legend 110k sabor mundo<\/a><\/strong> y encuentre su combinaci\u00f3n de sabores perfecta<\/p>","protected":false},"excerpt":{"rendered":"<p class=\"whitespace-normal break-words\">El Bang Legend 110K Mixed Berries\/Passion Fruit Mango\/Love66 ofrece 110.000 caladas con tres sabores fascinantes. Con 20ml de e-l\u00edquido, bater\u00eda recargable de 600mAh y bobina de malla de 1,0\u03a9 para experiencias de sabor intenso. Seleccionable de forma flexible en nicotina 0-5%. Carga r\u00e1pida tipo C en 40 minutos.<\/p>","protected":false},"featured_media":3443,"comment_status":"open","ping_status":"closed","template":"","meta":{"_acf_changed":false},"product_brand":[],"product_cat":[37],"product_tag":[],"class_list":{"0":"post-3441","1":"product","2":"type-product","3":"status-publish","4":"has-post-thumbnail","6":"product_cat-bang-legend-110k","8":"first","9":"instock","10":"shipping-taxable","11":"purchasable","12":"product-type-variable"},"acf":[],"_links":{"self":[{"href":"https:\/\/fumotpuff.com\/es\/wp-json\/wp\/v2\/product\/3441","targetHints":{"allow":["GET"]}}],"collection":[{"href":"https:\/\/fumotpuff.com\/es\/wp-json\/wp\/v2\/product"}],"about":[{"href":"https:\/\/fumotpuff.com\/es\/wp-json\/wp\/v2\/types\/product"}],"replies":[{"embeddable":true,"href":"https:\/\/fumotpuff.com\/es\/wp-json\/wp\/v2\/comments?post=3441"}],"wp:featuredmedia":[{"embeddable":true,"href":"https:\/\/fumotpuff.com\/es\/wp-json\/wp\/v2\/media\/3443"}],"wp:attachment":[{"href":"https:\/\/fumotpuff.com\/es\/wp-json\/wp\/v2\/media?parent=3441"}],"wp:term":[{"taxonomy":"product_brand","embeddable":true,"href":"https:\/\/fumotpuff.com\/es\/wp-json\/wp\/v2\/product_brand?post=3441"},{"taxonomy":"product_cat","embeddable":true,"href":"https:\/\/fumotpuff.com\/es\/wp-json\/wp\/v2\/product_cat?post=3441"},{"taxonomy":"product_tag","embeddable":true,"href":"https:\/\/fumotpuff.com\/es\/wp-json\/wp\/v2\/product_tag?post=3441"}],"curies":[{"name":"wp","href":"https:\/\/api.w.org\/{rel}","templated":true}]}}