{"id":3427,"date":"2025-10-21T05:45:44","date_gmt":"2025-10-21T03:45:44","guid":{"rendered":"https:\/\/fumotpuff.com\/?post_type=product&#038;p=3427"},"modified":"2025-10-21T05:45:58","modified_gmt":"2025-10-21T03:45:58","slug":"bang-legend-110k-peach-mango-watermelon-cherry-cola-passionfruit-kiwi-lime","status":"publish","type":"product","link":"https:\/\/fumotpuff.com\/es\/producto\/bang-legend-110k-peach-mango-watermelon-cherry-cola-passionfruit-kiwi-lime\/","title":{"rendered":"Bang Legend 110K Melocot\u00f3n Mango Sand\u00eda\/Cereza Cola\/Pasiflora Kiwi Lima"},"content":{"rendered":"<h2 class=\"text-xl font-bold text-text-100 mt-1 -mb-0.5\">Bang Legend 110K Melocot\u00f3n Mango Sand\u00eda\/Cereza Cola\/Pasiflora Kiwi Lima Vape desechable<\/h2>\n<p class=\"whitespace-normal break-words\">El Bang Legend 110K con Melocot\u00f3n Mango Sand\u00eda, Cereza Cola y Maracuy\u00e1 Kiwi Lima ofrece tres sabores extraordinarios en un sistema de vapeo compacto. Disfruta de hasta 110.000 caladas y cambia entre una combinaci\u00f3n tropical de triple fruta, el nost\u00e1lgico sabor a cereza cola y la ex\u00f3tica mezcla de fruta de la pasi\u00f3n y c\u00edtricos.<\/p>\n<p class=\"whitespace-normal break-words\"><strong>De lo tropical a lo nost\u00e1lgico<\/strong><\/p>\n<p class=\"whitespace-normal break-words\">Este e-cigarrillo Bang Legend 110000 puffs sirve una amplia variedad de sabores. Melocot\u00f3n Mango Sand\u00eda combina tres frutas de verano, Cereza Cola evoca recuerdos de refrescos cl\u00e1sicos, mientras que Maracuy\u00e1 Kiwi Lima sorprende por su ex\u00f3tica complejidad. Cada uno de los tres sabores puede activarse por separado y ofrece una experiencia de vapeo \u00fanica.<\/p>\n<p class=\"whitespace-normal break-words\">La potente bater\u00eda de 600 mAh con carga r\u00e1pida Type-C te mantiene continuamente abastecido. La moderna tecnolog\u00eda de bobina de malla de 1.0\u03a9 produce un vapor voluminoso y arom\u00e1tico con una excelente fidelidad de sabor.<\/p>\n<p class=\"whitespace-normal break-words\">La capacidad de 20 ml de e-l\u00edquido en combinaci\u00f3n con las concentraciones de nicotina personalizables (0%, 2%, 3%, 5%) garantiza un disfrute duradero e individualizado.<\/p>\n<p class=\"whitespace-normal break-words\"><strong>Caracter\u00edsticas t\u00e9cnicas:<\/strong><\/p>\n<p class=\"whitespace-normal break-words\"><strong>Total de trenes:<\/strong> 110.000<br \/>\n<strong>Capacidad de la bater\u00eda:<\/strong> 600mAh recargable Tipo-C<br \/>\n<strong>Volumen del dep\u00f3sito:<\/strong> 20 ml<br \/>\n<strong>Tipo de bobina:<\/strong> Bobina de malla de 1,0\u03a9<br \/>\n<strong>Opciones de nicotina:<\/strong> 0%, 2%, 3%, 5%<br \/>\n<strong>Flavour-Switch:<\/strong> Sistema 3 en 1<br \/>\n<strong>Activaci\u00f3n:<\/strong> Autom\u00e1tico por tren<br \/>\n<strong>Tiempo de carga:<\/strong> 40 minutos<\/p>\n<h3 class=\"text-lg font-bold text-text-100 mt-1 -mb-1.5\">Descubre m\u00e1s BANG VAPE en fumotpuff<\/h3>\n<p class=\"whitespace-normal break-words\">Comprar en <strong><a class=\"underline\" href=\"https:\/\/fumotpuff.com\/es\/\">Fumot Puff<\/a><\/strong> y benef\u00edciese de una calidad y satisfacci\u00f3n del cliente demostradas. Descubra la completa <strong><a class=\"underline\" href=\"https:\/\/fumotpuff.com\/es\/product-category\/bang-vape\/\">Serie BANG VAPE<\/a><\/strong> con caracter\u00edsticas revolucionarias. Todos los sabores del <strong><a class=\"underline\" href=\"https:\/\/fumotpuff.com\/es\/product-category\/bang-vape\/bang-legend-110k\/\">L\u00ednea Bang Legend 110k<\/a><\/strong> en nuestra tienda.<\/p>","protected":false},"excerpt":{"rendered":"<p class=\"whitespace-normal break-words\">El Bang Legend 110K Melocot\u00f3n Mango Sand\u00eda\/Cereza Cola\/Pasiflora Kiwi Lima ofrece 110.000 caladas con tres sabores extraordinarios. Con 20ml de e-l\u00edquido, bater\u00eda recargable de 600mAh y bobina de malla de 1,0\u03a9. Seleccionable de forma flexible en nicotina 0-5%. Carga r\u00e1pida tipo C en 40 minutos.<\/p>","protected":false},"featured_media":3429,"comment_status":"open","ping_status":"closed","template":"","meta":{"_acf_changed":false},"product_brand":[],"product_cat":[37],"product_tag":[],"class_list":{"0":"post-3427","1":"product","2":"type-product","3":"status-publish","4":"has-post-thumbnail","6":"product_cat-bang-legend-110k","8":"first","9":"instock","10":"shipping-taxable","11":"purchasable","12":"product-type-variable"},"acf":[],"_links":{"self":[{"href":"https:\/\/fumotpuff.com\/es\/wp-json\/wp\/v2\/product\/3427","targetHints":{"allow":["GET"]}}],"collection":[{"href":"https:\/\/fumotpuff.com\/es\/wp-json\/wp\/v2\/product"}],"about":[{"href":"https:\/\/fumotpuff.com\/es\/wp-json\/wp\/v2\/types\/product"}],"replies":[{"embeddable":true,"href":"https:\/\/fumotpuff.com\/es\/wp-json\/wp\/v2\/comments?post=3427"}],"wp:featuredmedia":[{"embeddable":true,"href":"https:\/\/fumotpuff.com\/es\/wp-json\/wp\/v2\/media\/3429"}],"wp:attachment":[{"href":"https:\/\/fumotpuff.com\/es\/wp-json\/wp\/v2\/media?parent=3427"}],"wp:term":[{"taxonomy":"product_brand","embeddable":true,"href":"https:\/\/fumotpuff.com\/es\/wp-json\/wp\/v2\/product_brand?post=3427"},{"taxonomy":"product_cat","embeddable":true,"href":"https:\/\/fumotpuff.com\/es\/wp-json\/wp\/v2\/product_cat?post=3427"},{"taxonomy":"product_tag","embeddable":true,"href":"https:\/\/fumotpuff.com\/es\/wp-json\/wp\/v2\/product_tag?post=3427"}],"curies":[{"name":"wp","href":"https:\/\/api.w.org\/{rel}","templated":true}]}}