{"id":3420,"date":"2025-10-21T05:43:05","date_gmt":"2025-10-21T03:43:05","guid":{"rendered":"https:\/\/fumotpuff.com\/?post_type=product&#038;p=3420"},"modified":"2025-10-21T05:43:19","modified_gmt":"2025-10-21T03:43:19","slug":"bang-legend-110k-strawberry-banana-peach-ice-watermelon-sour-peach","status":"publish","type":"product","link":"https:\/\/fumotpuff.com\/es\/producto\/bang-legend-110k-strawberry-banana-peach-ice-watermelon-sour-peach\/","title":{"rendered":"Bang Legend 110K Fresa Pl\u00e1tano\/Melocot\u00f3n Hielo\/Sand\u00eda Melocot\u00f3n \u00c1cido"},"content":{"rendered":"<h2 class=\"text-xl font-bold text-text-100 mt-1 -mb-0.5\">Bang Legend 110K Strawberry Banana\/Peach Ice\/Watermelon Sour Peach vape desechable<\/h2>\n<p class=\"whitespace-normal break-words\">Descubra el Bang Legend 110K con fresa-pl\u00e1tano, melocot\u00f3n helado y sand\u00eda-melocot\u00f3n \u00e1cido: tres perfiles de sabor independientes en un potente dispositivo. Con hasta 110.000 caladas, podr\u00e1s disfrutar de la cremosa armon\u00eda fresa-pl\u00e1tano, la frescura helada del melocot\u00f3n y la excitante combinaci\u00f3n del mel\u00f3n con el melocot\u00f3n \u00e1cido.<\/p>\n<p class=\"whitespace-normal break-words\"><strong>Cremoso, helado y sorprendentemente \u00e1cido<\/strong><\/p>\n<p class=\"whitespace-normal break-words\">El vapeador Bang Legend 110000 puffs ofrece una notable variedad con estos tres sabores. Strawberry Banana impresiona con su aterciopelado sabor afrutado, Peach Ice ofrece un refrescante frescor de fruta con hueso, mientras que Watermelon Sour Peach sorprende con su nota \u00e1cida. Gracias al cambio flexible de sabores, puedes adaptar tu experiencia de vapeo a tus preferencias en cualquier momento.<\/p>\n<p class=\"whitespace-normal break-words\">La eficiente bater\u00eda de 600 mAh con tecnolog\u00eda de carga Type-C minimiza los tiempos de espera. La bobina de malla de 1,0 \u03a9 de alta calidad garantiza un vapor excelente y constante con un desarrollo preciso del sabor.<\/p>\n<p class=\"whitespace-normal break-words\">Con un volumen de dep\u00f3sito de 20 ml y niveles de nicotina seleccionables individualmente (0%, 2%, 3%, 5%), obtendr\u00e1 la m\u00e1xima libertad para su placer de vapear.<\/p>\n<p class=\"whitespace-normal break-words\"><strong>Especificaciones de un vistazo:<\/strong><\/p>\n<p class=\"whitespace-normal break-words\"><strong>Capacidad de soplado:<\/strong> 110.000<br \/>\n<strong>Tipo de bater\u00eda:<\/strong> 600mAh recargable Tipo-C<br \/>\n<strong>Contenido l\u00edquido:<\/strong> 20 ml<br \/>\n<strong>Tecnolog\u00eda de bobinas:<\/strong> Bobina de malla de 1,0\u03a9<br \/>\n<strong>Variantes de nicotina:<\/strong> 0%, 2%, 3%, 5%<br \/>\n<strong>Caracter\u00edsticas de sabor:<\/strong> Conmutaci\u00f3n 3 en 1<br \/>\n<strong>Activaci\u00f3n:<\/strong> Dibujar-Activar<br \/>\n<strong>Tiempo de carga:<\/strong> 40 minutos<\/p>\n<h3 class=\"text-lg font-bold text-text-100 mt-1 -mb-1.5\">Descubre m\u00e1s BANG VAPE en fumotpuff<\/h3>\n<p class=\"whitespace-normal break-words\">Con <strong><a class=\"underline\" href=\"https:\/\/fumotpuff.com\/es\/\">Fumot Puff<\/a><\/strong> puede contar con un asesoramiento profesional y una entrega r\u00e1pida. Eche un vistazo a la innovadora <strong><a class=\"underline\" href=\"https:\/\/fumotpuff.com\/es\/product-category\/bang-vape\/\">Gama BANG VAPE<\/a><\/strong> con productos pioneros. El completo <strong><a class=\"underline\" href=\"https:\/\/fumotpuff.com\/es\/product-category\/bang-vape\/bang-legend-110k\/\">Paleta Bang Legend 110k<\/a><\/strong> le tiene reservadas numerosas combinaciones de sabores.<\/p>","protected":false},"excerpt":{"rendered":"<p class=\"whitespace-normal break-words\">El Bang Legend 110K Strawberry Banana\/Peach Ice\/Watermelon Sour Peach ofrece 110.000 caladas con tres sabores variados. Con 20ml de e-l\u00edquido, bater\u00eda recargable de 600mAh y bobina de malla de 1,0\u03a9 para experiencias de sabor intenso. Seleccionable de forma flexible en nicotina 0-5%. Carga r\u00e1pida tipo C en 40 minutos.<\/p>","protected":false},"featured_media":3422,"comment_status":"open","ping_status":"closed","template":"","meta":{"_acf_changed":false},"product_brand":[],"product_cat":[37],"product_tag":[],"class_list":{"0":"post-3420","1":"product","2":"type-product","3":"status-publish","4":"has-post-thumbnail","6":"product_cat-bang-legend-110k","8":"first","9":"instock","10":"shipping-taxable","11":"purchasable","12":"product-type-variable"},"acf":[],"_links":{"self":[{"href":"https:\/\/fumotpuff.com\/es\/wp-json\/wp\/v2\/product\/3420","targetHints":{"allow":["GET"]}}],"collection":[{"href":"https:\/\/fumotpuff.com\/es\/wp-json\/wp\/v2\/product"}],"about":[{"href":"https:\/\/fumotpuff.com\/es\/wp-json\/wp\/v2\/types\/product"}],"replies":[{"embeddable":true,"href":"https:\/\/fumotpuff.com\/es\/wp-json\/wp\/v2\/comments?post=3420"}],"wp:featuredmedia":[{"embeddable":true,"href":"https:\/\/fumotpuff.com\/es\/wp-json\/wp\/v2\/media\/3422"}],"wp:attachment":[{"href":"https:\/\/fumotpuff.com\/es\/wp-json\/wp\/v2\/media?parent=3420"}],"wp:term":[{"taxonomy":"product_brand","embeddable":true,"href":"https:\/\/fumotpuff.com\/es\/wp-json\/wp\/v2\/product_brand?post=3420"},{"taxonomy":"product_cat","embeddable":true,"href":"https:\/\/fumotpuff.com\/es\/wp-json\/wp\/v2\/product_cat?post=3420"},{"taxonomy":"product_tag","embeddable":true,"href":"https:\/\/fumotpuff.com\/es\/wp-json\/wp\/v2\/product_tag?post=3420"}],"curies":[{"name":"wp","href":"https:\/\/api.w.org\/{rel}","templated":true}]}}