{"id":3413,"date":"2025-10-21T05:40:36","date_gmt":"2025-10-21T03:40:36","guid":{"rendered":"https:\/\/fumotpuff.com\/?post_type=product&#038;p=3413"},"modified":"2025-10-21T05:40:36","modified_gmt":"2025-10-21T03:40:36","slug":"bang-legend-110k-strawberry-watermelon-grapes-blackberry-lime-romance","status":"publish","type":"product","link":"https:\/\/fumotpuff.com\/es\/producto\/bang-legend-110k-strawberry-watermelon-grapes-blackberry-lime-romance\/","title":{"rendered":"Bang Legend 110K Sand\u00eda fresa\/uvas Zarzamora\/lima Romance"},"content":{"rendered":"<h2 class=\"text-xl font-bold text-text-100 mt-1 -mb-0.5\">Bang Legend 110K Vape Desechable Sand\u00eda Fresa\/Grape Zarzamora\/Lima Romance<\/h2>\n<p class=\"whitespace-normal break-words\">El Bang Legend 110K presenta fresa-sand\u00eda, uva-mora y lima rom\u00e1ntica como tres sabores diferentes en un solo dispositivo. Experimente hasta 110.000 caladas con la dulzura veraniega de la fresa-mel\u00f3n, la intensidad oscura de la uva-mora y la composici\u00f3n rom\u00e1ntica de la lima, que puede cambiar libremente seg\u00fan su gusto.<\/p>\n<p class=\"whitespace-normal break-words\"><strong>Frutas de verano y bayas oscuras<\/strong><\/p>\n<p class=\"whitespace-normal break-words\">Este Vape Desechable Bang Legend 110000 caladas combina sabores de frutas claras y oscuras con elegancia c\u00edtrica. La fresa sand\u00eda irradia ligereza veraniega, la uva mora impresiona con su profunda complejidad de bayas, mientras que la lima rom\u00e1ntica combina la frescura \u00e1cida con una nota rom\u00e1ntica. La funci\u00f3n inteligente 3 en 1 le ofrece un control total sobre su experiencia de sabor.<\/p>\n<p class=\"whitespace-normal break-words\">Con una fiable bater\u00eda de 600 mAh y puerto de carga r\u00e1pida Type-C, siempre estar\u00e1 listo para la acci\u00f3n. La bobina de malla de 1,0\u03a9 produce un vapor denso y sabroso con un flujo de aire optimizado.<\/p>\n<p class=\"whitespace-normal break-words\">El generoso suministro de l\u00edquido de 20 ml y los niveles variables de nicotina (0%, 2%, 3%, 5%) permiten un placer de vapeo personalizado durante un largo periodo de tiempo.<\/p>\n<p class=\"whitespace-normal break-words\"><strong>Informaci\u00f3n t\u00e9cnica:<\/strong><\/p>\n<p class=\"whitespace-normal break-words\"><strong>Volumen de tracci\u00f3n:<\/strong> 110.000<br \/>\n<strong>Bater\u00eda:<\/strong> 600mAh recargable Tipo-C<br \/>\n<strong>E-l\u00edquido:<\/strong> 20 ml<br \/>\n<strong>Vaporizador:<\/strong> Bobina de malla de 1,0\u03a9<br \/>\n<strong>Potencia de nicotina:<\/strong> 0%, 2%, 3%, 5%<br \/>\n<strong>Sistema de sabor:<\/strong> 3 en 1 conmutable<br \/>\n<strong>Modo de funcionamiento:<\/strong> Activaci\u00f3n autom\u00e1tica del tren<br \/>\n<strong>Tiempo de carga:<\/strong> 40 minutos<\/p>\n<h3 class=\"text-lg font-bold text-text-100 mt-1 -mb-1.5\">Descubre m\u00e1s BANG VAPE en fumotpuff<\/h3>\n<p class=\"whitespace-normal break-words\">Pedir a <strong><a class=\"underline\" href=\"https:\/\/fumotpuff.com\/es\/\">Fumot Puff<\/a><\/strong> y experimente un servicio y una calidad de producto de primera clase. Todo el <strong><a class=\"underline\" href=\"https:\/\/fumotpuff.com\/es\/product-category\/bang-vape\/\">L\u00ednea de productos BANG VAPE<\/a><\/strong> est\u00e1 a su disposici\u00f3n. Explore la diversidad <strong><a class=\"underline\" href=\"https:\/\/fumotpuff.com\/es\/product-category\/bang-vape\/bang-legend-110k\/\">Selecci\u00f3n Bang Legend 110k<\/a><\/strong> y encuentre su combinaci\u00f3n ideal.<\/p>","protected":false},"excerpt":{"rendered":"<p class=\"whitespace-normal break-words\">El Bang Legend 110K Strawberry Watermelon\/Grapes Blackberry\/Lime Romance ofrece 110.000 caladas con tres sabores vers\u00e1tiles. Con 20ml de e-l\u00edquido, bater\u00eda recargable de 600mAh y bobina de malla de 1,0\u03a9 para experiencias de sabor intenso. Seleccionable de forma flexible en nicotina 0-5%. Carga r\u00e1pida tipo C en 40 minutos.<\/p>","protected":false},"featured_media":3415,"comment_status":"open","ping_status":"closed","template":"","meta":{"_acf_changed":false},"product_brand":[],"product_cat":[37],"product_tag":[],"class_list":{"0":"post-3413","1":"product","2":"type-product","3":"status-publish","4":"has-post-thumbnail","6":"product_cat-bang-legend-110k","8":"first","9":"instock","10":"shipping-taxable","11":"purchasable","12":"product-type-variable"},"acf":[],"_links":{"self":[{"href":"https:\/\/fumotpuff.com\/es\/wp-json\/wp\/v2\/product\/3413","targetHints":{"allow":["GET"]}}],"collection":[{"href":"https:\/\/fumotpuff.com\/es\/wp-json\/wp\/v2\/product"}],"about":[{"href":"https:\/\/fumotpuff.com\/es\/wp-json\/wp\/v2\/types\/product"}],"replies":[{"embeddable":true,"href":"https:\/\/fumotpuff.com\/es\/wp-json\/wp\/v2\/comments?post=3413"}],"wp:featuredmedia":[{"embeddable":true,"href":"https:\/\/fumotpuff.com\/es\/wp-json\/wp\/v2\/media\/3415"}],"wp:attachment":[{"href":"https:\/\/fumotpuff.com\/es\/wp-json\/wp\/v2\/media?parent=3413"}],"wp:term":[{"taxonomy":"product_brand","embeddable":true,"href":"https:\/\/fumotpuff.com\/es\/wp-json\/wp\/v2\/product_brand?post=3413"},{"taxonomy":"product_cat","embeddable":true,"href":"https:\/\/fumotpuff.com\/es\/wp-json\/wp\/v2\/product_cat?post=3413"},{"taxonomy":"product_tag","embeddable":true,"href":"https:\/\/fumotpuff.com\/es\/wp-json\/wp\/v2\/product_tag?post=3413"}],"curies":[{"name":"wp","href":"https:\/\/api.w.org\/{rel}","templated":true}]}}