{"id":3406,"date":"2025-10-21T05:37:37","date_gmt":"2025-10-21T03:37:37","guid":{"rendered":"https:\/\/fumotpuff.com\/?post_type=product&#038;p=3406"},"modified":"2025-10-21T05:37:56","modified_gmt":"2025-10-21T03:37:56","slug":"bang-legend-110k-blueberry-watermelon-grape-ice-fuji-ice","status":"publish","type":"product","link":"https:\/\/fumotpuff.com\/es\/producto\/bang-legend-110k-blueberry-watermelon-grape-ice-fuji-ice\/","title":{"rendered":"Bang Legend 110K Sand\u00eda con ar\u00e1ndanos\/Hielo de uva\/Hielo fuji"},"content":{"rendered":"<h2 class=\"text-xl font-bold text-text-100 mt-1 -mb-0.5\">Vapeador desechable Bang Legend 110K Blueberry Watermelon\/Grape Ice\/Fuji Ice<\/h2>\n<p class=\"whitespace-normal break-words\">Con el Bang Legend 110K en las variantes Blueberry Watermelon, Grape Ice y Fuji Ice, obtendr\u00e1 tres refrescantes opciones de sabor en un dispositivo de larga duraci\u00f3n. Hasta 110.000 caladas te permiten alternar entre la afrutada armon\u00eda de ar\u00e1ndanos y mel\u00f3n, la uva helada y la frescura crujiente de las manzanas Fuji con efecto refrescante.<\/p>\n<p class=\"whitespace-normal break-words\"><strong>Refresco en todas sus facetas<\/strong><\/p>\n<p class=\"whitespace-normal break-words\">Este cigarrillo electr\u00f3nico Bang Legend 110000 caladas atrae a los amigos de los sabores frescos y afrutados. Blueberry Watermelon combina bayas con la dulzura del mel\u00f3n, Grape Ice ofrece un intenso frescor a uva, mientras que Fuji Ice combina la esencia de manzanas perfectas con notas de hielo. Cada sabor est\u00e1 disponible de forma independiente y puede activarse a voluntad.<\/p>\n<p class=\"whitespace-normal break-words\">La potente bater\u00eda de 600 mAh con carga r\u00e1pida Type-C garantiza un rendimiento constante. La avanzada tecnolog\u00eda de bobina de malla de 1.0\u03a9 produce un vapor voluminoso con un sabor aut\u00e9ntico y una extracci\u00f3n perfecta.<\/p>\n<p class=\"whitespace-normal break-words\">La capacidad de 20 ml de l\u00edquido, combinada con las potencias de nicotina seleccionables (0%, 2%, 3%, 5%), garantiza un placer personalizable y duradero.<\/p>\n<p class=\"whitespace-normal break-words\"><strong>Datos del producto:<\/strong><\/p>\n<p class=\"whitespace-normal break-words\"><strong>Recuento de puff:<\/strong> 110.000<br \/>\n<strong>Rendimiento de la bater\u00eda:<\/strong> 600mAh recargable Tipo-C<br \/>\n<strong>Capacidad del dep\u00f3sito:<\/strong> 20 ml<br \/>\n<strong>Bobina de calefacci\u00f3n:<\/strong> Bobina de malla de 1,0\u03a9<br \/>\n<strong>Selecci\u00f3n de nicotina:<\/strong> 0%, 2%, 3%, 5%<br \/>\n<strong>Cambio de sabor:<\/strong> Tecnolog\u00eda 3 en 1<br \/>\n<strong>Activaci\u00f3n:<\/strong> Control autom\u00e1tico de trenes<br \/>\n<strong>Tiempo de carga:<\/strong> 40 minutos<\/p>\n<h3 class=\"text-lg font-bold text-text-100 mt-1 -mb-1.5\">Descubre m\u00e1s BANG VAPE en fumotpuff<\/h3>\n<p class=\"whitespace-normal break-words\">Bienvenido a <strong><a class=\"underline\" href=\"https:\/\/fumotpuff.com\/es\/\">Fumot Puff<\/a><\/strong> - Su primera direcci\u00f3n para vapes desechables de alta calidad. El completo <strong><a class=\"underline\" href=\"https:\/\/fumotpuff.com\/es\/product-category\/bang-vape\/\">Colecci\u00f3n BANG VAPE<\/a><\/strong> ofrece soluciones innovadoras para los vapeadores m\u00e1s exigentes. Descubra todas las opciones del <strong><a class=\"underline\" href=\"https:\/\/fumotpuff.com\/es\/product-category\/bang-vape\/bang-legend-110k\/\">Gama de sabores Bang Legend 110k<\/a><\/strong> en nuestra gama.<\/p>","protected":false},"excerpt":{"rendered":"<p class=\"whitespace-normal break-words\">El Bang Legend 110K Blueberry Watermelon\/Grape Ice\/Fuji Ice ofrece 110.000 caladas con tres sabores refrescantes. Con 20ml de e-l\u00edquido, bater\u00eda recargable de 600mAh y bobina de malla de 1,0\u03a9 para un intenso frescor y sabor afrutado. Seleccionable de forma flexible en nicotina 0-5%. Carga r\u00e1pida tipo C en 40 minutos.<\/p>","protected":false},"featured_media":3408,"comment_status":"open","ping_status":"closed","template":"","meta":{"_acf_changed":false},"product_brand":[],"product_cat":[37],"product_tag":[],"class_list":{"0":"post-3406","1":"product","2":"type-product","3":"status-publish","4":"has-post-thumbnail","6":"product_cat-bang-legend-110k","8":"first","9":"instock","10":"shipping-taxable","11":"purchasable","12":"product-type-variable"},"acf":[],"_links":{"self":[{"href":"https:\/\/fumotpuff.com\/es\/wp-json\/wp\/v2\/product\/3406","targetHints":{"allow":["GET"]}}],"collection":[{"href":"https:\/\/fumotpuff.com\/es\/wp-json\/wp\/v2\/product"}],"about":[{"href":"https:\/\/fumotpuff.com\/es\/wp-json\/wp\/v2\/types\/product"}],"replies":[{"embeddable":true,"href":"https:\/\/fumotpuff.com\/es\/wp-json\/wp\/v2\/comments?post=3406"}],"wp:featuredmedia":[{"embeddable":true,"href":"https:\/\/fumotpuff.com\/es\/wp-json\/wp\/v2\/media\/3408"}],"wp:attachment":[{"href":"https:\/\/fumotpuff.com\/es\/wp-json\/wp\/v2\/media?parent=3406"}],"wp:term":[{"taxonomy":"product_brand","embeddable":true,"href":"https:\/\/fumotpuff.com\/es\/wp-json\/wp\/v2\/product_brand?post=3406"},{"taxonomy":"product_cat","embeddable":true,"href":"https:\/\/fumotpuff.com\/es\/wp-json\/wp\/v2\/product_cat?post=3406"},{"taxonomy":"product_tag","embeddable":true,"href":"https:\/\/fumotpuff.com\/es\/wp-json\/wp\/v2\/product_tag?post=3406"}],"curies":[{"name":"wp","href":"https:\/\/api.w.org\/{rel}","templated":true}]}}