{"id":3399,"date":"2025-10-21T05:35:11","date_gmt":"2025-10-21T03:35:11","guid":{"rendered":"https:\/\/fumotpuff.com\/?post_type=product&#038;p=3399"},"modified":"2025-10-21T05:35:12","modified_gmt":"2025-10-21T03:35:12","slug":"bang-legend-110k-strawberry-kiwi-black-dragon-ice-lemon-lime","status":"publish","type":"product","link":"https:\/\/fumotpuff.com\/es\/producto\/bang-legend-110k-strawberry-kiwi-black-dragon-ice-lemon-lime\/","title":{"rendered":"Bang Legend 110K Fresa Kiwi\/Drag\u00f3n Negro Hielo\/Lima Lim\u00f3n"},"content":{"rendered":"<h2 class=\"text-xl font-bold text-text-100 mt-1 -mb-0.5\">Bang Legend 110K Strawberry Kiwi\/Black Dragon Ice\/Lemon Lime vape desechable<\/h2>\n<p class=\"whitespace-normal break-words\">El Bang Legend 110K con Strawberry Kiwi, Black Dragon Ice y Lemon Lime combina tres mundos de sabores contrastados en un solo dispositivo. Disfruta de hasta 110.000 caladas con una combinaci\u00f3n tropical y afrutada de fresa y kiwi, un sabor m\u00edstico y picante de Black Dragon Ice y un frescor \u00e1cido de c\u00edtricos y lima, que puedes cambiar en cualquier momento seg\u00fan tus deseos.<\/p>\n<p class=\"whitespace-normal break-words\"><strong>Contrastes que inspiran<\/strong><\/p>\n<p class=\"whitespace-normal break-words\">Este vape Bang Legend 110000 puffs sirve para una amplia variedad de estados de \u00e1nimo y momentos. Strawberry Kiwi impresiona con su armonioso sabor afrutado, Black Dragon Ice fascina con su intenso frescor y misteriosa profundidad, mientras que Lemon Lime ofrece pura frescura c\u00edtrica. La tecnolog\u00eda 3 en 1 permite cambiar espont\u00e1neamente entre estos tres potentes sabores.<\/p>\n<p class=\"whitespace-normal break-words\">La bater\u00eda de larga duraci\u00f3n de 600 mAh con est\u00e1ndar de carga Type-C garantiza un r\u00e1pido suministro de energ\u00eda. La precisa construcci\u00f3n de la bobina de malla de 1,0 \u03a9 produce vapor de alta calidad con un desarrollo \u00f3ptimo del sabor.<\/p>\n<p class=\"whitespace-normal break-words\">Con un dep\u00f3sito de e-l\u00edquido de 20 ml y concentraciones de nicotina flexibles (0%, 2%, 3%, 5%), puede experimentar un placer de vapeo personalizado durante un largo periodo de tiempo.<\/p>\n<p class=\"whitespace-normal break-words\"><strong>Caracter\u00edsticas del equipamiento:<\/strong><\/p>\n<p class=\"whitespace-normal break-words\"><strong>Total de trenes:<\/strong> 110.000<br \/>\n<strong>Tipo de bater\u00eda:<\/strong> 600mAh recargable Tipo-C<br \/>\n<strong>Cantidad de relleno:<\/strong> 20 ml<br \/>\n<strong>Sistema de bobina:<\/strong> Bobina de malla de 1,0\u03a9<br \/>\n<strong>Potencias de nicotina:<\/strong> 0%, 2%, 3%, 5%<br \/>\n<strong>Caracter\u00edsticas de sabor:<\/strong> 3 en 1 intercambiable<br \/>\n<strong>Modo de activaci\u00f3n:<\/strong> Activado por dibujo<br \/>\n<strong>Carga r\u00e1pida:<\/strong> 40 minutos<\/p>\n<h3 class=\"text-lg font-bold text-text-100 mt-1 -mb-1.5\">Descubre m\u00e1s BANG VAPE en fumotpuff<\/h3>\n<p class=\"whitespace-normal break-words\">Con <strong><a class=\"underline\" href=\"https:\/\/fumotpuff.com\/es\/\">Fumot Puff<\/a><\/strong> encontrar\u00e1 calidad superior a precios justos. Explore los diversos <strong><a class=\"underline\" href=\"https:\/\/fumotpuff.com\/es\/product-category\/bang-vape\/\">Familia de productos BANG VAPE<\/a><\/strong> con caracter\u00edsticas innovadoras. El completo <strong><a class=\"underline\" href=\"https:\/\/fumotpuff.com\/es\/product-category\/bang-vape\/bang-legend-110k\/\">Bang Legend 110k mundo de sabor<\/a><\/strong> est\u00e1 esperando a que usted la descubra.<\/p>","protected":false},"excerpt":{"rendered":"<p class=\"whitespace-normal break-words\">El Bang Legend 110K Strawberry Kiwi\/Black Dragon Ice\/Lemon Lime ofrece 110.000 caladas con tres sabores contrastados. Con 20ml de e-l\u00edquido, bater\u00eda recargable de 600mAh y bobina de malla de 1,0\u03a9 para experiencias de sabor intenso. Seleccionable de forma flexible en nicotina 0-5%. Carga r\u00e1pida tipo C en 40 minutos.<\/p>","protected":false},"featured_media":3401,"comment_status":"open","ping_status":"closed","template":"","meta":{"_acf_changed":false},"product_brand":[],"product_cat":[37],"product_tag":[],"class_list":{"0":"post-3399","1":"product","2":"type-product","3":"status-publish","4":"has-post-thumbnail","6":"product_cat-bang-legend-110k","8":"first","9":"instock","10":"shipping-taxable","11":"purchasable","12":"product-type-variable"},"acf":[],"_links":{"self":[{"href":"https:\/\/fumotpuff.com\/es\/wp-json\/wp\/v2\/product\/3399","targetHints":{"allow":["GET"]}}],"collection":[{"href":"https:\/\/fumotpuff.com\/es\/wp-json\/wp\/v2\/product"}],"about":[{"href":"https:\/\/fumotpuff.com\/es\/wp-json\/wp\/v2\/types\/product"}],"replies":[{"embeddable":true,"href":"https:\/\/fumotpuff.com\/es\/wp-json\/wp\/v2\/comments?post=3399"}],"wp:featuredmedia":[{"embeddable":true,"href":"https:\/\/fumotpuff.com\/es\/wp-json\/wp\/v2\/media\/3401"}],"wp:attachment":[{"href":"https:\/\/fumotpuff.com\/es\/wp-json\/wp\/v2\/media?parent=3399"}],"wp:term":[{"taxonomy":"product_brand","embeddable":true,"href":"https:\/\/fumotpuff.com\/es\/wp-json\/wp\/v2\/product_brand?post=3399"},{"taxonomy":"product_cat","embeddable":true,"href":"https:\/\/fumotpuff.com\/es\/wp-json\/wp\/v2\/product_cat?post=3399"},{"taxonomy":"product_tag","embeddable":true,"href":"https:\/\/fumotpuff.com\/es\/wp-json\/wp\/v2\/product_tag?post=3399"}],"curies":[{"name":"wp","href":"https:\/\/api.w.org\/{rel}","templated":true}]}}