{"id":3392,"date":"2025-10-21T05:31:59","date_gmt":"2025-10-21T03:31:59","guid":{"rendered":"https:\/\/fumotpuff.com\/?post_type=product&#038;p=3392"},"modified":"2025-10-21T05:32:14","modified_gmt":"2025-10-21T03:32:14","slug":"bang-legend-110k-blueberry-raspberry-gummy-bear-watermelon-pitaya","status":"publish","type":"product","link":"https:\/\/fumotpuff.com\/es\/producto\/bang-legend-110k-blueberry-raspberry-gummy-bear-watermelon-pitaya\/","title":{"rendered":"Bang Legend 110K Frambuesa Ar\u00e1ndano\/Oso de Gominola\/Sand\u00eda Pitaya"},"content":{"rendered":"<h2 class=\"text-xl font-bold text-text-100 mt-1 -mb-0.5\">Bang Legend 110K Blueberry Raspberry\/Gummy Bear\/Watermelon Pitaya Vape desechable<\/h2>\n<p class=\"whitespace-normal break-words\">Experimente la extraordinaria combinaci\u00f3n de frambuesa ar\u00e1ndano, osito de gominola y pitaya sand\u00eda con el Bang Legend 110K. Este dispositivo multisabor ofrece hasta 110.000 caladas y tres perfiles de sabor independientes: intensa armon\u00eda de bayas, dulce nostalgia de ositos de gominola y ex\u00f3tica fusi\u00f3n de fruta del drag\u00f3n y mel\u00f3n.<\/p>\n<p class=\"whitespace-normal break-words\"><strong>Del dulce cl\u00e1sico al afrutado ex\u00f3tico<\/strong><\/p>\n<p class=\"whitespace-normal break-words\">El Vapeador Desechable Bang Legend 110000 Puffs con estos tres sabores cubre una amplia gama de gustos. Blueberry Raspberry ofrece el aut\u00e9ntico poder de las bayas, Gummy Bear te trae dulces recuerdos de la infancia, mientras que Watermelon Pitaya sorprende con su ex\u00f3tico sabor. Gracias al cambio inteligente de sabores, podr\u00e1s decidir qu\u00e9 sabor te acompa\u00f1a en cada situaci\u00f3n.<\/p>\n<p class=\"whitespace-normal break-words\">Con una bater\u00eda fiable de 600 mAh y un puerto de carga r\u00e1pida Type-C, mantendr\u00e1 una movilidad flexible. La bobina de malla de 1,0 \u03a9 de alta eficiencia garantiza un vapor consistentemente denso con una reproducci\u00f3n matizada del sabor.<\/p>\n<p class=\"whitespace-normal break-words\">La capacidad del dep\u00f3sito de 20 ml combinada con los niveles de nicotina personalizables (0%, 2%, 3%, 5%) ofrece una satisfacci\u00f3n duradera para cada estilo de vapeo.<\/p>\n<p class=\"whitespace-normal break-words\"><strong>Especificaciones del producto:<\/strong><\/p>\n<p class=\"whitespace-normal break-words\"><strong>Movimientos m\u00e1ximos:<\/strong> 110.000<br \/>\n<strong>Bater\u00eda:<\/strong> 600mAh recargable Tipo-C<br \/>\n<strong>Tama\u00f1o del dep\u00f3sito:<\/strong> 20 ml<br \/>\n<strong>Cabezal vaporizador:<\/strong> Bobina de malla de 1,0\u03a9<br \/>\n<strong>Opciones de nicotina:<\/strong> 0%, 2%, 3%, 5%<br \/>\n<strong>Cambio de sabor:<\/strong> Sistema 3 en 1<br \/>\n<strong>Modo de funcionamiento:<\/strong> Activaci\u00f3n autom\u00e1tica del tren<br \/>\n<strong>Tiempo de carga:<\/strong> 40 minutos<\/p>\n<h3 class=\"text-lg font-bold text-text-100 mt-1 -mb-1.5\">Descubre m\u00e1s BANG VAPE en fumotpuff<\/h3>\n<p class=\"whitespace-normal break-words\">Deposite su confianza en <strong><a class=\"underline\" href=\"https:\/\/fumotpuff.com\/es\/\">Fumot Puff<\/a><\/strong> como tu tienda online de confianza para vapes de primera calidad. Navegue a trav\u00e9s de la completa <strong><a class=\"underline\" href=\"https:\/\/fumotpuff.com\/es\/product-category\/bang-vape\/\">Selecci\u00f3n BANG VAPE<\/a><\/strong> con productos pioneros. Todos los sabores del <strong><a class=\"underline\" href=\"https:\/\/fumotpuff.com\/es\/product-category\/bang-vape\/bang-legend-110k\/\">Bang Legend serie 110k<\/a><\/strong> est\u00e1n a su disposici\u00f3n para que elija.<\/p>","protected":false},"excerpt":{"rendered":"<p class=\"whitespace-normal break-words\">El Bang Legend 110K Blueberry Raspberry\/Gummy Bear\/Watermelon Pitaya ofrece 110.000 caladas con tres sabores vers\u00e1tiles. Con 20ml de e-l\u00edquido, bater\u00eda recargable de 600mAh y bobina de malla de 1,0\u03a9 para experiencias de sabor intenso. Seleccionable de forma flexible en nicotina 0-5%. Carga r\u00e1pida tipo C en 40 minutos.<\/p>","protected":false},"featured_media":3394,"comment_status":"open","ping_status":"closed","template":"","meta":{"_acf_changed":false},"product_brand":[],"product_cat":[37],"product_tag":[],"class_list":{"0":"post-3392","1":"product","2":"type-product","3":"status-publish","4":"has-post-thumbnail","6":"product_cat-bang-legend-110k","8":"first","9":"instock","10":"shipping-taxable","11":"purchasable","12":"product-type-variable"},"acf":[],"_links":{"self":[{"href":"https:\/\/fumotpuff.com\/es\/wp-json\/wp\/v2\/product\/3392","targetHints":{"allow":["GET"]}}],"collection":[{"href":"https:\/\/fumotpuff.com\/es\/wp-json\/wp\/v2\/product"}],"about":[{"href":"https:\/\/fumotpuff.com\/es\/wp-json\/wp\/v2\/types\/product"}],"replies":[{"embeddable":true,"href":"https:\/\/fumotpuff.com\/es\/wp-json\/wp\/v2\/comments?post=3392"}],"wp:featuredmedia":[{"embeddable":true,"href":"https:\/\/fumotpuff.com\/es\/wp-json\/wp\/v2\/media\/3394"}],"wp:attachment":[{"href":"https:\/\/fumotpuff.com\/es\/wp-json\/wp\/v2\/media?parent=3392"}],"wp:term":[{"taxonomy":"product_brand","embeddable":true,"href":"https:\/\/fumotpuff.com\/es\/wp-json\/wp\/v2\/product_brand?post=3392"},{"taxonomy":"product_cat","embeddable":true,"href":"https:\/\/fumotpuff.com\/es\/wp-json\/wp\/v2\/product_cat?post=3392"},{"taxonomy":"product_tag","embeddable":true,"href":"https:\/\/fumotpuff.com\/es\/wp-json\/wp\/v2\/product_tag?post=3392"}],"curies":[{"name":"wp","href":"https:\/\/api.w.org\/{rel}","templated":true}]}}