{"id":3385,"date":"2025-10-21T05:29:28","date_gmt":"2025-10-21T03:29:28","guid":{"rendered":"https:\/\/fumotpuff.com\/?post_type=product&#038;p=3385"},"modified":"2025-10-21T05:29:28","modified_gmt":"2025-10-21T03:29:28","slug":"bang-legend-110k-strawberry-mango-blueberry-peach-watermelon-berries","status":"publish","type":"product","link":"https:\/\/fumotpuff.com\/es\/producto\/bang-legend-110k-strawberry-mango-blueberry-peach-watermelon-berries\/","title":{"rendered":"Bang Legend 110K Fresa Mango\/Azul Melocot\u00f3n\/Sand\u00eda Bayas"},"content":{"rendered":"<h2 class=\"text-xl font-bold text-text-100 mt-1 -mb-0.5\">Bang Legend 110K Vape desechable Fresa Mango\/Melocot\u00f3n\/Azul Sand\u00eda Bayas<\/h2>\n<p class=\"whitespace-normal break-words\">Con Mango Fresa, Melocot\u00f3n Ar\u00e1ndano y Bayas Sand\u00eda, el Bang Legend 110K presenta tres sabores afrutados e intensos en un revolucionario sistema de vapeo. Disfruta de hasta 110.000 caladas y cambia entre la fusi\u00f3n tropical de fresa y mango, la aterciopelada combinaci\u00f3n de ar\u00e1ndanos y melocot\u00f3n y la refrescante mezcla de sand\u00eda y bayas seg\u00fan desees.<\/p>\n<p class=\"whitespace-normal break-words\"><strong>Explosi\u00f3n de fruta por triplicado<\/strong><\/p>\n<p class=\"whitespace-normal break-words\">Este cigarrillo electr\u00f3nico Bang Legend 110000 caladas est\u00e1 dirigido a los amantes de los sabores frutales intensos. Strawberry Mango combina una dulzura ex\u00f3tica, Blueberry Peach aporta suaves notas de bayas con elegancia de fruta con hueso, mientras que Watermelon Berries proporciona un refresco veraniego. Cada uno de los tres sabores puede activarse individualmente, para una m\u00e1xima variedad en la vida cotidiana.<\/p>\n<p class=\"whitespace-normal break-words\">La robusta bater\u00eda de 600 mAh con funci\u00f3n de carga r\u00e1pida Type-C te mantiene constantemente abastecido. La moderna tecnolog\u00eda de bobina de malla de 1,0\u03a9 proporciona un vapor voluminoso y arom\u00e1tico con una excelente reproducci\u00f3n del sabor.<\/p>\n<p class=\"whitespace-normal break-words\">El generoso suministro de e-l\u00edquido de 20 ml y las diferentes concentraciones de nicotina (0%, 2%, 3%, 5%) garantizan un disfrute duradero seg\u00fan sus preferencias individuales.<\/p>\n<p class=\"whitespace-normal break-words\"><strong>Caracter\u00edsticas t\u00e9cnicas:<\/strong><\/p>\n<p class=\"whitespace-normal break-words\"><strong>Total de trenes:<\/strong> 110.000<br \/>\n<strong>Capacidad de la bater\u00eda:<\/strong> 600mAh recargable Tipo-C<br \/>\n<strong>Volumen de l\u00edquido:<\/strong> 20 ml<br \/>\n<strong>Tipo de bobina:<\/strong> Bobina de malla de 1,0\u03a9<br \/>\n<strong>Nivel de nicotina:<\/strong> 0%, 2%, 3%, 5%<br \/>\n<strong>Tecnolog\u00eda del sabor:<\/strong> Interruptor de sabor 3 en 1<br \/>\n<strong>Activaci\u00f3n:<\/strong> En tren<br \/>\n<strong>Tiempo de carga:<\/strong> 40 minutos<\/p>\n<h3 class=\"text-lg font-bold text-text-100 mt-1 -mb-1.5\">Descubre m\u00e1s BANG VAPE en fumotpuff<\/h3>\n<p class=\"whitespace-normal break-words\">Comprar en <strong><a class=\"underline\" href=\"https:\/\/fumotpuff.com\/es\/\">Fumot Puff<\/a><\/strong> y benef\u00edciese de una calidad de primera clase y un env\u00edo r\u00e1pido. El innovador <strong><a class=\"underline\" href=\"https:\/\/fumotpuff.com\/es\/product-category\/bang-vape\/\">Colecci\u00f3n BANG VAPE<\/a><\/strong> marca pautas en el sector. Descubra todas las variantes del <strong><a class=\"underline\" href=\"https:\/\/fumotpuff.com\/es\/product-category\/bang-vape\/bang-legend-110k\/\">Bang Legend serie 110k<\/a><\/strong> y encuentre su combinaci\u00f3n de sabores perfecta.<\/p>","protected":false},"excerpt":{"rendered":"<p class=\"whitespace-normal break-words\">El Bang Legend 110K Strawberry Mango\/Blueberry Peach\/Watermelon Berries ofrece 110.000 caladas con tres sabores afrutados. Con 20ml de e-l\u00edquido, bater\u00eda recargable de 600mAh y bobina de malla de 1,0\u03a9 para una intensa explosi\u00f3n frutal. Seleccionable de forma flexible en nicotina 0-5%. Carga r\u00e1pida tipo C en 40 minutos.<\/p>","protected":false},"featured_media":3387,"comment_status":"open","ping_status":"closed","template":"","meta":{"_acf_changed":false},"product_brand":[],"product_cat":[37],"product_tag":[],"class_list":{"0":"post-3385","1":"product","2":"type-product","3":"status-publish","4":"has-post-thumbnail","6":"product_cat-bang-legend-110k","8":"first","9":"instock","10":"shipping-taxable","11":"purchasable","12":"product-type-variable"},"acf":[],"_links":{"self":[{"href":"https:\/\/fumotpuff.com\/es\/wp-json\/wp\/v2\/product\/3385","targetHints":{"allow":["GET"]}}],"collection":[{"href":"https:\/\/fumotpuff.com\/es\/wp-json\/wp\/v2\/product"}],"about":[{"href":"https:\/\/fumotpuff.com\/es\/wp-json\/wp\/v2\/types\/product"}],"replies":[{"embeddable":true,"href":"https:\/\/fumotpuff.com\/es\/wp-json\/wp\/v2\/comments?post=3385"}],"wp:featuredmedia":[{"embeddable":true,"href":"https:\/\/fumotpuff.com\/es\/wp-json\/wp\/v2\/media\/3387"}],"wp:attachment":[{"href":"https:\/\/fumotpuff.com\/es\/wp-json\/wp\/v2\/media?parent=3385"}],"wp:term":[{"taxonomy":"product_brand","embeddable":true,"href":"https:\/\/fumotpuff.com\/es\/wp-json\/wp\/v2\/product_brand?post=3385"},{"taxonomy":"product_cat","embeddable":true,"href":"https:\/\/fumotpuff.com\/es\/wp-json\/wp\/v2\/product_cat?post=3385"},{"taxonomy":"product_tag","embeddable":true,"href":"https:\/\/fumotpuff.com\/es\/wp-json\/wp\/v2\/product_tag?post=3385"}],"curies":[{"name":"wp","href":"https:\/\/api.w.org\/{rel}","templated":true}]}}