{"id":3378,"date":"2025-10-21T05:26:23","date_gmt":"2025-10-21T03:26:23","guid":{"rendered":"https:\/\/fumotpuff.com\/?post_type=product&#038;p=3378"},"modified":"2025-10-21T05:26:24","modified_gmt":"2025-10-21T03:26:24","slug":"bang-legend-110k-energy-drink-apple-grape-mango-peach-apricot","status":"publish","type":"product","link":"https:\/\/fumotpuff.com\/es\/producto\/bang-legend-110k-energy-drink-apple-grape-mango-peach-apricot\/","title":{"rendered":"Bang Legend 110K Bebida Energ\u00e9tica\/Manzana Uva\/Mango Melocot\u00f3n Albaricoque"},"content":{"rendered":"<h2 class=\"text-xl font-bold text-text-100 mt-1 -mb-0.5\">Bang Legend 110K Energy Drink\/Manzana Uva\/Mango Melocot\u00f3n Albaricoque vape desechable<\/h2>\n<p class=\"whitespace-normal break-words\">Con el Bang Legend 110K en los sabores Energy Drink, Apple Grape y Mango Peach Apricot, puedes experimentar tres mundos de sabores completamente diferentes en un dispositivo compacto. Este cigarrillo electr\u00f3nico desechable ofrece hasta 110.000 caladas y combina energ\u00eda vigorizante, armon\u00eda afrutada de uva-manzana y composici\u00f3n tropical de frutas con hueso.<\/p>\n<p class=\"whitespace-normal break-words\"><strong>Variedad energizante para cada momento<\/strong><\/p>\n<p class=\"whitespace-normal break-words\">El vapeador Bang Legend 110000 puffs con Energy Drink, Apple Grape y Mango Peach Apricot satisface una amplia gama de preferencias de sabor. Energy Drink proporciona el conocido subid\u00f3n vigorizante, Apple Grape impresiona con su equilibrado sabor afrutado, mientras que Mango Peach Apricot crea una soleada sinfon\u00eda de frutas con hueso. Gracias a la funci\u00f3n 3 en 1, usted mismo puede decidir qu\u00e9 sabor se adapta mejor a cada momento.<\/p>\n<p class=\"whitespace-normal break-words\">La potente bater\u00eda de 600 mAh con tecnolog\u00eda de carga Type-C garantiza un tiempo de inactividad m\u00ednimo. La precisa bobina de malla de 1,0\u03a9 produce un vapor aterciopelado con aut\u00e9ntica fidelidad de sabor y un excelente desarrollo del vapor.<\/p>\n<p class=\"whitespace-normal break-words\">Con un dep\u00f3sito de l\u00edquido de 20 ml y niveles de nicotina seleccionables individualmente (0%, 2%, 3%, 5%), puedes personalizar tu experiencia de vapeo exactamente seg\u00fan tus necesidades.<\/p>\n<p class=\"whitespace-normal break-words\"><strong>Especificaciones:<\/strong><\/p>\n<p class=\"whitespace-normal break-words\"><strong>Capacidad de soplado:<\/strong> 110.000 trenes<br \/>\n<strong>Bater\u00eda:<\/strong> 600mAh recargable Tipo-C<br \/>\n<strong>Capacidad del dep\u00f3sito:<\/strong> 20 ml<br \/>\n<strong>Elemento calefactor:<\/strong> Bobina de malla de 1,0\u03a9<br \/>\n<strong>Variantes de nicotina:<\/strong> 0%, 2%, 3%, 5%<br \/>\n<strong>Sistema de sabor:<\/strong> Sabores intercambiables 3 en 1<br \/>\n<strong>Tipo de activaci\u00f3n:<\/strong> Activado por dibujo<br \/>\n<strong>Tiempo de carga:<\/strong> 40 minutos<\/p>\n<h3 class=\"text-lg font-bold text-text-100 mt-1 -mb-1.5\">Descubre m\u00e1s BANG VAPE en fumotpuff<\/h3>\n<p class=\"whitespace-normal break-words\">Descubrir en <strong><a class=\"underline\" href=\"https:\/\/fumotpuff.com\/es\/\">Fumot Puff<\/a><\/strong> las \u00faltimas innovaciones en vaping. Nuestra amplia <strong><a class=\"underline\" href=\"https:\/\/fumotpuff.com\/es\/product-category\/bang-vape\/\">Gama de productos BANG VAPE<\/a><\/strong> ofrece el dispositivo adecuado para cada persona. Navegue por toda la <strong><a class=\"underline\" href=\"https:\/\/fumotpuff.com\/es\/product-category\/bang-vape\/bang-legend-110k\/\">Colecci\u00f3n de sabores Bang Legend 110k<\/a><\/strong> y d\u00e9jate inspirar.<\/p>","protected":false},"excerpt":{"rendered":"<p class=\"whitespace-normal break-words\">El Bang Legend 110K Energy Drink\/Apple Grape\/Mango Peach Apricot ofrece 110.000 caladas con tres sabores vers\u00e1tiles. Con 20ml de e-l\u00edquido, bater\u00eda recargable de 600mAh y bobina de malla de 1,0\u03a9 para experiencias de sabor intenso. Seleccionable de forma flexible en nicotina 0-5%. Carga r\u00e1pida tipo C en 40 minutos.<\/p>","protected":false},"featured_media":3380,"comment_status":"open","ping_status":"closed","template":"","meta":{"_acf_changed":false},"product_brand":[],"product_cat":[37],"product_tag":[],"class_list":{"0":"post-3378","1":"product","2":"type-product","3":"status-publish","4":"has-post-thumbnail","6":"product_cat-bang-legend-110k","8":"first","9":"instock","10":"shipping-taxable","11":"purchasable","12":"product-type-variable"},"acf":[],"_links":{"self":[{"href":"https:\/\/fumotpuff.com\/es\/wp-json\/wp\/v2\/product\/3378","targetHints":{"allow":["GET"]}}],"collection":[{"href":"https:\/\/fumotpuff.com\/es\/wp-json\/wp\/v2\/product"}],"about":[{"href":"https:\/\/fumotpuff.com\/es\/wp-json\/wp\/v2\/types\/product"}],"replies":[{"embeddable":true,"href":"https:\/\/fumotpuff.com\/es\/wp-json\/wp\/v2\/comments?post=3378"}],"wp:featuredmedia":[{"embeddable":true,"href":"https:\/\/fumotpuff.com\/es\/wp-json\/wp\/v2\/media\/3380"}],"wp:attachment":[{"href":"https:\/\/fumotpuff.com\/es\/wp-json\/wp\/v2\/media?parent=3378"}],"wp:term":[{"taxonomy":"product_brand","embeddable":true,"href":"https:\/\/fumotpuff.com\/es\/wp-json\/wp\/v2\/product_brand?post=3378"},{"taxonomy":"product_cat","embeddable":true,"href":"https:\/\/fumotpuff.com\/es\/wp-json\/wp\/v2\/product_cat?post=3378"},{"taxonomy":"product_tag","embeddable":true,"href":"https:\/\/fumotpuff.com\/es\/wp-json\/wp\/v2\/product_tag?post=3378"}],"curies":[{"name":"wp","href":"https:\/\/api.w.org\/{rel}","templated":true}]}}