{"id":3371,"date":"2025-10-21T05:23:48","date_gmt":"2025-10-21T03:23:48","guid":{"rendered":"https:\/\/fumotpuff.com\/?post_type=product&#038;p=3371"},"modified":"2025-10-21T05:23:48","modified_gmt":"2025-10-21T03:23:48","slug":"bang-legend-110k-blueberry-ice-cantaloupe-apple-lime-romance","status":"publish","type":"product","link":"https:\/\/fumotpuff.com\/es\/producto\/bang-legend-110k-blueberry-ice-cantaloupe-apple-lime-romance\/","title":{"rendered":"Bang Legend 110K Blueberry Ice\/Cantaloupe Apple\/Lime Romance"},"content":{"rendered":"<h2 class=\"text-xl font-bold text-text-100 mt-1 -mb-0.5\">Vaporizador desechable Bang Legend 110K Blueberry Ice\/Cantaloupe Apple\/Lime Romance<\/h2>\n<p class=\"whitespace-normal break-words\">El Bang Legend 110K con Blueberry Ice, Cantaloupe Apple y Lime Romance combina tres perfiles de sabor independientes en un solo dispositivo. Con hasta 110.000 caladas, podr\u00e1s experimentar ar\u00e1ndanos helados, armon\u00eda tropical de mel\u00f3n y manzana y rom\u00e1nticas notas de lima, que podr\u00e1s cambiar en cualquier momento para adaptarlas a tus gustos personales.<\/p>\n<p class=\"whitespace-normal break-words\"><strong>La frescura de las bayas se une a la elegancia tropical<\/strong><\/p>\n<p class=\"whitespace-normal break-words\">Este cigarrillo electr\u00f3nico Bang Legend 110000 puffs ha sido dise\u00f1ado para vapers exigentes que aprecian la versatilidad. Cambia espont\u00e1neamente entre tres mundos fascinantes: Blueberry Ice ofrece un intenso frescor a bayas, Cantaloupe Apple deleita con su armon\u00eda de frutas ex\u00f3ticas, mientras que Lime Romance combina la frescura \u00e1cida de los c\u00edtricos con una profundidad rom\u00e1ntica. Cada sabor se desarrolla de forma independiente y aut\u00e9ntica.<\/p>\n<p class=\"whitespace-normal break-words\">La potente bater\u00eda de 600 mAh con carga r\u00e1pida Type-C garantiza un rendimiento constante sin largos tiempos de espera. La tecnolog\u00eda de bobina de malla de 1.0\u03a9 de alta calidad produce un vapor denso y sabroso con una circulaci\u00f3n de aire perfecta.<\/p>\n<p class=\"whitespace-normal break-words\">La capacidad de 20 ml de e-l\u00edquido combinada con la flexibilidad de las concentraciones de nicotina (0%, 2%, 3%, 5%) ofrece a cada usuario el equilibrio ideal entre placer e intensidad.<\/p>\n<p class=\"whitespace-normal break-words\"><strong>Datos t\u00e9cnicos:<\/strong><\/p>\n<p class=\"whitespace-normal break-words\"><strong>N\u00famero de trenes:<\/strong> 110.000 trenes<br \/>\n<strong>Bater\u00eda:<\/strong> 600mAh recargable Tipo-C<br \/>\n<strong>Capacidad de e-l\u00edquido:<\/strong> 20 ml<br \/>\n<strong>Bobina:<\/strong> Bobina de malla de 1,0\u03a9<br \/>\n<strong>Potencias de nicotina:<\/strong> 0%, 2%, 3%, 5%<br \/>\n<strong>Sistema de sabor:<\/strong> Sabores intercambiables 3 en 1<br \/>\n<strong>Activaci\u00f3n:<\/strong> Tren activado<br \/>\n<strong>Tiempo de carga:<\/strong> 40 minutos<\/p>\n<h3 class=\"text-lg font-bold text-text-100 mt-1 -mb-1.5\">Descubre m\u00e1s BANG VAPE en fumotpuff<\/h3>\n<p class=\"whitespace-normal break-words\">Visite <strong><a class=\"underline\" href=\"https:\/\/fumotpuff.com\/es\/\">Fumot Puff<\/a><\/strong> para obtener productos de vapeo de primera clase y asesoramiento experto. Todo el <strong><a class=\"underline\" href=\"https:\/\/fumotpuff.com\/es\/product-category\/bang-vape\/\">Serie BANG VAPE<\/a><\/strong> te est\u00e1 esperando con funciones revolucionarias. Explora el completo <strong><a class=\"underline\" href=\"https:\/\/fumotpuff.com\/es\/product-category\/bang-vape\/bang-legend-110k\/\">Bang Legend 110k sabor mundo<\/a><\/strong> y descubra nuevos favoritos.<\/p>","protected":false},"excerpt":{"rendered":"<p class=\"whitespace-normal break-words\">El Bang Legend 110K Blueberry Ice\/Cantaloupe Apple\/Lime Romance ofrece 110.000 caladas con tres sabores intercambiables. Con 20ml de e-l\u00edquido, bater\u00eda recargable de 600mAh y bobina de malla de 1,0\u03a9 para un sabor aut\u00e9ntico. Seleccionable de forma flexible en nicotina 0-5%. Carga r\u00e1pida tipo C en 40 minutos.<\/p>","protected":false},"featured_media":3373,"comment_status":"open","ping_status":"closed","template":"","meta":{"_acf_changed":false},"product_brand":[],"product_cat":[37],"product_tag":[],"class_list":{"0":"post-3371","1":"product","2":"type-product","3":"status-publish","4":"has-post-thumbnail","6":"product_cat-bang-legend-110k","8":"first","9":"instock","10":"shipping-taxable","11":"purchasable","12":"product-type-variable"},"acf":[],"_links":{"self":[{"href":"https:\/\/fumotpuff.com\/es\/wp-json\/wp\/v2\/product\/3371","targetHints":{"allow":["GET"]}}],"collection":[{"href":"https:\/\/fumotpuff.com\/es\/wp-json\/wp\/v2\/product"}],"about":[{"href":"https:\/\/fumotpuff.com\/es\/wp-json\/wp\/v2\/types\/product"}],"replies":[{"embeddable":true,"href":"https:\/\/fumotpuff.com\/es\/wp-json\/wp\/v2\/comments?post=3371"}],"wp:featuredmedia":[{"embeddable":true,"href":"https:\/\/fumotpuff.com\/es\/wp-json\/wp\/v2\/media\/3373"}],"wp:attachment":[{"href":"https:\/\/fumotpuff.com\/es\/wp-json\/wp\/v2\/media?parent=3371"}],"wp:term":[{"taxonomy":"product_brand","embeddable":true,"href":"https:\/\/fumotpuff.com\/es\/wp-json\/wp\/v2\/product_brand?post=3371"},{"taxonomy":"product_cat","embeddable":true,"href":"https:\/\/fumotpuff.com\/es\/wp-json\/wp\/v2\/product_cat?post=3371"},{"taxonomy":"product_tag","embeddable":true,"href":"https:\/\/fumotpuff.com\/es\/wp-json\/wp\/v2\/product_tag?post=3371"}],"curies":[{"name":"wp","href":"https:\/\/api.w.org\/{rel}","templated":true}]}}