{"id":3364,"date":"2025-10-21T04:59:51","date_gmt":"2025-10-21T02:59:51","guid":{"rendered":"https:\/\/fumotpuff.com\/?post_type=product&#038;p=3364"},"modified":"2025-10-21T05:05:55","modified_gmt":"2025-10-21T03:05:55","slug":"bang-legend-110k-watermelon-ice-apple-pear-passionate-kiss","status":"publish","type":"product","link":"https:\/\/fumotpuff.com\/es\/producto\/bang-legend-110k-watermelon-ice-apple-pear-passionate-kiss\/","title":{"rendered":"Bang Legend 110K Sand\u00eda Helada \/ Manzana Pera \/ Beso Apasionado"},"content":{"rendered":"<h2 class=\"text-xl font-bold text-text-100 mt-1 -mb-0.5\">Bang Legend 110K Watermelon Ice \/ Apple Pear \/ Passionate Kiss vape desechable<\/h2>\n<p class=\"whitespace-normal break-words\">Descubra el Bang Legend 110K con la combinaci\u00f3n de sabores Sand\u00eda Helada, Manzana Pera y Beso Apasionado: tres sabores independientes en un solo dispositivo para hasta 110.000 caladas. Este innovador cigarrillo electr\u00f3nico desechable te permite alternar entre la frescura helada de la sand\u00eda, la armoniosa dulzura de la manzana y la pera y la seductora intensidad de Passionate Kiss, seg\u00fan te apetezca.<\/p>\n<p class=\"whitespace-normal break-words\"><strong>Triple variedad de sabores con s\u00f3lo pulsar un bot\u00f3n<\/strong><\/p>\n<p class=\"whitespace-normal break-words\">El vapeador Bang Legend 110000 puffs te ofrece una libertad absoluta a la hora de elegir tu sabor. Gracias a la revolucionaria tecnolog\u00eda 3 en 1, puedes cambiar sin esfuerzo entre tres perfiles de sabor independientes. Empieza la ma\u00f1ana con el refrescante Watermelon Ice, disfruta de la sutil elegancia de Apple Pear a la hora de comer y experimenta el intenso sabor de Passionate Kiss por la noche, todo con un solo dispositivo.<\/p>\n<p class=\"whitespace-normal break-words\">Con una eficiente bater\u00eda de 600 mAh y carga r\u00e1pida Type-C, siempre estar\u00e1 en movimiento. La bobina de malla premium de 1,0\u03a9 garantiza una producci\u00f3n de vapor voluminosa con un desarrollo preciso del sabor y un flujo de aire optimizado en cada calada.<\/p>\n<p class=\"whitespace-normal break-words\">El generoso dep\u00f3sito de 20 ml combinado con las potencias de nicotina seleccionables (0%, 2%, 3%, 5%) permite la m\u00e1xima personalizaci\u00f3n, ya sea sin nicotina o con un fuerte golpe de garganta.<\/p>\n<p class=\"whitespace-normal break-words\"><strong>Caracter\u00edsticas del producto:<\/strong><\/p>\n<p class=\"whitespace-normal break-words\"><strong>Capacidad del tren:<\/strong> 110.000 trenes<br \/>\n<strong>Rendimiento de la bater\u00eda:<\/strong> 600mAh recargable Tipo-C<br \/>\n<strong>Volumen del dep\u00f3sito:<\/strong> 20 ml<br \/>\n<strong>Vaporizador:<\/strong> Tecnolog\u00eda de bobina de malla 1.0\u03a9<br \/>\n<strong>Opciones de nicotina:<\/strong> 0%, 2%, 3%, 5%<br \/>\n<strong>Innovaci\u00f3n de sabores:<\/strong> Sabores cambiantes 3 en 1<br \/>\n<strong>Operaci\u00f3n:<\/strong> Activaci\u00f3n del tren<br \/>\n<strong>Tiempo de carga r\u00e1pida:<\/strong> 40 minutos<\/p>\n<h3 class=\"text-lg font-bold text-text-100 mt-1 -mb-1.5\">Descubre m\u00e1s BANG VAPE en fumotpuff<\/h3>\n<p class=\"whitespace-normal break-words\">Disfrute de un vapor de alta calidad con <strong><a class=\"underline\" href=\"https:\/\/fumotpuff.com\/es\/\">Fumot Puff<\/a><\/strong> - Su socio de confianza para cigarrillos electr\u00f3nicos de alta calidad. Descubra la gama completa de <strong><a class=\"underline\" href=\"https:\/\/fumotpuff.com\/es\/product-category\/bang-vape\/\">Colecci\u00f3n BANG VAPE<\/a><\/strong> con aparatos innovadores para todos los gustos. Eche un vistazo a todos los sabores disponibles en la <strong><a class=\"underline\" href=\"https:\/\/fumotpuff.com\/es\/product-category\/bang-vape\/bang-legend-110k\/\">Selecci\u00f3n de sabores Bang Legend 110k<\/a><\/strong> y encuentre su favorito.<\/p>","protected":false},"excerpt":{"rendered":"<p class=\"whitespace-normal break-words\">El Bang Legend 110K Watermelon Ice\/Apple Pear\/Passionate Kiss ofrece 110.000 caladas con tres sabores intercambiables. Con 20ml de e-l\u00edquido, bater\u00eda recargable de 600mAh y bobina de malla de 1,0\u03a9 para experiencias de sabor intenso. Seleccionable de forma flexible en nicotina 0-5%. Carga r\u00e1pida tipo C en 40 minutos.<\/p>","protected":false},"featured_media":3366,"comment_status":"open","ping_status":"closed","template":"","meta":{"_acf_changed":false},"product_brand":[],"product_cat":[37],"product_tag":[],"class_list":{"0":"post-3364","1":"product","2":"type-product","3":"status-publish","4":"has-post-thumbnail","6":"product_cat-bang-legend-110k","8":"first","9":"instock","10":"shipping-taxable","11":"purchasable","12":"product-type-variable"},"acf":[],"_links":{"self":[{"href":"https:\/\/fumotpuff.com\/es\/wp-json\/wp\/v2\/product\/3364","targetHints":{"allow":["GET"]}}],"collection":[{"href":"https:\/\/fumotpuff.com\/es\/wp-json\/wp\/v2\/product"}],"about":[{"href":"https:\/\/fumotpuff.com\/es\/wp-json\/wp\/v2\/types\/product"}],"replies":[{"embeddable":true,"href":"https:\/\/fumotpuff.com\/es\/wp-json\/wp\/v2\/comments?post=3364"}],"wp:featuredmedia":[{"embeddable":true,"href":"https:\/\/fumotpuff.com\/es\/wp-json\/wp\/v2\/media\/3366"}],"wp:attachment":[{"href":"https:\/\/fumotpuff.com\/es\/wp-json\/wp\/v2\/media?parent=3364"}],"wp:term":[{"taxonomy":"product_brand","embeddable":true,"href":"https:\/\/fumotpuff.com\/es\/wp-json\/wp\/v2\/product_brand?post=3364"},{"taxonomy":"product_cat","embeddable":true,"href":"https:\/\/fumotpuff.com\/es\/wp-json\/wp\/v2\/product_cat?post=3364"},{"taxonomy":"product_tag","embeddable":true,"href":"https:\/\/fumotpuff.com\/es\/wp-json\/wp\/v2\/product_tag?post=3364"}],"curies":[{"name":"wp","href":"https:\/\/api.w.org\/{rel}","templated":true}]}}