{"id":3244,"date":"2025-10-18T05:47:19","date_gmt":"2025-10-18T03:47:19","guid":{"rendered":"https:\/\/fumotpuff.com\/?post_type=product&#038;p=3244"},"modified":"2025-10-18T05:47:19","modified_gmt":"2025-10-18T03:47:19","slug":"bang-leader-80000-red-bull-watermelon-bubble-candy-strawberry-ice","status":"publish","type":"product","link":"https:\/\/fumotpuff.com\/es\/producto\/bang-leader-80000-red-bull-watermelon-bubble-candy-strawberry-ice\/","title":{"rendered":"Bang Leader 80000 Red Bull\/Caramelos de burbujas de sand\u00eda\/Hielo de fresa"},"content":{"rendered":"<h2 class=\"text-xl font-bold text-text-100 mt-1 -mb-0.5\">Vapeador desechable Bang Leader 80000 Red Bull\/Watermelon Bubble Candy\/Strawberry Ice Cream<\/h2>\n<p class=\"whitespace-normal break-words\">El Bang Leader 80000 es un dispositivo de vapeo de gran capacidad y un solo uso dise\u00f1ado para usuarios que buscan variedad y consistencia. El revolucionario concepto 3 en 1 incluye tres vainas separadas de 26 ml con un total de 78 ml de e-l\u00edquido y permite cambiar sin esfuerzo entre tres sabores diferentes: vigorizante Red Bull, dulce mezcla de caramelo de burbujas de sand\u00eda y cremoso sabor a helado de fresa.<\/p>\n<p class=\"whitespace-normal break-words\">La bobina de malla integrada de 1,0 \u03a9 genera un vapor suave con un perfil de sabor completo. La bater\u00eda recargable de 850 mAh permite sesiones de vapeo prolongadas, mientras que la carga r\u00e1pida Type-C minimiza el tiempo de inactividad.<\/p>\n<p class=\"whitespace-normal break-words\">Disponible en concentraciones de nicotina de 0 %, 2 %, 3 % y 5 %, la Bang Leader 80K satisface una amplia gama de requisitos.<\/p>\n<h3 class=\"text-lg font-bold text-text-100 mt-1 -mb-1.5\">Aspectos destacados del Bang Leader 80000:<\/h3>\n<p class=\"whitespace-normal break-words\">Este cigarrillo electr\u00f3nico marca la pauta con su monumental capacidad de hasta 80.000 caladas e impresiona por su insuperable longevidad y calidad de sabor. Ideal para usuarios potentes que desean ver cantidad y calidad premium combinadas en un dise\u00f1o elegante y contempor\u00e1neo.<\/p>\n<p class=\"whitespace-normal break-words\">El innovador sistema de c\u00e1mara de sabores 3 en 1 presenta tres sabores diferentes en un pr\u00e1ctico dispositivo. Cambie de forma flexible entre los sabores o cree mezclas individuales: descubra nuevos horizontes de sabor y disfrute al m\u00e1ximo con cada calada.<\/p>\n<p class=\"whitespace-normal break-words\">El generoso suministro de 78 ml de e-l\u00edquido garantiza un uso duradero sin necesidad de recargas. Ideal para viajar y para un uso prolongado.<\/p>\n<p class=\"whitespace-normal break-words\">Una bater\u00eda recargable de 850 mAh de alta eficiencia con funci\u00f3n de recarga proporciona horas de funcionamiento y carga r\u00e1pida a trav\u00e9s de la conexi\u00f3n Type-C para que tu dispositivo de vapor est\u00e9 siempre listo para su uso.<\/p>\n<p class=\"whitespace-normal break-words\">La arquitectura de doble bobina integrada con resistencia de 1,0 \u03a9 produce un vapor denso y de sabor intenso y garantiza una experiencia de vapor suave y uniforme de principio a fin.<\/p>\n<p class=\"whitespace-normal break-words\">Con concentraciones de nicotina de 0 %, 2 %, 3 % y 5 %, el Bang Leader 80000 es ideal para vapeadores ocasionales y entusiastas.<\/p>\n<h3 class=\"text-lg font-bold text-text-100 mt-1 -mb-1.5\">Especificaciones del producto:<\/h3>\n<p class=\"whitespace-normal break-words\"><strong>N\u00famero de trenes:<\/strong> Hasta 80.000 trenes<br \/>\n<strong>Contenido de nicotina:<\/strong> 0 % \/ 2 % \/ 3 % \/ 5 %<br \/>\n<strong>Sabores:<\/strong> Red Bull, caramelo burbuja de sand\u00eda, helado de fresa<br \/>\n<strong>Volumen de e-l\u00edquido:<\/strong> 78 ml precargados (3 vainas de 26 ml cada una)<br \/>\n<strong>Bater\u00eda:<\/strong> 850 mAh recargable<br \/>\n<strong>Vaporizador:<\/strong> 1,0 \u03a9 Bobina de malla<br \/>\n<strong>Interfaz de carga:<\/strong> Tipo-C<\/p>\n<h3 class=\"text-lg font-bold text-text-100 mt-1 -mb-1.5\">Descubre m\u00e1s BANG VAPE en fumotpuff<\/h3>\n<p class=\"whitespace-normal break-words\">Productos de vapor de alta calidad le esperan en <strong><a class=\"underline\" href=\"https:\/\/fumotpuff.com\/es\/\">fumotpuff.com<\/a><\/strong> - Su punto de contacto para la m\u00e1xima calidad. En <strong><a class=\"underline\" href=\"https:\/\/fumotpuff.com\/es\/product-category\/bang-vape\/\">Familia de productos BANG VAPE<\/a><\/strong> le ofrece la tecnolog\u00eda m\u00e1s avanzada. Descubra todas las variantes en nuestra <strong><a class=\"underline\" href=\"https:\/\/fumotpuff.com\/es\/product-category\/bang-vape\/bang-leader-80000\/\">Colecci\u00f3n Bang Leader 80000<\/a><\/strong>.<\/p>","protected":false},"excerpt":{"rendered":"<p class=\"whitespace-normal break-words\">El Bang Leader 80000 Red Bull\/Watermelon Bubble Candy\/Strawberry Ice Cream combina tres tentadores sabores: vigorizante Red Bull, dulce caramelo de burbujas de sand\u00eda y cremoso sabor a helado de fresa. Con 78 ML de e-l\u00edquido, 80.000 caladas, bobina de malla de 1,0\u03a9 y bater\u00eda de 850mAh: \u00a1puro disfrute y m\u00e1xima variedad!<\/p>","protected":false},"featured_media":3245,"comment_status":"open","ping_status":"closed","template":"","meta":{"_acf_changed":false},"product_brand":[],"product_cat":[35],"product_tag":[],"class_list":{"0":"post-3244","1":"product","2":"type-product","3":"status-publish","4":"has-post-thumbnail","6":"product_cat-bang-leader-80000","8":"first","9":"instock","10":"shipping-taxable","11":"purchasable","12":"product-type-variable"},"acf":[],"_links":{"self":[{"href":"https:\/\/fumotpuff.com\/es\/wp-json\/wp\/v2\/product\/3244","targetHints":{"allow":["GET"]}}],"collection":[{"href":"https:\/\/fumotpuff.com\/es\/wp-json\/wp\/v2\/product"}],"about":[{"href":"https:\/\/fumotpuff.com\/es\/wp-json\/wp\/v2\/types\/product"}],"replies":[{"embeddable":true,"href":"https:\/\/fumotpuff.com\/es\/wp-json\/wp\/v2\/comments?post=3244"}],"wp:featuredmedia":[{"embeddable":true,"href":"https:\/\/fumotpuff.com\/es\/wp-json\/wp\/v2\/media\/3245"}],"wp:attachment":[{"href":"https:\/\/fumotpuff.com\/es\/wp-json\/wp\/v2\/media?parent=3244"}],"wp:term":[{"taxonomy":"product_brand","embeddable":true,"href":"https:\/\/fumotpuff.com\/es\/wp-json\/wp\/v2\/product_brand?post=3244"},{"taxonomy":"product_cat","embeddable":true,"href":"https:\/\/fumotpuff.com\/es\/wp-json\/wp\/v2\/product_cat?post=3244"},{"taxonomy":"product_tag","embeddable":true,"href":"https:\/\/fumotpuff.com\/es\/wp-json\/wp\/v2\/product_tag?post=3244"}],"curies":[{"name":"wp","href":"https:\/\/api.w.org\/{rel}","templated":true}]}}