{"id":3223,"date":"2025-10-18T05:02:09","date_gmt":"2025-10-18T03:02:09","guid":{"rendered":"https:\/\/fumotpuff.com\/?post_type=product&#038;p=3223"},"modified":"2025-10-18T05:02:09","modified_gmt":"2025-10-18T03:02:09","slug":"bang-leader-80000-blueberry-ice-black-dragon-ice-mango-peach","status":"publish","type":"product","link":"https:\/\/fumotpuff.com\/es\/producto\/bang-leader-80000-blueberry-ice-black-dragon-ice-mango-peach\/","title":{"rendered":"Bang Leader 80000 Blueberry Ice\/Black Dragon Ice\/Mango Peach"},"content":{"rendered":"<h2 class=\"text-xl font-bold text-text-100 mt-1 -mb-0.5\">Bang Leader 80000 Blueberry Ice\/Black Dragon Ice\/Mango Peach vape desechable<\/h2>\n<p class=\"whitespace-normal break-words\">El Bang Leader 80000 es un sistema de vapor desechable de gran capacidad dise\u00f1ado para usuarios con grandes expectativas en cuanto a variedad de sabores y vida \u00fatil. El exclusivo sistema 3 en 1 consta de tres cartuchos independientes de 26 ml con un total de 78 ml de e-l\u00edquido y permite cambiar f\u00e1cilmente entre tres sabores distintivos: ar\u00e1ndano helado, refrescante drag\u00f3n negro helado y combinaci\u00f3n tropical de mango y melocot\u00f3n.<\/p>\n<p class=\"whitespace-normal break-words\">La unidad vaporizadora de malla de 1,0 \u03a9 produce un vapor aterciopelado y suave con un sabor aut\u00e9ntico. La bater\u00eda de 850 mAh con funci\u00f3n de carga garantiza un funcionamiento duradero, mientras que la carga r\u00e1pida Type-C minimiza las interrupciones.<\/p>\n<p class=\"whitespace-normal break-words\">Disponible con un contenido de nicotina de 0 %, 2 %, 3 % y 5 %, la Bang Leader 80K satisface una amplia gama de requisitos.<\/p>\n<h3 class=\"text-lg font-bold text-text-100 mt-1 -mb-1.5\">Caracter\u00edsticas especiales del Bang Leader 80000 Puff:<\/h3>\n<p class=\"whitespace-normal break-words\">Este producto redefine el rendimiento con su espectacular capacidad de hasta 80.000 caladas y ofrece una resistencia inigualable combinada con un perfil de sabor intenso. La soluci\u00f3n perfecta para los vapeadores m\u00e1s exigentes que esperan volumen y excelencia en un cuerpo fino y moderno.<\/p>\n<p class=\"whitespace-normal break-words\">Cada dispositivo tiene un sistema de c\u00e1mara de sabor 3 en 1 que combina tres sabores distintos en un cigarrillo electr\u00f3nico compacto. Cambie entre los sabores a voluntad o m\u00e9zclelos como desee: experimente nuevos sabores y puro placer con cada calada.<\/p>\n<p class=\"whitespace-normal break-words\">Con una cantidad de llenado de 78 ml de e-l\u00edquido premium, se garantiza un uso prolongado sin rellenado. Ideal para uso m\u00f3vil y sesiones de vapeo prolongadas.<\/p>\n<p class=\"whitespace-normal break-words\">Equipado con una potente bater\u00eda recargable de 850 mAh con funci\u00f3n de recarga, permite varias horas de funcionamiento y carga r\u00e1pida a trav\u00e9s de Type-C, para que tu e-cigarrillo est\u00e9 siempre listo para usar.<\/p>\n<p class=\"whitespace-normal break-words\">El sistema de doble bobina implementado con resistencia de 1,0 \u03a9 produce un vapor voluminoso y arom\u00e1tico y garantiza una experiencia de vapeo suave y consistente desde la primera hasta la \u00faltima calada.<\/p>\n<p class=\"whitespace-normal break-words\">Disponible en 0 %, 2 %, 3 % y 5 % nicotina - el Bang Leader 80000 es adecuado para vapers ocasionales e intensivos.<\/p>\n<h3 class=\"text-lg font-bold text-text-100 mt-1 -mb-1.5\">Especificaciones del producto:<\/h3>\n<p class=\"whitespace-normal break-words\"><strong>N\u00famero de trenes:<\/strong> Hasta 80.000 trenes<br \/>\n<strong>Contenido de nicotina:<\/strong> 0 % \/ 2 % \/ 3 % \/ 5 %<br \/>\n<strong>Sabores:<\/strong> Hielo de ar\u00e1ndano, Hielo de drag\u00f3n negro, Mango y melocot\u00f3n<br \/>\n<strong>Volumen de e-l\u00edquido:<\/strong> 78 ml precargados (3 vainas de 26 ml cada una)<br \/>\n<strong>Bater\u00eda:<\/strong> 850 mAh recargable<br \/>\n<strong>Vaporizador:<\/strong> 1,0 \u03a9 Bobina de malla<br \/>\n<strong>Interfaz de carga:<\/strong> Tipo-C<\/p>\n<h3 class=\"text-lg font-bold text-text-100 mt-1 -mb-1.5\">Descubre m\u00e1s BANG VAPE en fumotpuff<\/h3>\n<p class=\"whitespace-normal break-words\">Eche un vistazo a <strong><a class=\"underline\" href=\"https:\/\/fumotpuff.com\/es\/\">fumotpuff.com<\/a><\/strong> y experimente nuestra amplia gama de aparatos de vapor de primera calidad. El <strong><a class=\"underline\" href=\"https:\/\/fumotpuff.com\/es\/product-category\/bang-vape\/\">Serie BANG VAPE<\/a><\/strong> es sin\u00f3nimo de innovaci\u00f3n y calidad. Todo el <strong><a class=\"underline\" href=\"https:\/\/fumotpuff.com\/es\/product-category\/bang-vape\/bang-leader-80000\/\">Bang Leader 80000 variedad de sabores<\/a><\/strong> est\u00e1 esperando a que usted la descubra.<\/p>","protected":false},"excerpt":{"rendered":"<p class=\"whitespace-normal break-words\">El Bang Leader 80000 Blueberry Ice\/Black Dragon Ice\/Mango Peach ofrece tres sabores intensos: ar\u00e1ndano helado, refrescante Black Dragon Ice y combinaci\u00f3n tropical de mango y melocot\u00f3n. Con 78 ML de e-l\u00edquido, 80.000 caladas, bobina de malla de 1,0\u03a9 y bater\u00eda de 850mAh: \u00a1m\u00e1ximo sabor y flexibilidad en un solo dispositivo!<\/p>","protected":false},"featured_media":3224,"comment_status":"open","ping_status":"closed","template":"","meta":{"_acf_changed":false},"product_brand":[],"product_cat":[35],"product_tag":[],"class_list":{"0":"post-3223","1":"product","2":"type-product","3":"status-publish","4":"has-post-thumbnail","6":"product_cat-bang-leader-80000","8":"first","9":"instock","10":"shipping-taxable","11":"purchasable","12":"product-type-variable"},"acf":[],"_links":{"self":[{"href":"https:\/\/fumotpuff.com\/es\/wp-json\/wp\/v2\/product\/3223","targetHints":{"allow":["GET"]}}],"collection":[{"href":"https:\/\/fumotpuff.com\/es\/wp-json\/wp\/v2\/product"}],"about":[{"href":"https:\/\/fumotpuff.com\/es\/wp-json\/wp\/v2\/types\/product"}],"replies":[{"embeddable":true,"href":"https:\/\/fumotpuff.com\/es\/wp-json\/wp\/v2\/comments?post=3223"}],"wp:featuredmedia":[{"embeddable":true,"href":"https:\/\/fumotpuff.com\/es\/wp-json\/wp\/v2\/media\/3224"}],"wp:attachment":[{"href":"https:\/\/fumotpuff.com\/es\/wp-json\/wp\/v2\/media?parent=3223"}],"wp:term":[{"taxonomy":"product_brand","embeddable":true,"href":"https:\/\/fumotpuff.com\/es\/wp-json\/wp\/v2\/product_brand?post=3223"},{"taxonomy":"product_cat","embeddable":true,"href":"https:\/\/fumotpuff.com\/es\/wp-json\/wp\/v2\/product_cat?post=3223"},{"taxonomy":"product_tag","embeddable":true,"href":"https:\/\/fumotpuff.com\/es\/wp-json\/wp\/v2\/product_tag?post=3223"}],"curies":[{"name":"wp","href":"https:\/\/api.w.org\/{rel}","templated":true}]}}