{"id":3209,"date":"2025-10-18T04:53:16","date_gmt":"2025-10-18T02:53:16","guid":{"rendered":"https:\/\/fumotpuff.com\/?post_type=product&#038;p=3209"},"modified":"2025-10-18T04:53:16","modified_gmt":"2025-10-18T02:53:16","slug":"bang-leader-80000-cola-ice-blueberry-raspberry-peach-mango-watermelon","status":"publish","type":"product","link":"https:\/\/fumotpuff.com\/es\/producto\/bang-leader-80000-cola-ice-blueberry-raspberry-peach-mango-watermelon\/","title":{"rendered":"Bang Leader 80000 Cola Ice\/Ar\u00e1ndano Frambuesa\/Melocot\u00f3n Mango Sand\u00eda"},"content":{"rendered":"<h2 class=\"text-xl font-bold text-text-100 mt-1 -mb-0.5\">Bang Leader 80000 Cola Ice\/Ar\u00e1ndano Frambuesa\/Melocot\u00f3n Mango Sand\u00eda Vape Desechable<\/h2>\n<p class=\"whitespace-normal break-words\">El Bang Leader 80000 es un dispositivo desechable de alto rendimiento con una enorme capacidad, dise\u00f1ado para los usuarios que prefieren flexibilidad y resistencia al vapear. El avanzado sistema de sabor 3 en 1 integra tres tanques independientes de 26 ml con una capacidad combinada de 78 ml de e-l\u00edquido y permite cambiar f\u00e1cilmente entre tres sabores distintos: cola helada, mezcla afrutada de ar\u00e1ndanos y frambuesa y combinaci\u00f3n tropical de melocot\u00f3n, mango y sand\u00eda.<\/p>\n<p class=\"whitespace-normal break-words\">La tecnolog\u00eda de vaporizador de malla de 1,0 \u03a9 utilizada produce un vapor suave con un sabor intenso. La unidad de almacenamiento de energ\u00eda recargable de 850 mAh garantiza tiempos de funcionamiento prolongados, mientras que la tecnolog\u00eda de carga r\u00e1pida Type-C minimiza los tiempos de espera.<\/p>\n<p class=\"whitespace-normal break-words\">Disponible con un contenido de nicotina de 0 %, 2 %, 3 % y 5 %, la Bang Leader 80K atrae a varios grupos de usuarios.<\/p>\n<h3 class=\"text-lg font-bold text-text-100 mt-1 -mb-1.5\">Caracter\u00edsticas del Bang Leader 80000:<\/h3>\n<p class=\"whitespace-normal break-words\">Este producto de vapor est\u00e1 revolucionando la industria con su enorme capacidad de hasta 80.000 caladas y puntuaciones con una consistencia e intensidad de sabor excepcionales. La primera elecci\u00f3n para los grandes consumidores que desean un gran volumen y una calidad de primera clase en un formato elegante y moderno.<\/p>\n<p class=\"whitespace-normal break-words\">El sistema especial de c\u00e1mara 3 en 1 le permite disfrutar de tres sabores distintos en un dispositivo compacto. Alterne entre los sabores como desee o comb\u00ednelos individualmente: experimente nuevos matices de sabor y disfrute al m\u00e1ximo con cada calada.<\/p>\n<p class=\"whitespace-normal break-words\">Equipado con 78 ml de e-l\u00edquido de primera calidad, el dispositivo garantiza un uso duradero sin necesidad de rellenarlo. Perfecto para uso m\u00f3vil y continuo.<\/p>\n<p class=\"whitespace-normal break-words\">La potente bater\u00eda de 850 mAh con funci\u00f3n de carga ofrece varias horas de autonom\u00eda y carga r\u00e1pida a trav\u00e9s del puerto Type-C, para que tu dispositivo est\u00e9 siempre listo para usar.<\/p>\n<p class=\"whitespace-normal break-words\">La tecnolog\u00eda de doble bobina implementada con resistencia de 1,0 \u03a9 crea un vapor voluminoso y arom\u00e1tico y proporciona una experiencia de vapor uniforme y suave desde la primera hasta la \u00faltima calada.<\/p>\n<p class=\"whitespace-normal break-words\">Disponible en nicotina 0 %, 2 %, 3 % y 5 % - el Bang Leader 80000 est\u00e1 dirigido tanto a vapeadores ocasionales como frecuentes.<\/p>\n<h3 class=\"text-lg font-bold text-text-100 mt-1 -mb-1.5\">Especificaciones del producto:<\/h3>\n<p class=\"whitespace-normal break-words\"><strong>N\u00famero de trenes:<\/strong> Hasta 80.000 trenes<br \/>\n<strong>Contenido de nicotina:<\/strong> 0 % \/ 2 % \/ 3 % \/ 5 %<br \/>\n<strong>Sabores:<\/strong> Cola Ice, Ar\u00e1ndano Frambuesa, Melocot\u00f3n Mango Sand\u00eda<br \/>\n<strong>Volumen de e-l\u00edquido:<\/strong> 78 ml precargados (3 vainas de 26 ml cada una)<br \/>\n<strong>Bater\u00eda:<\/strong> 850 mAh recargable<br \/>\n<strong>Vaporizador:<\/strong> 1,0 \u03a9 Bobina de malla<br \/>\n<strong>Interfaz de carga:<\/strong> Tipo-C<\/p>\n<h3 class=\"text-lg font-bold text-text-100 mt-1 -mb-1.5\">Descubre m\u00e1s BANG VAPE en fumotpuff<\/h3>\n<p class=\"whitespace-normal break-words\">Sum\u00e9rjase en el mundo del vapor premium de <strong><a class=\"underline\" href=\"https:\/\/fumotpuff.com\/es\/\">fumotpuff.com<\/a><\/strong> y descubra productos innovadores de la m\u00e1xima calidad. En la <strong><a class=\"underline\" href=\"https:\/\/fumotpuff.com\/es\/product-category\/bang-vape\/\">Categor\u00eda BANG VAPE<\/a><\/strong> puedes esperar potentes vapeadores desechables. Puedes encontrar todos los sabores del Bang Leader 80000 en nuestro <strong><a class=\"underline\" href=\"https:\/\/fumotpuff.com\/es\/product-category\/bang-vape\/bang-leader-80000\/\">Surtido de sabores<\/a><\/strong>.<\/p>","protected":false},"excerpt":{"rendered":"<p class=\"whitespace-normal break-words\">El Bang Leader 80000 Cola Ice\/Blueberry Raspberry\/Peach Mango Watermelon combina tres excitantes sabores: cola helada, mezcla afrutada de ar\u00e1ndano y frambuesa y melocot\u00f3n tropical-mango-sand\u00eda. Con 78 ML de e-l\u00edquido, 80.000 caladas, bobina de malla de 1,0\u03a9 y bater\u00eda de 850mAh: \u00a1una variedad ilimitada de sabores en un solo dispositivo!<\/p>","protected":false},"featured_media":3210,"comment_status":"open","ping_status":"closed","template":"","meta":{"_acf_changed":false},"product_brand":[],"product_cat":[35],"product_tag":[],"class_list":{"0":"post-3209","1":"product","2":"type-product","3":"status-publish","4":"has-post-thumbnail","6":"product_cat-bang-leader-80000","8":"first","9":"instock","10":"shipping-taxable","11":"purchasable","12":"product-type-variable"},"acf":[],"_links":{"self":[{"href":"https:\/\/fumotpuff.com\/es\/wp-json\/wp\/v2\/product\/3209","targetHints":{"allow":["GET"]}}],"collection":[{"href":"https:\/\/fumotpuff.com\/es\/wp-json\/wp\/v2\/product"}],"about":[{"href":"https:\/\/fumotpuff.com\/es\/wp-json\/wp\/v2\/types\/product"}],"replies":[{"embeddable":true,"href":"https:\/\/fumotpuff.com\/es\/wp-json\/wp\/v2\/comments?post=3209"}],"wp:featuredmedia":[{"embeddable":true,"href":"https:\/\/fumotpuff.com\/es\/wp-json\/wp\/v2\/media\/3210"}],"wp:attachment":[{"href":"https:\/\/fumotpuff.com\/es\/wp-json\/wp\/v2\/media?parent=3209"}],"wp:term":[{"taxonomy":"product_brand","embeddable":true,"href":"https:\/\/fumotpuff.com\/es\/wp-json\/wp\/v2\/product_brand?post=3209"},{"taxonomy":"product_cat","embeddable":true,"href":"https:\/\/fumotpuff.com\/es\/wp-json\/wp\/v2\/product_cat?post=3209"},{"taxonomy":"product_tag","embeddable":true,"href":"https:\/\/fumotpuff.com\/es\/wp-json\/wp\/v2\/product_tag?post=3209"}],"curies":[{"name":"wp","href":"https:\/\/api.w.org\/{rel}","templated":true}]}}