{"id":3202,"date":"2025-10-18T04:50:57","date_gmt":"2025-10-18T02:50:57","guid":{"rendered":"https:\/\/fumotpuff.com\/?post_type=product&#038;p=3202"},"modified":"2025-10-18T04:50:57","modified_gmt":"2025-10-18T02:50:57","slug":"bang-leader-80000-strawberry-and-watermelon-grape-ice-rainbow-candy","status":"publish","type":"product","link":"https:\/\/fumotpuff.com\/es\/producto\/bang-leader-80000-strawberry-and-watermelon-grape-ice-rainbow-candy\/","title":{"rendered":"Bang Leader 80000 Fresa y sand\u00eda\/Hielo de uva\/Caramelos arco iris"},"content":{"rendered":"<h2 class=\"text-xl font-bold text-text-100 mt-1 -mb-0.5\">Bang Leader 80000 Vape Desechable de Fresa y Sand\u00eda\/Hielo de Uva\/Caramelo de Arco Iris<\/h2>\n<p class=\"whitespace-normal break-words\">El Bang Leader 80000 es un potente dispositivo de vapeo desechable con una capacidad impresionante, creado para los vapeadores que aprecian la variedad y la longevidad. El innovador sistema de sabor 3 en 1 tiene tres vainas separadas de 26 ml con un total de 78 ml de e-l\u00edquido y permite cambiar f\u00e1cilmente entre tres sabores diferentes: dulce combinaci\u00f3n de fresa y sand\u00eda, refrescante uva con un toque de hielo y colorido caramelo arco iris.<\/p>\n<p class=\"whitespace-normal break-words\">La bobina de malla integrada de 1,0 \u03a9 proporciona un vapor suave con un aroma intenso. La bater\u00eda recargable de 850 mAh garantiza un uso prolongado y, gracias a la carga r\u00e1pida Type-C, el tiempo de inactividad se reduce al m\u00ednimo.<\/p>\n<p class=\"whitespace-normal break-words\">Disponible en concentraciones de nicotina de 0 %, 2 %, 3 % y 5 % - el Bang Leader 80K cubre una amplia gama de preferencias.<\/p>\n<h3 class=\"text-lg font-bold text-text-100 mt-1 -mb-1.5\">Bang Leader 80000 Puffs Ventajas:<\/h3>\n<p class=\"whitespace-normal break-words\">El e-cigarrillo Bang Leader 80000 Puffs impresiona con su impresionante capacidad de hasta 80.000 caladas y ofrece una longevidad excepcional combinada con un excelente perfil de sabor. Perfecto para los vapers conocedores que quieren ver la masa y la clase combinada en un dise\u00f1o elegante y contempor\u00e1neo.<\/p>\n<p class=\"whitespace-normal break-words\">Gracias al sistema integrado de c\u00e1mara de sabores 3 en 1, los usuarios pueden disfrutar de tres experiencias de sabor distintas en un solo dispositivo. Gire con flexibilidad entre los tres sabores o cree sus propias combinaciones de sabores: cada calada abre nuevos momentos de placer y una gran variedad de sabores.<\/p>\n<p class=\"whitespace-normal break-words\">Los 78 ml de e-l\u00edquido de alta calidad garantizan una larga vida \u00fatil sin necesidad de rellenarlo. Ideal para viajes y usos prolongados.<\/p>\n<p class=\"whitespace-normal break-words\">Una eficiente bater\u00eda recargable de 850 mAh con opci\u00f3n de recarga proporciona horas de funcionamiento y tiempos de carga cortos a trav\u00e9s de Type-C, lo que garantiza que su dispositivo de vapor est\u00e9 siempre listo para su uso.<\/p>\n<p class=\"whitespace-normal break-words\">La arquitectura de doble bobina con resistencia de 1,0 \u03a9 produce un vapor rico y sabroso y garantiza una experiencia de vapor homog\u00e9nea y agradable de principio a fin.<\/p>\n<p class=\"whitespace-normal break-words\">Disponible en los niveles de nicotina 0 %, 2 %, 3 % y 5 % - el Bang Leader 80000 sirve tanto para vapers recreativos como para entusiastas.<\/p>\n<h3 class=\"text-lg font-bold text-text-100 mt-1 -mb-1.5\">Especificaciones del producto:<\/h3>\n<p class=\"whitespace-normal break-words\"><strong>N\u00famero de trenes:<\/strong> Hasta 80.000 trenes<br \/>\n<strong>Contenido de nicotina:<\/strong> 0 % \/ 2 % \/ 3 % \/ 5 %<br \/>\n<strong>Sabores:<\/strong> Fresa y Sand\u00eda, Hielo de Uva, Caramelo Arco Iris<br \/>\n<strong>Volumen de e-l\u00edquido:<\/strong> 78 ml precargados (3 vainas de 26 ml cada una)<br \/>\n<strong>Bater\u00eda:<\/strong> 850 mAh recargable<br \/>\n<strong>Vaporizador:<\/strong> 1,0 \u03a9 Bobina de malla<br \/>\n<strong>Interfaz de carga:<\/strong> Tipo-C<\/p>\n<h3 class=\"text-lg font-bold text-text-100 mt-1 -mb-1.5\">Descubre m\u00e1s BANG VAPE en fumotpuff<\/h3>\n<p class=\"whitespace-normal break-words\">Explore el mundo del vaping premium en <strong><a class=\"underline\" href=\"https:\/\/fumotpuff.com\/es\/\">fumotpuff.com<\/a><\/strong> con nuestra amplia cartera de productos. Nuestra <strong><a class=\"underline\" href=\"https:\/\/fumotpuff.com\/es\/product-category\/bang-vape\/\">Selecci\u00f3n BANG VAPE<\/a><\/strong> presenta los mejores aparatos para usuarios exigentes. El completo <strong><a class=\"underline\" href=\"https:\/\/fumotpuff.com\/es\/product-category\/bang-vape\/bang-leader-80000\/\">Paleta de sabores Bang Leader 80000<\/a><\/strong> est\u00e1 a su disposici\u00f3n.<\/p>","protected":false},"excerpt":{"rendered":"<p class=\"whitespace-normal break-words\">El Bang Leader 80000 Fresa y Sand\u00eda\/Grape Ice\/Rainbow Candy ofrece tres tentadores sabores: dulce fresa y sand\u00eda, refrescante uva con hielo y colorido rainbow candy. Con 78 ML de e-l\u00edquido, 80.000 caladas, bobina de malla de 1,0\u03a9 y bater\u00eda de 850mAh: \u00a1m\u00e1ximo sabor y variedad en un solo dispositivo!<\/p>","protected":false},"featured_media":3203,"comment_status":"open","ping_status":"closed","template":"","meta":{"_acf_changed":false},"product_brand":[],"product_cat":[35],"product_tag":[],"class_list":{"0":"post-3202","1":"product","2":"type-product","3":"status-publish","4":"has-post-thumbnail","6":"product_cat-bang-leader-80000","8":"first","9":"instock","10":"shipping-taxable","11":"purchasable","12":"product-type-variable"},"acf":[],"_links":{"self":[{"href":"https:\/\/fumotpuff.com\/es\/wp-json\/wp\/v2\/product\/3202","targetHints":{"allow":["GET"]}}],"collection":[{"href":"https:\/\/fumotpuff.com\/es\/wp-json\/wp\/v2\/product"}],"about":[{"href":"https:\/\/fumotpuff.com\/es\/wp-json\/wp\/v2\/types\/product"}],"replies":[{"embeddable":true,"href":"https:\/\/fumotpuff.com\/es\/wp-json\/wp\/v2\/comments?post=3202"}],"wp:featuredmedia":[{"embeddable":true,"href":"https:\/\/fumotpuff.com\/es\/wp-json\/wp\/v2\/media\/3203"}],"wp:attachment":[{"href":"https:\/\/fumotpuff.com\/es\/wp-json\/wp\/v2\/media?parent=3202"}],"wp:term":[{"taxonomy":"product_brand","embeddable":true,"href":"https:\/\/fumotpuff.com\/es\/wp-json\/wp\/v2\/product_brand?post=3202"},{"taxonomy":"product_cat","embeddable":true,"href":"https:\/\/fumotpuff.com\/es\/wp-json\/wp\/v2\/product_cat?post=3202"},{"taxonomy":"product_tag","embeddable":true,"href":"https:\/\/fumotpuff.com\/es\/wp-json\/wp\/v2\/product_tag?post=3202"}],"curies":[{"name":"wp","href":"https:\/\/api.w.org\/{rel}","templated":true}]}}