{"id":3195,"date":"2025-10-18T04:48:10","date_gmt":"2025-10-18T02:48:10","guid":{"rendered":"https:\/\/fumotpuff.com\/?post_type=product&#038;p=3195"},"modified":"2025-10-18T04:48:10","modified_gmt":"2025-10-18T02:48:10","slug":"bang-leader-80000-raspberry-mojito-peach-ice-strawberry-and-watermelon-kiwi-passion-fruit-guava","status":"publish","type":"product","link":"https:\/\/fumotpuff.com\/es\/producto\/bang-leader-80000-raspberry-mojito-peach-ice-strawberry-and-watermelon-kiwi-passion-fruit-guava\/","title":{"rendered":"Bang Leader 80000 Frambuesa Mojito Melocot\u00f3n Helado\/Fresa Y Sand\u00eda\/Kiwi Fruta De La Pasi\u00f3n Guayaba"},"content":{"rendered":"<h2 class=\"text-xl font-bold text-text-100 mt-1 -mb-0.5\">Bang Leader 80000 Frambuesa Mojito Melocot\u00f3n Helado\/Fresa Y Sand\u00eda\/Kiwi Fruta De La Pasi\u00f3n Guayaba Vape Desechable<\/h2>\n<p class=\"whitespace-normal break-words\">El Bang Leader 80000 es un cigarrillo electr\u00f3nico desechable de gran capacidad, desarrollado para usuarios que exigen variedad y consistencia de sabores. El exclusivo concepto 3 en 1 combina tres cartuchos separados de 26 ml con un total de 78 ml de e-l\u00edquido y permite cambiar sin esfuerzo entre tres sabores distintivos: mojito de frambuesa espumoso con hielo de melocot\u00f3n, combinaci\u00f3n dulce de fresa y sand\u00eda y mezcla tropical de kiwi, fruta de la pasi\u00f3n y guayaba.<\/p>\n<p class=\"whitespace-normal break-words\">La bobina de malla de 1,0 \u03a9 produce un vapor suave y aterciopelado con un sabor aut\u00e9ntico. La bater\u00eda integrada de 850 mAh con funci\u00f3n de carga garantiza un funcionamiento duradero, y la carga r\u00e1pida Type-C minimiza las interrupciones.<\/p>\n<p class=\"whitespace-normal break-words\">Disponible en concentraciones de nicotina de 0 %, 2 %, 3 % y 5 %, la Bang Leader 80K satisface una amplia gama de requisitos.<\/p>\n<h3 class=\"text-lg font-bold text-text-100 mt-1 -mb-1.5\">Ventajas del Bang Leader 80000 Puff:<\/h3>\n<p class=\"whitespace-normal break-words\">Este dispositivo de vapeo establece nuevos est\u00e1ndares con su impresionante rendimiento de hasta 80.000 caladas e impresiona por su incomparable durabilidad y calidad de sabor. Ideal para vapeadores exigentes que buscan cantidad y calidad premium en una carcasa elegante y moderna.<\/p>\n<p class=\"whitespace-normal break-words\">Cada dispositivo ofrece un sistema de c\u00e1mara de aromas 3 en 1 que combina tres sabores diferentes en un \u00fanico cigarrillo electr\u00f3nico. Cambie libremente entre los sabores o m\u00e9zclelos a su gusto: descubra nuevas experiencias de sabor y puro placer con cada calada.<\/p>\n<p class=\"whitespace-normal break-words\">Con una capacidad de 78 ml de e-l\u00edquido premium, se garantiza un uso prolongado sin rellenar. Ideal para viajes y usos prolongados.<\/p>\n<p class=\"whitespace-normal break-words\">Equipado con una bater\u00eda recargable de 850 mAh de alto rendimiento con funci\u00f3n de recarga, ofrece horas de funcionamiento y carga r\u00e1pida a trav\u00e9s de Type-C para que tu e-cigarrillo permanezca listo para usar en todo momento.<\/p>\n<p class=\"whitespace-normal break-words\">El sistema integrado de doble bobina con resistencia de 1,0 \u03a9 produce un vapor denso y arom\u00e1tico y garantiza una experiencia de vapeo suave y uniforme desde la primera hasta la \u00faltima calada.<\/p>\n<p class=\"whitespace-normal break-words\">Disponible en 0 %, 2 %, 3 % y 5 % nicotina - el Bang Leader 80000 es adecuado tanto para vapers ocasionales como intensivos.<\/p>\n<h3 class=\"text-lg font-bold text-text-100 mt-1 -mb-1.5\">Especificaciones del producto:<\/h3>\n<p class=\"whitespace-normal break-words\"><strong>N\u00famero de trenes:<\/strong> Hasta 80.000 trenes<br \/>\n<strong>Contenido de nicotina:<\/strong> 0 % \/ 2 % \/ 3 % \/ 5 %<br \/>\n<strong>Sabores:<\/strong> Frambuesa Mojito Melocot\u00f3n Helado, Fresa Y Sand\u00eda, Kiwi Fruta De La Pasi\u00f3n Guayaba<br \/>\n<strong>Volumen de e-l\u00edquido:<\/strong> 78 ml precargados (3 vainas de 26 ml cada una)<br \/>\n<strong>Bater\u00eda:<\/strong> 850 mAh recargable<br \/>\n<strong>Vaporizador:<\/strong> 1,0 \u03a9 Bobina de malla<br \/>\n<strong>Interfaz de carga:<\/strong> Tipo-C<\/p>\n<h3 class=\"text-lg font-bold text-text-100 mt-1 -mb-1.5\">Descubre m\u00e1s BANG VAPE en fumotpuff<\/h3>\n<p class=\"whitespace-normal break-words\">Consulte nuestra amplia gama en <strong><a class=\"underline\" href=\"https:\/\/fumotpuff.com\/es\/\">fumotpuff.com<\/a><\/strong> y experimente una tecnolog\u00eda de vapor de primera clase. El <strong><a class=\"underline\" href=\"https:\/\/fumotpuff.com\/es\/product-category\/bang-vape\/\">L\u00ednea de productos BANG VAPE<\/a><\/strong> ofrece soluciones innovadoras para cada necesidad. Todos los sabores del Bang Leader 80000 est\u00e1n disponibles en nuestro <strong><a class=\"underline\" href=\"https:\/\/fumotpuff.com\/es\/product-category\/bang-vape\/bang-leader-80000\/\">selecci\u00f3n especial de sabores<\/a><\/strong> para ti.<\/p>","protected":false},"excerpt":{"rendered":"<p class=\"whitespace-normal break-words\">El Bang Leader 80000 Raspberry Mojito Peach Ice\/Strawberry And Watermelon\/Kiwi Passion Fruit Guava combina tres sabores ex\u00f3ticos: chispeante mojito de frambuesa con hielo de melocot\u00f3n, dulce sand\u00eda de fresa y tropical guayaba de fruta de la pasi\u00f3n de kiwi. 78 ML de e-liquido, 80.000 caladas, bobina de malla de 1,0\u03a9, bater\u00eda de 850mAh - \u00a1disfrute sin l\u00edmites!<\/p>","protected":false},"featured_media":3196,"comment_status":"open","ping_status":"closed","template":"","meta":{"_acf_changed":false},"product_brand":[],"product_cat":[35],"product_tag":[],"class_list":{"0":"post-3195","1":"product","2":"type-product","3":"status-publish","4":"has-post-thumbnail","6":"product_cat-bang-leader-80000","8":"first","9":"instock","10":"shipping-taxable","11":"purchasable","12":"product-type-variable"},"acf":[],"_links":{"self":[{"href":"https:\/\/fumotpuff.com\/es\/wp-json\/wp\/v2\/product\/3195","targetHints":{"allow":["GET"]}}],"collection":[{"href":"https:\/\/fumotpuff.com\/es\/wp-json\/wp\/v2\/product"}],"about":[{"href":"https:\/\/fumotpuff.com\/es\/wp-json\/wp\/v2\/types\/product"}],"replies":[{"embeddable":true,"href":"https:\/\/fumotpuff.com\/es\/wp-json\/wp\/v2\/comments?post=3195"}],"wp:featuredmedia":[{"embeddable":true,"href":"https:\/\/fumotpuff.com\/es\/wp-json\/wp\/v2\/media\/3196"}],"wp:attachment":[{"href":"https:\/\/fumotpuff.com\/es\/wp-json\/wp\/v2\/media?parent=3195"}],"wp:term":[{"taxonomy":"product_brand","embeddable":true,"href":"https:\/\/fumotpuff.com\/es\/wp-json\/wp\/v2\/product_brand?post=3195"},{"taxonomy":"product_cat","embeddable":true,"href":"https:\/\/fumotpuff.com\/es\/wp-json\/wp\/v2\/product_cat?post=3195"},{"taxonomy":"product_tag","embeddable":true,"href":"https:\/\/fumotpuff.com\/es\/wp-json\/wp\/v2\/product_tag?post=3195"}],"curies":[{"name":"wp","href":"https:\/\/api.w.org\/{rel}","templated":true}]}}