{"id":314,"date":"2025-09-11T12:36:12","date_gmt":"2025-09-11T10:36:12","guid":{"rendered":"https:\/\/fumotpuff.com\/?post_type=product&#038;p=314"},"modified":"2026-01-29T11:53:59","modified_gmt":"2026-01-29T10:53:59","slug":"fumot-leopard-40k-blueberry-raspberry","status":"publish","type":"product","link":"https:\/\/fumotpuff.com\/es\/producto\/fumot-leopard-40k-blueberry-raspberry\/","title":{"rendered":"Fumot Leopardo 40K Ar\u00e1ndano Frambuesa"},"content":{"rendered":"<h2 class=\"text-xl font-bold text-text-100 mt-1 -mb-0.5\">Fumot Leopard 40K Blueberry Raspberry e-cigarrillo desechable - 40.000 caladas<\/h2>\n<p class=\"whitespace-normal break-words\">El Fumot Leopard 40K Blueberry Raspberry es un potente cigarrillo electr\u00f3nico desechable con hasta 40.000 caladas de exquisita combinaci\u00f3n de bayas. Dise\u00f1ado con una carcasa exterior transparente y expresivos gr\u00e1ficos de leopardo, a\u00f1ade una din\u00e1mica visual inconfundible a cualquier experiencia de vapeo. La pantalla LED incorporada proporciona informaci\u00f3n sobre el e-l\u00edquido y el estado de la bater\u00eda y, al mismo tiempo, ofrece espectaculares efectos de iluminaci\u00f3n.<\/p>\n<h3 class=\"text-lg font-bold text-text-100 mt-1 -mb-1.5\">Fumot Leopard 40K Blueberry Raspberry Caracter\u00edsticas principales<\/h3>\n<p class=\"whitespace-normal break-words\">El Fumot Leopard 40K Blueberry Raspberry ofrece hasta 40.000 caladas de sabor intenso y fue desarrollado para un rendimiento excepcional. El sistema de doble bobina de malla produce sabores intensos de ar\u00e1ndano y frambuesa y una calidad de vapor suave desde la primera hasta la \u00faltima calada.<\/p>\n<p class=\"whitespace-normal break-words\">Con potencias de nicotina de 0%, 2%, 3% y 5%, el dispositivo se adapta a las necesidades individuales. La bater\u00eda recargable de 700 mAh garantiza una vida \u00fatil prolongada, mientras que la carga r\u00e1pida Type-C reduce dr\u00e1sticamente los tiempos de inactividad.<\/p>\n<p class=\"whitespace-normal break-words\">La luz giratoria din\u00e1mica RGB crea efectos coloridos con cada inhalaci\u00f3n y convierte el vapeo en una atracci\u00f3n visual. La pantalla digital ofrece informaci\u00f3n actualizada en tiempo real sobre la capacidad de la bater\u00eda y el aceite.<\/p>\n<h3 class=\"text-lg font-bold text-text-100 mt-1 -mb-1.5\">Especificaciones t\u00e9cnicas<\/h3>\n<p class=\"whitespace-normal break-words\"><strong>Trenes:<\/strong> Hasta 40.000<br \/>\n<strong>Nicotina:<\/strong> 0% \/ 2% \/ 3% \/ 5%<br \/>\n<strong>Bater\u00eda:<\/strong> 700 mAh recargable<br \/>\n<strong>Bobina:<\/strong> Bobina de malla doble<br \/>\n<strong>Cargando:<\/strong> Tipo-C<br \/>\n<strong>Iluminaci\u00f3n:<\/strong> Luz giratoria din\u00e1mica RGB<br \/>\n<strong>Pantalla:<\/strong> Indicador digital de l\u00edquido y estado de la bater\u00eda<br \/>\n<strong>Embalaje:<\/strong> 10 unidades por paquete<\/p>\n<h3 class=\"text-lg font-bold text-text-100 mt-1 -mb-1.5\">Descubre m\u00e1s FUMOT VAPE en fumotpuff<\/h3>\n<p class=\"whitespace-normal break-words\">Visite nuestro <strong><a class=\"underline\" href=\"https:\/\/fumotpuff.com\/es\/\">P\u00e1gina de inicio<\/a><\/strong> para m\u00e1s productos vapour, descubra la gama completa <strong><a class=\"underline\" href=\"https:\/\/fumotpuff.com\/es\/product-category\/fumot-vape\/\">FUMOT VAPE Categor\u00eda de producto<\/a><\/strong> o encuentre su variedad favorita en la <strong><a class=\"underline\" href=\"https:\/\/fumotpuff.com\/es\/product-category\/fumot-vape\/fumot-leopard-40k\/\">Selecci\u00f3n de sabores Fumot Leopard 40K<\/a><\/strong>.<\/p>","protected":false},"excerpt":{"rendered":"<div>\n<div class=\"grid-cols-1 grid gap-2.5 [&amp;_&gt;_*]:min-w-0 !gap-3.5\">\n<p class=\"whitespace-normal break-words\">Die Fumot Leopard 40K Blueberry Raspberry Einweg-Vape bietet 40.000 Z\u00fcge mit intensiver Blaubeer-Himbeer-Kombination. Transparentes Leoparden-Design, RGB-Lichteffekte und digitales Display schaffen ein faszinierendes Dampferlebnis. Dual-Mesh-Coils und 700mAh Akku f\u00fcr Premium-Performance.<\/p>\n<\/div>\n<\/div>\n<div class=\"h-8\"><\/div>\n","protected":false},"featured_media":315,"comment_status":"open","ping_status":"closed","template":"","meta":{"_acf_changed":false},"product_brand":[],"product_cat":[19],"product_tag":[],"class_list":{"0":"post-314","1":"product","2":"type-product","3":"status-publish","4":"has-post-thumbnail","6":"product_cat-fumot-leopard-40k","8":"first","9":"instock","10":"shipping-taxable","11":"purchasable","12":"product-type-variable"},"acf":[],"_links":{"self":[{"href":"https:\/\/fumotpuff.com\/es\/wp-json\/wp\/v2\/product\/314","targetHints":{"allow":["GET"]}}],"collection":[{"href":"https:\/\/fumotpuff.com\/es\/wp-json\/wp\/v2\/product"}],"about":[{"href":"https:\/\/fumotpuff.com\/es\/wp-json\/wp\/v2\/types\/product"}],"replies":[{"embeddable":true,"href":"https:\/\/fumotpuff.com\/es\/wp-json\/wp\/v2\/comments?post=314"}],"wp:featuredmedia":[{"embeddable":true,"href":"https:\/\/fumotpuff.com\/es\/wp-json\/wp\/v2\/media\/315"}],"wp:attachment":[{"href":"https:\/\/fumotpuff.com\/es\/wp-json\/wp\/v2\/media?parent=314"}],"wp:term":[{"taxonomy":"product_brand","embeddable":true,"href":"https:\/\/fumotpuff.com\/es\/wp-json\/wp\/v2\/product_brand?post=314"},{"taxonomy":"product_cat","embeddable":true,"href":"https:\/\/fumotpuff.com\/es\/wp-json\/wp\/v2\/product_cat?post=314"},{"taxonomy":"product_tag","embeddable":true,"href":"https:\/\/fumotpuff.com\/es\/wp-json\/wp\/v2\/product_tag?post=314"}],"curies":[{"name":"wp","href":"https:\/\/api.w.org\/{rel}","templated":true}]}}