{"id":306,"date":"2025-09-11T12:33:07","date_gmt":"2025-09-11T10:33:07","guid":{"rendered":"https:\/\/fumotpuff.com\/?post_type=product&#038;p=306"},"modified":"2026-01-29T11:54:10","modified_gmt":"2026-01-29T10:54:10","slug":"fumot-leopard-40k-mixed-berries","status":"publish","type":"product","link":"https:\/\/fumotpuff.com\/es\/producto\/fumot-leopard-40k-mixed-berries\/","title":{"rendered":"Fumot Leopardo 40K Mezcla de bayas"},"content":{"rendered":"<h2 class=\"text-xl font-bold text-text-100 mt-1 -mb-0.5\">Cigarrillo electr\u00f3nico desechable Fumot Leopard 40K Mixed Berries - 40.000 caladas<\/h2>\n<p class=\"whitespace-normal break-words\">El Fumot Leopard 40K Mixed Berries es un cigarrillo electr\u00f3nico desechable de gran capacidad con hasta 40.000 caladas de mezcla de bayas afrutadas. El dispositivo impresiona por su carcasa exterior transparente con una llamativa ilustraci\u00f3n de leopardo y confiere a cada momento de vapor una presencia visual extraordinaria. La pantalla LED integrada no s\u00f3lo visualiza los niveles de e-l\u00edquido y bater\u00eda, sino que tambi\u00e9n crea impresionantes efectos luminosos.<\/p>\n<h3 class=\"text-lg font-bold text-text-100 mt-1 -mb-1.5\">Fumot Leopard 40K Mixed Berries Caracter\u00edsticas principales<\/h3>\n<p class=\"whitespace-normal break-words\">El Fumot Leopard 40K Mixed Berries ofrece hasta 40.000 caladas de sabor y ha sido dise\u00f1ado para un rendimiento \u00f3ptimo. El sistema de doble bobina de malla garantiza ricos sabores de bayas y el desarrollo de vapor suave desde la primera hasta la \u00faltima inhalaci\u00f3n.<\/p>\n<p class=\"whitespace-normal break-words\">Con opciones de nicotina de 0%, 2%, 3% y 5%, el dispositivo satisface una amplia gama de preferencias de vapor. La bater\u00eda recargable de 700 mAh garantiza un tiempo de funcionamiento duradero, mientras que la eficiente carga Type-C minimiza los tiempos de espera.<\/p>\n<p class=\"whitespace-normal break-words\">La luz giratoria din\u00e1mica RGB crea un vibrante juego de colores con cada calada y transforma el vapeo en una experiencia multisensorial. La pantalla de tubo digital proporciona informaci\u00f3n precisa en tiempo real sobre la capacidad del l\u00edquido y la bater\u00eda para un control \u00f3ptimo.<\/p>\n<h3 class=\"text-lg font-bold text-text-100 mt-1 -mb-1.5\">Especificaciones t\u00e9cnicas<\/h3>\n<p class=\"whitespace-normal break-words\"><strong>Trenes:<\/strong> Hasta 40.000<br \/>\n<strong>Nicotina:<\/strong> 0% \/ 2% \/ 3% \/ 5%<br \/>\n<strong>Bater\u00eda:<\/strong> 700 mAh recargable<br \/>\n<strong>Bobina:<\/strong> Bobina de malla doble<br \/>\n<strong>Cargando:<\/strong> Tipo-C<br \/>\n<strong>Iluminaci\u00f3n:<\/strong> Luz giratoria din\u00e1mica RGB<br \/>\n<strong>Pantalla:<\/strong> Indicador digital de l\u00edquido y estado de la bater\u00eda<br \/>\n<strong>Embalaje:<\/strong> 10 unidades por paquete<\/p>\n<h3 class=\"text-lg font-bold text-text-100 mt-1 -mb-1.5\">Descubre m\u00e1s FUMOT VAPE en fumotpuff<\/h3>\n<p class=\"whitespace-normal break-words\">Descubra m\u00e1s productos de vapor de alta calidad en nuestra <strong><a class=\"underline\" href=\"https:\/\/fumotpuff.com\/es\/\">P\u00e1gina de inicio<\/a><\/strong>Explore toda la <strong><a class=\"underline\" href=\"https:\/\/fumotpuff.com\/es\/product-category\/fumot-vape\/\">Categor\u00eda FUMOT VAPE<\/a><\/strong> o navegar por toda la <strong><a class=\"underline\" href=\"https:\/\/fumotpuff.com\/es\/product-category\/fumot-vape\/fumot-leopard-40k\/\">Colecci\u00f3n de sabores Fumot Leopard 40K<\/a><\/strong>.<\/p>","protected":false},"excerpt":{"rendered":"<div>\n<div class=\"grid-cols-1 grid gap-2.5 [&amp;_&gt;_*]:min-w-0 !gap-3.5\">\n<p class=\"whitespace-normal break-words\">Die Fumot Leopard 40K Mixed Berries Einweg-Vape vereint Premium-Beerengeschmack mit spektakul\u00e4rem Design. 40.000 Z\u00fcge, transparentes Leoparden-Geh\u00e4use, RGB-Lichteffekte und digitales Display sorgen f\u00fcr ein au\u00dfergew\u00f6hnliches Dampferlebnis. Dual-Mesh-Technologie und 700mAh Akku garantieren Performance.<\/p>\n<\/div>\n<\/div>\n<div class=\"h-8\"><\/div>\n","protected":false},"featured_media":307,"comment_status":"open","ping_status":"closed","template":"","meta":{"_acf_changed":false},"product_brand":[],"product_cat":[19],"product_tag":[],"class_list":{"0":"post-306","1":"product","2":"type-product","3":"status-publish","4":"has-post-thumbnail","6":"product_cat-fumot-leopard-40k","8":"first","9":"instock","10":"shipping-taxable","11":"purchasable","12":"product-type-variable"},"acf":[],"_links":{"self":[{"href":"https:\/\/fumotpuff.com\/es\/wp-json\/wp\/v2\/product\/306","targetHints":{"allow":["GET"]}}],"collection":[{"href":"https:\/\/fumotpuff.com\/es\/wp-json\/wp\/v2\/product"}],"about":[{"href":"https:\/\/fumotpuff.com\/es\/wp-json\/wp\/v2\/types\/product"}],"replies":[{"embeddable":true,"href":"https:\/\/fumotpuff.com\/es\/wp-json\/wp\/v2\/comments?post=306"}],"wp:featuredmedia":[{"embeddable":true,"href":"https:\/\/fumotpuff.com\/es\/wp-json\/wp\/v2\/media\/307"}],"wp:attachment":[{"href":"https:\/\/fumotpuff.com\/es\/wp-json\/wp\/v2\/media?parent=306"}],"wp:term":[{"taxonomy":"product_brand","embeddable":true,"href":"https:\/\/fumotpuff.com\/es\/wp-json\/wp\/v2\/product_brand?post=306"},{"taxonomy":"product_cat","embeddable":true,"href":"https:\/\/fumotpuff.com\/es\/wp-json\/wp\/v2\/product_cat?post=306"},{"taxonomy":"product_tag","embeddable":true,"href":"https:\/\/fumotpuff.com\/es\/wp-json\/wp\/v2\/product_tag?post=306"}],"curies":[{"name":"wp","href":"https:\/\/api.w.org\/{rel}","templated":true}]}}