{"id":2051,"date":"2025-10-05T06:03:10","date_gmt":"2025-10-05T04:03:10","guid":{"rendered":"https:\/\/fumotpuff.com\/?post_type=product&#038;p=2051"},"modified":"2025-10-05T06:03:53","modified_gmt":"2025-10-05T04:03:53","slug":"randm-tornado-9000-blueberry-sour-raspberry","status":"publish","type":"product","link":"https:\/\/fumotpuff.com\/es\/producto\/randm-tornado-9000-blueberry-sour-raspberry\/","title":{"rendered":"RandM Tornado 9000 Ar\u00e1ndano Frambuesa \u00e1cida"},"content":{"rendered":"<h2 class=\"text-xl font-bold text-text-100 mt-1 -mb-0.5\">RandM Tornado 9000 Vape Desechable Ar\u00e1ndano Frambuesa Agria<\/h2>\n<p class=\"whitespace-normal break-words\">RandM Tornado 9000 Blueberry Sour Raspberry ofrece una excitante combinaci\u00f3n de ar\u00e1ndanos dulces y frambuesas \u00e1cidas. Este sabor impresiona por su equilibrada interacci\u00f3n entre el dulzor afrutado y la refrescante acidez. Con un impresionante rendimiento de 9000 caladas y una capacidad de 18 ml de e-l\u00edquido, este dispositivo de vapeo desechable garantiza un disfrute a largo plazo. La avanzada tecnolog\u00eda de bobina de malla garantiza que tanto las suaves notas de ar\u00e1ndano como la \u00e1cida acidez de la frambuesa armonicen a la perfecci\u00f3n y ofrezcan una experiencia de sabor con m\u00faltiples capas en cada calada.<\/p>\n<h3 class=\"text-lg font-bold text-text-100 mt-1 -mb-1.5\">Caracter\u00edsticas del producto Frambuesa agria con ar\u00e1ndanos:<\/h3>\n<p class=\"whitespace-normal break-words\">Elija entre cuatro opciones de sal de nicotina (0%, 2%, 3%, 5%) para encontrar la potencia de nicotina \u00f3ptima para usted.<\/p>\n<p class=\"whitespace-normal break-words\">La precisa bobina de malla de 0,8 ohmios expresa a la perfecci\u00f3n los contrastes entre dulzura y acidez.<\/p>\n<p class=\"whitespace-normal break-words\">La clara pantalla LED permite controlar en todo momento la carga de la bater\u00eda y el estado de funcionamiento.<\/p>\n<p class=\"whitespace-normal break-words\">La potente bater\u00eda de 850 mAh con moderna tecnolog\u00eda de carga Type-C ofrece un rendimiento fiable a largo plazo.<\/p>\n<p class=\"whitespace-normal break-words\">La activaci\u00f3n autom\u00e1tica de la extracci\u00f3n garantiza una experiencia de vapeo c\u00f3moda y sin complicaciones, sin botones.<\/p>\n<h3 class=\"text-lg font-bold text-text-100 mt-1 -mb-1.5\">Especificaciones t\u00e9cnicas:<\/h3>\n<p class=\"whitespace-normal break-words\"><strong>Trenes:<\/strong> 9000<br \/>\n<strong>Contenido de nicotina:<\/strong> 0%\/2%\/3%\/5%<br \/>\n<strong>Tipo de nicotina:<\/strong> Sal de nicotina<br \/>\n<strong>Volumen del dep\u00f3sito:<\/strong> 18 ml<br \/>\n<strong>Resistencia:<\/strong> Bobina de malla de 0,8 Ohm<br \/>\n<strong>Bater\u00eda:<\/strong> 850mAh recargable<br \/>\n<strong>Conexi\u00f3n de carga:<\/strong> USB Tipo-C<br \/>\n<strong>Activaci\u00f3n:<\/strong> Control autom\u00e1tico de trenes<\/p>\n<h3 class=\"text-lg font-bold text-text-100 mt-1 -mb-1.5\">Descubre m\u00e1s FUMOT VAPE en fumotpuff<\/h3>\n<p class=\"whitespace-normal break-words\">Consulte nuestra amplia gama en <strong><a class=\"underline\" href=\"https:\/\/fumotpuff.com\/es\/\">fumotpuff.com<\/a><\/strong> o descubra la <strong><a class=\"underline\" href=\"https:\/\/fumotpuff.com\/es\/product-category\/fumot-vape\/\">Gama FUMOT VAPE<\/a><\/strong>. M\u00e1s variaciones deliciosas le esperan en el <strong><a class=\"underline\" href=\"https:\/\/fumotpuff.com\/es\/product-category\/fumot-vape\/randm-tornado-9000\/\">Colecci\u00f3n RandM Tornado 9000<\/a><\/strong>.<\/p>","protected":false},"excerpt":{"rendered":"<p class=\"whitespace-normal break-words\">El vapeador desechable RandM Tornado 9000 Blueberry Sour Raspberry proporciona hasta 9.000 caladas de ar\u00e1ndanos dulces y frambuesas \u00e1cidas. Equipado con 18ml de l\u00edquido de sal de nicotina, bobina de malla de 0.8\u03a9, bater\u00eda recargable de 850mAh, flujo de aire ajustable y pantalla LED para un disfrute equilibrado del vapor de bayas.<\/p>","protected":false},"featured_media":2053,"comment_status":"open","ping_status":"closed","template":"","meta":{"_acf_changed":false},"product_brand":[],"product_cat":[25],"product_tag":[],"class_list":{"0":"post-2051","1":"product","2":"type-product","3":"status-publish","4":"has-post-thumbnail","6":"product_cat-randm-tornado-9000","8":"first","9":"instock","10":"shipping-taxable","11":"purchasable","12":"product-type-variable"},"acf":[],"_links":{"self":[{"href":"https:\/\/fumotpuff.com\/es\/wp-json\/wp\/v2\/product\/2051","targetHints":{"allow":["GET"]}}],"collection":[{"href":"https:\/\/fumotpuff.com\/es\/wp-json\/wp\/v2\/product"}],"about":[{"href":"https:\/\/fumotpuff.com\/es\/wp-json\/wp\/v2\/types\/product"}],"replies":[{"embeddable":true,"href":"https:\/\/fumotpuff.com\/es\/wp-json\/wp\/v2\/comments?post=2051"}],"wp:featuredmedia":[{"embeddable":true,"href":"https:\/\/fumotpuff.com\/es\/wp-json\/wp\/v2\/media\/2053"}],"wp:attachment":[{"href":"https:\/\/fumotpuff.com\/es\/wp-json\/wp\/v2\/media?parent=2051"}],"wp:term":[{"taxonomy":"product_brand","embeddable":true,"href":"https:\/\/fumotpuff.com\/es\/wp-json\/wp\/v2\/product_brand?post=2051"},{"taxonomy":"product_cat","embeddable":true,"href":"https:\/\/fumotpuff.com\/es\/wp-json\/wp\/v2\/product_cat?post=2051"},{"taxonomy":"product_tag","embeddable":true,"href":"https:\/\/fumotpuff.com\/es\/wp-json\/wp\/v2\/product_tag?post=2051"}],"curies":[{"name":"wp","href":"https:\/\/api.w.org\/{rel}","templated":true}]}}