{"id":2044,"date":"2025-10-05T06:01:14","date_gmt":"2025-10-05T04:01:14","guid":{"rendered":"https:\/\/fumotpuff.com\/?post_type=product&#038;p=2044"},"modified":"2025-10-05T06:01:14","modified_gmt":"2025-10-05T04:01:14","slug":"randm-tornado-9000-ice-pop","status":"publish","type":"product","link":"https:\/\/fumotpuff.com\/es\/producto\/randm-tornado-9000-ice-pop\/","title":{"rendered":"RandM Tornado 9000 Ice Pop"},"content":{"rendered":"<h2 class=\"text-xl font-bold text-text-100 mt-1 -mb-0.5\">Vapeador desechable RandM Tornado 9000 Ice Pop<\/h2>\n<p class=\"whitespace-normal break-words\">El RandM Tornado 9000 Ice Pop captura a la perfecci\u00f3n el nost\u00e1lgico sabor de los populares polos. Esta refrescante variante combina varias notas afrutadas con un intenso efecto refrescante que recuerda a los sabores de los helados de verano. Con una capacidad de 9000 caladas y un volumen de e-l\u00edquido de 18ml, este dispositivo de vapeo desechable ofrece un refresco de larga duraci\u00f3n. La bobina de malla de alta calidad garantiza una reproducci\u00f3n aut\u00e9ntica de los coloridos sabores frutales junto con un potente acabado fr\u00edo que convierte cada calada en un refrescante momento culminante.<\/p>\n<h3 class=\"text-lg font-bold text-text-100 mt-1 -mb-1.5\">Aspectos destacados del producto Ice Pop:<\/h3>\n<p class=\"whitespace-normal break-words\">Personalice su experiencia de vapeo con las concentraciones de sales de nicotina disponibles de 0%, 2%, 3% o 5% para adaptarse a sus preferencias.<\/p>\n<p class=\"whitespace-normal break-words\">La construcci\u00f3n optimizada de la bobina de malla de 0,8 ohmios resalta perfectamente las distintas notas afrutadas y el efecto de enfriamiento.<\/p>\n<p class=\"whitespace-normal break-words\">La pantalla LED integrada te muestra en todo momento el estado actual de la bater\u00eda e informaci\u00f3n importante sobre el dispositivo.<\/p>\n<p class=\"whitespace-normal break-words\">La robusta bater\u00eda de 850 mAh con puerto de carga r\u00e1pida Type-C garantiza un uso duradero sin interrupciones.<\/p>\n<p class=\"whitespace-normal break-words\">El sencillo tirador autom\u00e1tico hace que el aparato sea especialmente f\u00e1cil de usar e ideal para viajar.<\/p>\n<h3 class=\"text-lg font-bold text-text-100 mt-1 -mb-1.5\">Especificaciones t\u00e9cnicas:<\/h3>\n<p class=\"whitespace-normal break-words\"><strong>Trenes:<\/strong> 9000<br \/>\n<strong>Contenido de nicotina:<\/strong> 0%\/2%\/3%\/5%<br \/>\n<strong>Tipo de nicotina:<\/strong> Sal de nicotina<br \/>\n<strong>Volumen del dep\u00f3sito:<\/strong> 18 ml<br \/>\n<strong>Resistencia:<\/strong> Bobina de malla de 0,8 Ohm<br \/>\n<strong>Bater\u00eda:<\/strong> 850mAh recargable<br \/>\n<strong>Conexi\u00f3n de carga:<\/strong> USB Tipo-C<br \/>\n<strong>Activaci\u00f3n:<\/strong> Control autom\u00e1tico de trenes<\/p>\n<h3 class=\"text-lg font-bold text-text-100 mt-1 -mb-1.5\">Descubre m\u00e1s FUMOT VAPE en fumotpuff<\/h3>\n<p class=\"whitespace-normal break-words\">Descubra m\u00e1s aspectos destacados en nuestro <strong><a class=\"underline\" href=\"https:\/\/fumotpuff.com\/es\/\">Tienda virtual<\/a><\/strong> o dejar que el <strong><a class=\"underline\" href=\"https:\/\/fumotpuff.com\/es\/product-category\/fumot-vape\/\">Gama de productos FUMOT VAPE<\/a><\/strong> inspirarte. La selecci\u00f3n completa de sabores le espera en el <strong><a class=\"underline\" href=\"https:\/\/fumotpuff.com\/es\/product-category\/fumot-vape\/randm-tornado-9000\/\">Visi\u00f3n general de RandM Tornado 9000<\/a><\/strong> para ti.<\/p>","protected":false},"excerpt":{"rendered":"<p class=\"whitespace-normal break-words\">El vapeador desechable RandM Tornado 9000 Ice Pop ofrece hasta 9.000 caladas con un nost\u00e1lgico sabor a polo de hielo de coloridos sabores frutales y un potente efecto refrescante. Equipado con 18ml de l\u00edquido de sal de nicotina, bobina de malla de 0,8\u03a9, bater\u00eda recargable de 850mAh, flujo de aire ajustable y pantalla LED para un refrescante placer de vapear en verano.<\/p>","protected":false},"featured_media":2046,"comment_status":"open","ping_status":"closed","template":"","meta":{"_acf_changed":false},"product_brand":[],"product_cat":[25],"product_tag":[],"class_list":{"0":"post-2044","1":"product","2":"type-product","3":"status-publish","4":"has-post-thumbnail","6":"product_cat-randm-tornado-9000","8":"first","9":"instock","10":"shipping-taxable","11":"purchasable","12":"product-type-variable"},"acf":[],"_links":{"self":[{"href":"https:\/\/fumotpuff.com\/es\/wp-json\/wp\/v2\/product\/2044","targetHints":{"allow":["GET"]}}],"collection":[{"href":"https:\/\/fumotpuff.com\/es\/wp-json\/wp\/v2\/product"}],"about":[{"href":"https:\/\/fumotpuff.com\/es\/wp-json\/wp\/v2\/types\/product"}],"replies":[{"embeddable":true,"href":"https:\/\/fumotpuff.com\/es\/wp-json\/wp\/v2\/comments?post=2044"}],"wp:featuredmedia":[{"embeddable":true,"href":"https:\/\/fumotpuff.com\/es\/wp-json\/wp\/v2\/media\/2046"}],"wp:attachment":[{"href":"https:\/\/fumotpuff.com\/es\/wp-json\/wp\/v2\/media?parent=2044"}],"wp:term":[{"taxonomy":"product_brand","embeddable":true,"href":"https:\/\/fumotpuff.com\/es\/wp-json\/wp\/v2\/product_brand?post=2044"},{"taxonomy":"product_cat","embeddable":true,"href":"https:\/\/fumotpuff.com\/es\/wp-json\/wp\/v2\/product_cat?post=2044"},{"taxonomy":"product_tag","embeddable":true,"href":"https:\/\/fumotpuff.com\/es\/wp-json\/wp\/v2\/product_tag?post=2044"}],"curies":[{"name":"wp","href":"https:\/\/api.w.org\/{rel}","templated":true}]}}