{"id":2037,"date":"2025-10-05T05:50:50","date_gmt":"2025-10-05T03:50:50","guid":{"rendered":"https:\/\/fumotpuff.com\/?post_type=product&#038;p=2037"},"modified":"2025-10-05T05:50:51","modified_gmt":"2025-10-05T03:50:51","slug":"randm-tornado-9000-blue-razz-kush","status":"publish","type":"product","link":"https:\/\/fumotpuff.com\/es\/producto\/randm-tornado-9000-blue-razz-kush\/","title":{"rendered":"RandM Tornado 9000 Blue Razz Kush"},"content":{"rendered":"<h2 class=\"text-xl font-bold text-text-100 mt-1 -mb-0.5\">Vapeador desechable RandM Tornado 9000 Blue Razz Kush<\/h2>\n<p class=\"whitespace-normal break-words\">La RandM Tornado 9000 Blue Razz Kush presenta una extraordinaria composici\u00f3n de sabor a frambuesas azules dulces y \u00e1cidas con una nota Kush especial. Esta mezcla \u00fanica ofrece un perfil de sabor complejo que es a la vez afrutado y picante. Con una impresionante potencia de 9000 caladas y un generoso dep\u00f3sito de 18ml, este dispositivo de vapeo desechable ofrece un disfrute duradero. La tecnolog\u00eda de bobina de malla de alta calidad resalta perfectamente los sabores de m\u00faltiples capas y garantiza una intensa experiencia de vapeo con cada inhalaci\u00f3n.<\/p>\n<h3 class=\"text-lg font-bold text-text-100 mt-1 -mb-1.5\">Caracter\u00edsticas del producto Blue Razz Kush:<\/h3>\n<p class=\"whitespace-normal break-words\">Con las potencias flexibles de sales de nicotina de 0%, 2%, 3% y 5%, encontrar\u00e1 la dosis ideal para sus necesidades.<\/p>\n<p class=\"whitespace-normal break-words\">La potente bobina de malla de 0,8 ohmios despliega la compleja combinaci\u00f3n de sabores de forma excelente y produce densas nubes de vapor.<\/p>\n<p class=\"whitespace-normal break-words\">Mantente informado en todo momento sobre la capacidad de la bater\u00eda y el estado del sistema gracias a la moderna pantalla LED.<\/p>\n<p class=\"whitespace-normal break-words\">La fiable bater\u00eda de 850 mAh con pr\u00e1ctica funci\u00f3n de carga Type-C garantiza una disponibilidad de uso continua.<\/p>\n<p class=\"whitespace-normal break-words\">La activaci\u00f3n autom\u00e1tica de la extracci\u00f3n permite una experiencia de vapeo intuitiva y sin esfuerzo.<\/p>\n<h3 class=\"text-lg font-bold text-text-100 mt-1 -mb-1.5\">Especificaciones t\u00e9cnicas:<\/h3>\n<p class=\"whitespace-normal break-words\"><strong>Trenes:<\/strong> 9000<br \/>\n<strong>Contenido de nicotina:<\/strong> 0%\/2%\/3%\/5%<br \/>\n<strong>Tipo de nicotina:<\/strong> Sal de nicotina<br \/>\n<strong>Volumen del dep\u00f3sito:<\/strong> 18 ml<br \/>\n<strong>Resistencia:<\/strong> Bobina de malla de 0,8 Ohm<br \/>\n<strong>Bater\u00eda:<\/strong> 850mAh recargable<br \/>\n<strong>Conexi\u00f3n de carga:<\/strong> USB Tipo-C<br \/>\n<strong>Activaci\u00f3n:<\/strong> Control autom\u00e1tico de trenes<\/p>\n<h3 class=\"text-lg font-bold text-text-100 mt-1 -mb-1.5\">Descubre m\u00e1s FUMOT VAPE en fumotpuff<\/h3>\n<p class=\"whitespace-normal break-words\">Visite nuestro <strong><a class=\"underline\" href=\"https:\/\/fumotpuff.com\/es\/\">Tienda en l\u00ednea<\/a><\/strong> para m\u00e1s productos de alta calidad o descubra la vers\u00e1til <strong><a class=\"underline\" href=\"https:\/\/fumotpuff.com\/es\/product-category\/fumot-vape\/\">Selecci\u00f3n FUMOT VAPE<\/a><\/strong>. Encontrar\u00e1 toda la gama de sabores en el <strong><a class=\"underline\" href=\"https:\/\/fumotpuff.com\/es\/product-category\/fumot-vape\/randm-tornado-9000\/\">RandM Tornado 9000 mundo de sabor<\/a><\/strong>.<\/p>","protected":false},"excerpt":{"rendered":"<p class=\"whitespace-normal break-words\">El vapeador desechable RandM Tornado 9000 Blue Razz Kush ofrece hasta 9.000 caladas con sabores agridulces de frambuesa azul y kush picante. Equipado con 18ml de l\u00edquido de sales de nicotina, bobina de malla de 0.8\u03a9, bater\u00eda recargable de 850mAh, flujo de aire ajustable y pantalla LED para un disfrute del vapor complejo y de m\u00faltiples capas.<\/p>","protected":false},"featured_media":2039,"comment_status":"open","ping_status":"closed","template":"","meta":{"_acf_changed":false},"product_brand":[],"product_cat":[25],"product_tag":[],"class_list":{"0":"post-2037","1":"product","2":"type-product","3":"status-publish","4":"has-post-thumbnail","6":"product_cat-randm-tornado-9000","8":"first","9":"instock","10":"shipping-taxable","11":"purchasable","12":"product-type-variable"},"acf":[],"_links":{"self":[{"href":"https:\/\/fumotpuff.com\/es\/wp-json\/wp\/v2\/product\/2037","targetHints":{"allow":["GET"]}}],"collection":[{"href":"https:\/\/fumotpuff.com\/es\/wp-json\/wp\/v2\/product"}],"about":[{"href":"https:\/\/fumotpuff.com\/es\/wp-json\/wp\/v2\/types\/product"}],"replies":[{"embeddable":true,"href":"https:\/\/fumotpuff.com\/es\/wp-json\/wp\/v2\/comments?post=2037"}],"wp:featuredmedia":[{"embeddable":true,"href":"https:\/\/fumotpuff.com\/es\/wp-json\/wp\/v2\/media\/2039"}],"wp:attachment":[{"href":"https:\/\/fumotpuff.com\/es\/wp-json\/wp\/v2\/media?parent=2037"}],"wp:term":[{"taxonomy":"product_brand","embeddable":true,"href":"https:\/\/fumotpuff.com\/es\/wp-json\/wp\/v2\/product_brand?post=2037"},{"taxonomy":"product_cat","embeddable":true,"href":"https:\/\/fumotpuff.com\/es\/wp-json\/wp\/v2\/product_cat?post=2037"},{"taxonomy":"product_tag","embeddable":true,"href":"https:\/\/fumotpuff.com\/es\/wp-json\/wp\/v2\/product_tag?post=2037"}],"curies":[{"name":"wp","href":"https:\/\/api.w.org\/{rel}","templated":true}]}}