{"id":2030,"date":"2025-10-05T05:48:34","date_gmt":"2025-10-05T03:48:34","guid":{"rendered":"https:\/\/fumotpuff.com\/?post_type=product&#038;p=2030"},"modified":"2025-10-05T05:48:35","modified_gmt":"2025-10-05T03:48:35","slug":"randm-tornado-9000-strawberry-ice","status":"publish","type":"product","link":"https:\/\/fumotpuff.com\/es\/producto\/randm-tornado-9000-strawberry-ice\/","title":{"rendered":"RandM Tornado 9000 Fresa Helada"},"content":{"rendered":"<h2 class=\"text-xl font-bold text-text-100 mt-1 -mb-0.5\">Vapeador desechable RandM Tornado 9000 Strawberry Ice<\/h2>\n<p class=\"whitespace-normal break-words\">La RandM Tornado 9000 Strawberry Ice combina el sabor cl\u00e1sico de las fresas maduradas al sol con un refrescante efecto fr\u00edo. Esta popular combinaci\u00f3n ofrece una armoniosa interacci\u00f3n de dulzura afrutada y frescura vigorizante en cada calada. Con una capacidad de 9.000 caladas y 18 ml de e-l\u00edquido precargado, este dispositivo de vapeo desechable ofrece una longevidad excepcional. La avanzada tecnolog\u00eda de bobina de malla garantiza que tanto el aut\u00e9ntico sabor a fresa como el efecto refrescante est\u00e9n perfectamente equilibrados y puedan experimentarse intensamente.<\/p>\n<h3 class=\"text-lg font-bold text-text-100 mt-1 -mb-1.5\">Aspectos destacados del producto Strawberry Ice:<\/h3>\n<p class=\"whitespace-normal break-words\">Elige entre cuatro variantes de sales de nicotina (0%, 2%, 3%, 5%) para una experiencia de vapeo personalizada.<\/p>\n<p class=\"whitespace-normal break-words\">La precisa bobina de malla de 0,8 ohmios extrae de forma \u00f3ptima la esencia de fresa y proporciona nubes de vapor voluminosas e intensamente aromatizadas.<\/p>\n<p class=\"whitespace-normal break-words\">La pantalla LED integrada le informa de forma fiable sobre el estado de carga y todos los par\u00e1metros de funcionamiento importantes.<\/p>\n<p class=\"whitespace-normal break-words\">La potente bater\u00eda de 850 mAh con moderna tecnolog\u00eda de carga Type-C garantiza una disponibilidad constante.<\/p>\n<p class=\"whitespace-normal break-words\">Disfruta de un vapeo sin complicaciones gracias a su sistema sin botones y activado por extracci\u00f3n.<\/p>\n<h3 class=\"text-lg font-bold text-text-100 mt-1 -mb-1.5\">Especificaciones t\u00e9cnicas:<\/h3>\n<p class=\"whitespace-normal break-words\"><strong>Trenes:<\/strong> 9000<br \/>\n<strong>Contenido de nicotina:<\/strong> 0%\/2%\/3%\/5%<br \/>\n<strong>Tipo de nicotina:<\/strong> Sal de nicotina<br \/>\n<strong>Volumen del dep\u00f3sito:<\/strong> 18 ml<br \/>\n<strong>Resistencia:<\/strong> Bobina de malla de 0,8 Ohm<br \/>\n<strong>Bater\u00eda:<\/strong> 850mAh recargable<br \/>\n<strong>Conexi\u00f3n de carga:<\/strong> USB Tipo-C<br \/>\n<strong>Activaci\u00f3n:<\/strong> Control autom\u00e1tico de trenes<\/p>\n<h3 class=\"text-lg font-bold text-text-100 mt-1 -mb-1.5\">Descubre m\u00e1s FUMOT VAPE en fumotpuff<\/h3>\n<p class=\"whitespace-normal break-words\">Descubra m\u00e1s productos premium en nuestra <strong><a class=\"underline\" href=\"https:\/\/fumotpuff.com\/es\/\">P\u00e1gina de inicio<\/a><\/strong> o sum\u00e9rjase en la <strong><a class=\"underline\" href=\"https:\/\/fumotpuff.com\/es\/product-category\/fumot-vape\/\">FUMOT VAPE mundo del producto<\/a><\/strong>. Descubra m\u00e1s variaciones de sabores en el <strong><a class=\"underline\" href=\"https:\/\/fumotpuff.com\/es\/product-category\/fumot-vape\/randm-tornado-9000\/\">Colecci\u00f3n RandM Tornado 9000<\/a><\/strong>.<\/p>","protected":false},"excerpt":{"rendered":"<p class=\"whitespace-normal break-words\">El vapeador desechable RandM Tornado 9000 Strawberry Ice ofrece hasta 9.000 caladas con un dulce sabor a fresa y un refrescante efecto de enfriamiento. Equipado con 18ml de l\u00edquido de sal de nicotina, bobina de malla de 0.8\u03a9, bater\u00eda recargable de 850mAh, flujo de aire ajustable y pantalla LED para disfrutar del vapor de hielo afrutado.<\/p>","protected":false},"featured_media":2032,"comment_status":"open","ping_status":"closed","template":"","meta":{"_acf_changed":false},"product_brand":[],"product_cat":[25],"product_tag":[],"class_list":{"0":"post-2030","1":"product","2":"type-product","3":"status-publish","4":"has-post-thumbnail","6":"product_cat-randm-tornado-9000","8":"first","9":"instock","10":"shipping-taxable","11":"purchasable","12":"product-type-variable"},"acf":[],"_links":{"self":[{"href":"https:\/\/fumotpuff.com\/es\/wp-json\/wp\/v2\/product\/2030","targetHints":{"allow":["GET"]}}],"collection":[{"href":"https:\/\/fumotpuff.com\/es\/wp-json\/wp\/v2\/product"}],"about":[{"href":"https:\/\/fumotpuff.com\/es\/wp-json\/wp\/v2\/types\/product"}],"replies":[{"embeddable":true,"href":"https:\/\/fumotpuff.com\/es\/wp-json\/wp\/v2\/comments?post=2030"}],"wp:featuredmedia":[{"embeddable":true,"href":"https:\/\/fumotpuff.com\/es\/wp-json\/wp\/v2\/media\/2032"}],"wp:attachment":[{"href":"https:\/\/fumotpuff.com\/es\/wp-json\/wp\/v2\/media?parent=2030"}],"wp:term":[{"taxonomy":"product_brand","embeddable":true,"href":"https:\/\/fumotpuff.com\/es\/wp-json\/wp\/v2\/product_brand?post=2030"},{"taxonomy":"product_cat","embeddable":true,"href":"https:\/\/fumotpuff.com\/es\/wp-json\/wp\/v2\/product_cat?post=2030"},{"taxonomy":"product_tag","embeddable":true,"href":"https:\/\/fumotpuff.com\/es\/wp-json\/wp\/v2\/product_tag?post=2030"}],"curies":[{"name":"wp","href":"https:\/\/api.w.org\/{rel}","templated":true}]}}