{"id":2023,"date":"2025-10-05T05:46:27","date_gmt":"2025-10-05T03:46:27","guid":{"rendered":"https:\/\/fumotpuff.com\/?post_type=product&#038;p=2023"},"modified":"2025-10-05T05:46:27","modified_gmt":"2025-10-05T03:46:27","slug":"randm-tornado-9000-bluelicious-ice","status":"publish","type":"product","link":"https:\/\/fumotpuff.com\/es\/producto\/randm-tornado-9000-bluelicious-ice\/","title":{"rendered":"RandM Tornado 9000 Bluelicious Ice"},"content":{"rendered":"<h2 class=\"text-xl font-bold text-text-100 mt-1 -mb-0.5\">Vapeador desechable RandM Tornado 9000 Bluelicious Ice<\/h2>\n<p class=\"whitespace-normal break-words\">RandM Tornado 9000 Bluelicious Ice combina el dulce sabor de los ar\u00e1ndanos maduros con un refrescante efecto fr\u00edo. Esta tentadora composici\u00f3n de sabores ofrece lo mejor de ambos mundos: la dulzura natural de los jugosos ar\u00e1ndanos combinada con una vigorizante nota de frescor. Con 9000 caladas y 18 ml de volumen de e-l\u00edquido, este dispositivo de vapeo desechable garantiza el disfrute del vapor a largo plazo. La potente bobina de malla garantiza un equilibrio \u00f3ptimo entre el sabor afrutado a ar\u00e1ndanos y el acabado refrescante, lo que hace que cada calada sea especialmente refrescante.<\/p>\n<h3 class=\"text-lg font-bold text-text-100 mt-1 -mb-1.5\">Aspectos destacados del producto Bluelicious Ice:<\/h3>\n<p class=\"whitespace-normal break-words\">Personalice la potencia que prefiera con las opciones de sales de nicotina disponibles, desde 0% hasta 5%.<\/p>\n<p class=\"whitespace-normal break-words\">La tecnolog\u00eda de bobina de malla de 0,8 ohmios de alta calidad acent\u00faa a la perfecci\u00f3n tanto el dulzor afrutado como el efecto de enfriamiento.<\/p>\n<p class=\"whitespace-normal break-words\">La clara pantalla LED te mantiene continuamente informado sobre el estado de la bater\u00eda y del dispositivo.<\/p>\n<p class=\"whitespace-normal break-words\">La bater\u00eda de larga duraci\u00f3n de 850 mAh con funci\u00f3n de carga r\u00e1pida Type-C permite disfrutar del vapor de forma continua.<\/p>\n<p class=\"whitespace-normal break-words\">El control autom\u00e1tico inteligente del tren ofrece la m\u00e1xima comodidad sin ajustes complicados.<\/p>\n<h3 class=\"text-lg font-bold text-text-100 mt-1 -mb-1.5\">Especificaciones t\u00e9cnicas:<\/h3>\n<p class=\"whitespace-normal break-words\"><strong>Trenes:<\/strong> 9000<br \/>\n<strong>Contenido de nicotina:<\/strong> 0%\/2%\/3%\/5%<br \/>\n<strong>Tipo de nicotina:<\/strong> Sal de nicotina<br \/>\n<strong>Volumen del dep\u00f3sito:<\/strong> 18 ml<br \/>\n<strong>Resistencia:<\/strong> Bobina de malla de 0,8 Ohm<br \/>\n<strong>Bater\u00eda:<\/strong> 850mAh recargable<br \/>\n<strong>Conexi\u00f3n de carga:<\/strong> USB Tipo-C<br \/>\n<strong>Activaci\u00f3n:<\/strong> Control autom\u00e1tico de trenes<\/p>\n<h3 class=\"text-lg font-bold text-text-100 mt-1 -mb-1.5\">Descubre m\u00e1s FUMOT VAPE en fumotpuff<\/h3>\n<p class=\"whitespace-normal break-words\">Eche un vistazo a nuestro <strong><a class=\"underline\" href=\"https:\/\/fumotpuff.com\/es\/\">Tienda principal<\/a><\/strong> o navegar por la extensa <strong><a class=\"underline\" href=\"https:\/\/fumotpuff.com\/es\/product-category\/fumot-vape\/\">Categor\u00eda FUMOT VAPE<\/a><\/strong>. La completa variedad de sabores aguarda en el <strong><a class=\"underline\" href=\"https:\/\/fumotpuff.com\/es\/product-category\/fumot-vape\/randm-tornado-9000\/\">RandM Tornado Serie 9000<\/a><\/strong> para ti.<\/p>","protected":false},"excerpt":{"rendered":"<div>\n<div class=\"grid-cols-1 grid gap-2.5 [&amp;_&gt;_*]:min-w-0\">\n<p class=\"whitespace-normal break-words\">Die RandM Tornado 9000 Bluelicious Ice Einweg-Vape bietet bis zu 9.000 Z\u00fcge mit s\u00fc\u00dfem Blaubeer-Geschmack und erfrischendem K\u00fchleffekt. Ausgestattet mit 18ml Nikotinsalz-Liquid, 0,8\u03a9 Mesh-Coil, 850mAh wiederaufladbarem Akku, verstellbarer Airflow und LED-Display f\u00fcr fruchtigen Ice-Dampfgenuss.<\/p>\n<\/div>\n<\/div>\n<div>\n<div class=\"grid-cols-1 grid gap-2.5 [&amp;_&gt;_*]:min-w-0\"><\/div>\n<\/div>\n","protected":false},"featured_media":2025,"comment_status":"open","ping_status":"closed","template":"","meta":{"_acf_changed":false},"product_brand":[],"product_cat":[25],"product_tag":[],"class_list":{"0":"post-2023","1":"product","2":"type-product","3":"status-publish","4":"has-post-thumbnail","6":"product_cat-randm-tornado-9000","8":"first","9":"instock","10":"shipping-taxable","11":"purchasable","12":"product-type-variable"},"acf":[],"_links":{"self":[{"href":"https:\/\/fumotpuff.com\/es\/wp-json\/wp\/v2\/product\/2023","targetHints":{"allow":["GET"]}}],"collection":[{"href":"https:\/\/fumotpuff.com\/es\/wp-json\/wp\/v2\/product"}],"about":[{"href":"https:\/\/fumotpuff.com\/es\/wp-json\/wp\/v2\/types\/product"}],"replies":[{"embeddable":true,"href":"https:\/\/fumotpuff.com\/es\/wp-json\/wp\/v2\/comments?post=2023"}],"wp:featuredmedia":[{"embeddable":true,"href":"https:\/\/fumotpuff.com\/es\/wp-json\/wp\/v2\/media\/2025"}],"wp:attachment":[{"href":"https:\/\/fumotpuff.com\/es\/wp-json\/wp\/v2\/media?parent=2023"}],"wp:term":[{"taxonomy":"product_brand","embeddable":true,"href":"https:\/\/fumotpuff.com\/es\/wp-json\/wp\/v2\/product_brand?post=2023"},{"taxonomy":"product_cat","embeddable":true,"href":"https:\/\/fumotpuff.com\/es\/wp-json\/wp\/v2\/product_cat?post=2023"},{"taxonomy":"product_tag","embeddable":true,"href":"https:\/\/fumotpuff.com\/es\/wp-json\/wp\/v2\/product_tag?post=2023"}],"curies":[{"name":"wp","href":"https:\/\/api.w.org\/{rel}","templated":true}]}}