{"id":2016,"date":"2025-10-05T05:43:32","date_gmt":"2025-10-05T03:43:32","guid":{"rendered":"https:\/\/fumotpuff.com\/?post_type=product&#038;p=2016"},"modified":"2025-10-05T06:04:39","modified_gmt":"2025-10-05T04:04:39","slug":"randm-tornado-9000-grape","status":"publish","type":"product","link":"https:\/\/fumotpuff.com\/es\/producto\/randm-tornado-9000-grape\/","title":{"rendered":"RandM Tornado 9000 Uva"},"content":{"rendered":"<h2 class=\"text-xl font-bold text-text-100 mt-1 -mb-0.5\">Vapeador desechable RandM Tornado 9000 Grape<\/h2>\n<p class=\"whitespace-normal break-words\">El RandM Tornado 9000 Grape deleita con el aut\u00e9ntico sabor de uvas jugosas y maduras. Este sabor cl\u00e1sico ofrece una experiencia de vapeo dulce y refrescante que recuerda al zumo de uva reci\u00e9n exprimido. Con una impresionante salida de 9000 caladas y un generoso relleno de e-l\u00edquido de 18ml, este dispositivo desechable ofrece un disfrute duradero. La precisa tecnolog\u00eda de bobina de malla garantiza que los sabores naturales de la uva se perciban de forma aut\u00e9ntica e intensa.<\/p>\n<h3 class=\"text-lg font-bold text-text-100 mt-1 -mb-1.5\">Aspectos destacados del producto Uva:<\/h3>\n<p class=\"whitespace-normal break-words\">Con cuatro concentraciones de sales de nicotina seleccionables (0%, 2%, 3%, 5%), usted mismo puede determinar la potencia de nicotina deseada.<\/p>\n<p class=\"whitespace-normal break-words\">La bobina de malla de 0,8 Ohm de alta eficiencia garantiza un sabor a uva con mucho cuerpo y un rico desarrollo del vapor.<\/p>\n<p class=\"whitespace-normal break-words\">La pr\u00e1ctica pantalla LED muestra de forma fiable el estado actual de la bater\u00eda e informaci\u00f3n importante sobre el funcionamiento.<\/p>\n<p class=\"whitespace-normal break-words\">La bater\u00eda recargable de 850 mAh con moderna interfaz Type-C garantiza un rendimiento duradero.<\/p>\n<p class=\"whitespace-normal break-words\">Funcionamiento extremadamente sencillo gracias a la activaci\u00f3n autom\u00e1tica por tracci\u00f3n, perfecta para cualquier usuario.<\/p>\n<h3 class=\"text-lg font-bold text-text-100 mt-1 -mb-1.5\">Especificaciones t\u00e9cnicas:<\/h3>\n<p class=\"whitespace-normal break-words\"><strong>Trenes:<\/strong> 9000<br \/>\n<strong>Contenido de nicotina:<\/strong> 0%\/2%\/3%\/5%<br \/>\n<strong>Tipo de nicotina:<\/strong> Sal de nicotina<br \/>\n<strong>Volumen del dep\u00f3sito:<\/strong> 18 ml<br \/>\n<strong>Resistencia:<\/strong> Bobina de malla de 0,8 Ohm<br \/>\n<strong>Bater\u00eda:<\/strong> 850mAh recargable<br \/>\n<strong>Conexi\u00f3n de carga:<\/strong> USB Tipo-C<br \/>\n<strong>Activaci\u00f3n:<\/strong> Control autom\u00e1tico de trenes<\/p>\n<h3 class=\"text-lg font-bold text-text-100 mt-1 -mb-1.5\">Descubre m\u00e1s FUMOT VAPE en fumotpuff<\/h3>\n<p class=\"whitespace-normal break-words\">Descubra toda nuestra gama de productos en <strong><a class=\"underline\" href=\"https:\/\/fumotpuff.com\/es\/\">fumotpuff.com<\/a><\/strong> o eche un vistazo a la exclusiva <strong><a class=\"underline\" href=\"https:\/\/fumotpuff.com\/es\/product-category\/fumot-vape\/\">L\u00ednea de productos FUMOT VAPE<\/a><\/strong> en. Puede encontrar todos los sabores en la <strong><a class=\"underline\" href=\"https:\/\/fumotpuff.com\/es\/product-category\/fumot-vape\/randm-tornado-9000\/\">RandM Tornado 9000 Selecci\u00f3n<\/a><\/strong>.<\/p>","protected":false},"excerpt":{"rendered":"<p class=\"whitespace-normal break-words\">El vapeador desechable RandM Tornado 9000 Grape proporciona hasta 9.000 caladas de dulce sabor a uva totalmente madura. Equipado con 18ml de l\u00edquido de sales de nicotina, bobina de malla de 0.8\u03a9, bater\u00eda recargable de 850mAh, flujo de aire ajustable y pantalla LED para disfrutar del aut\u00e9ntico y jugoso vapor de frutas.<\/p>","protected":false},"featured_media":2018,"comment_status":"open","ping_status":"closed","template":"","meta":{"_acf_changed":false},"product_brand":[],"product_cat":[25],"product_tag":[],"class_list":{"0":"post-2016","1":"product","2":"type-product","3":"status-publish","4":"has-post-thumbnail","6":"product_cat-randm-tornado-9000","8":"first","9":"instock","10":"shipping-taxable","11":"purchasable","12":"product-type-variable"},"acf":[],"_links":{"self":[{"href":"https:\/\/fumotpuff.com\/es\/wp-json\/wp\/v2\/product\/2016","targetHints":{"allow":["GET"]}}],"collection":[{"href":"https:\/\/fumotpuff.com\/es\/wp-json\/wp\/v2\/product"}],"about":[{"href":"https:\/\/fumotpuff.com\/es\/wp-json\/wp\/v2\/types\/product"}],"replies":[{"embeddable":true,"href":"https:\/\/fumotpuff.com\/es\/wp-json\/wp\/v2\/comments?post=2016"}],"wp:featuredmedia":[{"embeddable":true,"href":"https:\/\/fumotpuff.com\/es\/wp-json\/wp\/v2\/media\/2018"}],"wp:attachment":[{"href":"https:\/\/fumotpuff.com\/es\/wp-json\/wp\/v2\/media?parent=2016"}],"wp:term":[{"taxonomy":"product_brand","embeddable":true,"href":"https:\/\/fumotpuff.com\/es\/wp-json\/wp\/v2\/product_brand?post=2016"},{"taxonomy":"product_cat","embeddable":true,"href":"https:\/\/fumotpuff.com\/es\/wp-json\/wp\/v2\/product_cat?post=2016"},{"taxonomy":"product_tag","embeddable":true,"href":"https:\/\/fumotpuff.com\/es\/wp-json\/wp\/v2\/product_tag?post=2016"}],"curies":[{"name":"wp","href":"https:\/\/api.w.org\/{rel}","templated":true}]}}