{"id":2009,"date":"2025-10-05T05:36:53","date_gmt":"2025-10-05T03:36:53","guid":{"rendered":"https:\/\/fumotpuff.com\/?post_type=product&#038;p=2009"},"modified":"2025-10-05T05:36:54","modified_gmt":"2025-10-05T03:36:54","slug":"randm-tornado-9000-black-ice","status":"publish","type":"product","link":"https:\/\/fumotpuff.com\/es\/producto\/randm-tornado-9000-black-ice\/","title":{"rendered":"RandM Tornado 9000 Black Ice"},"content":{"rendered":"<h2 class=\"text-xl font-bold text-text-100 mt-1 -mb-0.5\">Vapeador desechable RandM Tornado 9000 Black Ice<\/h2>\n<p class=\"whitespace-normal break-words\">El RandM Tornado 9000 Black Ice impresiona con una intensa combinaci\u00f3n de bayas oscuras y un refrescante efecto fr\u00edo. Este popular sabor combina la dulzura de las bayas maduras con un vigorizante acabado fr\u00edo que convierte cada calada en una experiencia refrescante. Con 9000 caladas y 18ml de capacidad de e-l\u00edquido, este dispositivo de vapeo desechable ofrece una longevidad excepcional. La tecnolog\u00eda de bobina de malla garantiza un suministro de sabor preciso, con notas afrutadas y un efecto refrescante perfectamente equilibrados.<\/p>\n<h3 class=\"text-lg font-bold text-text-100 mt-1 -mb-1.5\">Aspectos destacados del producto Hielo negro:<\/h3>\n<p class=\"whitespace-normal break-words\">Las concentraciones de nicotina flexibles de 0% a 5% permiten un ajuste preciso a sus h\u00e1bitos de vapeo.<\/p>\n<p class=\"whitespace-normal break-words\">La avanzada bobina de malla de 0,8 ohmios acent\u00faa perfectamente las complejas notas de bayas y el efecto refrescante.<\/p>\n<p class=\"whitespace-normal break-words\">La clara pantalla LED permite controlar en todo momento la carga de la bater\u00eda y el estado del dispositivo.<\/p>\n<p class=\"whitespace-normal break-words\">La potente bater\u00eda de 850 mAh con pr\u00e1ctica funci\u00f3n de carga Type-C ofrece una resistencia fiable.<\/p>\n<p class=\"whitespace-normal break-words\">La activaci\u00f3n autom\u00e1tica de la extracci\u00f3n garantiza una experiencia de vapeo suave y sin complicaciones.<\/p>\n<h3 class=\"text-lg font-bold text-text-100 mt-1 -mb-1.5\">Especificaciones t\u00e9cnicas:<\/h3>\n<p class=\"whitespace-normal break-words\"><strong>Trenes:<\/strong> 9000<br \/>\n<strong>Contenido de nicotina:<\/strong> 0%\/2%\/3%\/5%<br \/>\n<strong>Tipo de nicotina:<\/strong> Sal de nicotina<br \/>\n<strong>Volumen del dep\u00f3sito:<\/strong> 18 ml<br \/>\n<strong>Resistencia:<\/strong> Bobina de malla de 0,8 Ohm<br \/>\n<strong>Bater\u00eda:<\/strong> 850mAh recargable<br \/>\n<strong>Conexi\u00f3n de carga:<\/strong> USB Tipo-C<br \/>\n<strong>Activaci\u00f3n:<\/strong> Control autom\u00e1tico de trenes<\/p>\n<h3 class=\"text-lg font-bold text-text-100 mt-1 -mb-1.5\">Descubre m\u00e1s FUMOT VAPE en fumotpuff<\/h3>\n<p class=\"whitespace-normal break-words\">Visite nuestro <strong><a class=\"underline\" href=\"https:\/\/fumotpuff.com\/es\/\">Tienda en l\u00ednea<\/a><\/strong> para m\u00e1s productos premium o explore la amplia gama de <strong><a class=\"underline\" href=\"https:\/\/fumotpuff.com\/es\/product-category\/fumot-vape\/\">Colecci\u00f3n FUMOT VAPE<\/a><\/strong>. Descubra toda la gama de sabores de la <strong><a class=\"underline\" href=\"https:\/\/fumotpuff.com\/es\/product-category\/fumot-vape\/randm-tornado-9000\/\">Visi\u00f3n general de RandM Tornado 9000<\/a><\/strong>.<\/p>","protected":false},"excerpt":{"rendered":"<p class=\"whitespace-normal break-words\">El vapeador desechable RandM Tornado 9000 Black Ice ofrece hasta 9.000 caladas con intensos sabores frutales de bayas oscuras y un refrescante efecto de enfriamiento. Equipado con 18ml de l\u00edquido de sal de nicotina, bobina de malla de 0.8\u03a9, bater\u00eda recargable de 850mAh, flujo de aire ajustable y pantalla LED para disfrutar del vigorizante vapor de hielo de bayas.<\/p>","protected":false},"featured_media":2011,"comment_status":"open","ping_status":"closed","template":"","meta":{"_acf_changed":false},"product_brand":[],"product_cat":[25],"product_tag":[],"class_list":{"0":"post-2009","1":"product","2":"type-product","3":"status-publish","4":"has-post-thumbnail","6":"product_cat-randm-tornado-9000","8":"first","9":"instock","10":"shipping-taxable","11":"purchasable","12":"product-type-variable"},"acf":[],"_links":{"self":[{"href":"https:\/\/fumotpuff.com\/es\/wp-json\/wp\/v2\/product\/2009","targetHints":{"allow":["GET"]}}],"collection":[{"href":"https:\/\/fumotpuff.com\/es\/wp-json\/wp\/v2\/product"}],"about":[{"href":"https:\/\/fumotpuff.com\/es\/wp-json\/wp\/v2\/types\/product"}],"replies":[{"embeddable":true,"href":"https:\/\/fumotpuff.com\/es\/wp-json\/wp\/v2\/comments?post=2009"}],"wp:featuredmedia":[{"embeddable":true,"href":"https:\/\/fumotpuff.com\/es\/wp-json\/wp\/v2\/media\/2011"}],"wp:attachment":[{"href":"https:\/\/fumotpuff.com\/es\/wp-json\/wp\/v2\/media?parent=2009"}],"wp:term":[{"taxonomy":"product_brand","embeddable":true,"href":"https:\/\/fumotpuff.com\/es\/wp-json\/wp\/v2\/product_brand?post=2009"},{"taxonomy":"product_cat","embeddable":true,"href":"https:\/\/fumotpuff.com\/es\/wp-json\/wp\/v2\/product_cat?post=2009"},{"taxonomy":"product_tag","embeddable":true,"href":"https:\/\/fumotpuff.com\/es\/wp-json\/wp\/v2\/product_tag?post=2009"}],"curies":[{"name":"wp","href":"https:\/\/api.w.org\/{rel}","templated":true}]}}