{"id":2000,"date":"2025-10-05T05:34:28","date_gmt":"2025-10-05T03:34:28","guid":{"rendered":"https:\/\/fumotpuff.com\/?post_type=product&#038;p=2000"},"modified":"2025-10-05T05:34:29","modified_gmt":"2025-10-05T03:34:29","slug":"randm-tornado-9000-skittles","status":"publish","type":"product","link":"https:\/\/fumotpuff.com\/es\/producto\/randm-tornado-9000-skittles\/","title":{"rendered":"RandM Tornado 9000 Bolos"},"content":{"rendered":"<h2 class=\"text-xl font-bold text-text-100 mt-1 -mb-0.5\">Vapeador desechable RandM Tornado 9000 Skittles<\/h2>\n<p class=\"whitespace-normal break-words\">El RandM Tornado 9000 Skittles trae el colorido sabor del ic\u00f3nico caramelo directamente a tu experiencia vaping. Esta variante ofrece una vibrante mezcla de diferentes sabores frutales que recuerdan al inconfundible sabor del caramelo. Con su capacidad de 9000 caladas y su generoso dep\u00f3sito de 18 ml, este dispositivo de vapeo desechable ofrece una variedad de sabores de larga duraci\u00f3n. La bobina de malla de alta calidad garantiza una presentaci\u00f3n clara y uniforme de los diferentes sabores frutales: una aut\u00e9ntica fiesta para las papilas gustativas.<\/p>\n<h3 class=\"text-lg font-bold text-text-100 mt-1 -mb-1.5\">Productos destacados Skittles:<\/h3>\n<p class=\"whitespace-normal break-words\">Elija la intensidad adecuada para usted entre cuatro opciones de sal de nicotina (0%, 2%, 3%, 5%).<\/p>\n<p class=\"whitespace-normal break-words\">La bobina de malla optimizada de 0,8 ohmios despliega a la perfecci\u00f3n los diversos sabores frutales y produce cantidades impresionantes de vapor.<\/p>\n<p class=\"whitespace-normal break-words\">La pantalla LED integrada le ofrece informaci\u00f3n transparente sobre la carga de la bater\u00eda y el estado del sistema en todo momento.<\/p>\n<p class=\"whitespace-normal break-words\">La robusta bater\u00eda de 850 mAh con puerto de carga r\u00e1pida Type-C garantiza la m\u00e1xima disponibilidad.<\/p>\n<p class=\"whitespace-normal break-words\">Disfrute de un vapeo sin esfuerzo gracias al sistema inteligente de activaci\u00f3n por tiro sin botones.<\/p>\n<h3 class=\"text-lg font-bold text-text-100 mt-1 -mb-1.5\">Especificaciones t\u00e9cnicas:<\/h3>\n<p class=\"whitespace-normal break-words\"><strong>Trenes:<\/strong> 9000<br \/>\n<strong>Contenido de nicotina:<\/strong> 0%\/2%\/3%\/5%<br \/>\n<strong>Tipo de nicotina:<\/strong> Sal de nicotina<br \/>\n<strong>Volumen del dep\u00f3sito:<\/strong> 18 ml<br \/>\n<strong>Resistencia:<\/strong> Bobina de malla de 0,8 Ohm<br \/>\n<strong>Bater\u00eda:<\/strong> 850mAh recargable<br \/>\n<strong>Conexi\u00f3n de carga:<\/strong> USB Tipo-C<br \/>\n<strong>Activaci\u00f3n:<\/strong> Control autom\u00e1tico de trenes<\/p>\n<h3 class=\"text-lg font-bold text-text-100 mt-1 -mb-1.5\">Descubre m\u00e1s FUMOT VAPE en fumotpuff<\/h3>\n<p class=\"whitespace-normal break-words\">Consulte nuestra amplia gama en <strong><a class=\"underline\" href=\"https:\/\/fumotpuff.com\/es\/\">fumotpuff.com<\/a><\/strong> o descubra la <strong><a class=\"underline\" href=\"https:\/\/fumotpuff.com\/es\/product-category\/fumot-vape\/\">Gama FUMOT VAPE<\/a><\/strong>. M\u00e1s variaciones deliciosas le esperan en el <strong><a class=\"underline\" href=\"https:\/\/fumotpuff.com\/es\/product-category\/fumot-vape\/randm-tornado-9000\/\">RandM Tornado 9000 mundo de sabor<\/a><\/strong>.<\/p>","protected":false},"excerpt":{"rendered":"<p class=\"whitespace-normal break-words\">El vapeador desechable RandM Tornado 9000 Skittles ofrece hasta 9.000 caladas con una variada mezcla de frutas inspirada en la marca de culto. Equipado con 18ml de l\u00edquido de sal de nicotina, bobina de malla de 0.8\u03a9, bater\u00eda recargable de 850mAh, flujo de aire ajustable y pantalla LED para un disfrute vaping caramelo colorido y variado.<\/p>","protected":false},"featured_media":2004,"comment_status":"open","ping_status":"closed","template":"","meta":{"_acf_changed":false},"product_brand":[],"product_cat":[25],"product_tag":[],"class_list":{"0":"post-2000","1":"product","2":"type-product","3":"status-publish","4":"has-post-thumbnail","6":"product_cat-randm-tornado-9000","8":"first","9":"instock","10":"shipping-taxable","11":"purchasable","12":"product-type-variable"},"acf":[],"_links":{"self":[{"href":"https:\/\/fumotpuff.com\/es\/wp-json\/wp\/v2\/product\/2000","targetHints":{"allow":["GET"]}}],"collection":[{"href":"https:\/\/fumotpuff.com\/es\/wp-json\/wp\/v2\/product"}],"about":[{"href":"https:\/\/fumotpuff.com\/es\/wp-json\/wp\/v2\/types\/product"}],"replies":[{"embeddable":true,"href":"https:\/\/fumotpuff.com\/es\/wp-json\/wp\/v2\/comments?post=2000"}],"wp:featuredmedia":[{"embeddable":true,"href":"https:\/\/fumotpuff.com\/es\/wp-json\/wp\/v2\/media\/2004"}],"wp:attachment":[{"href":"https:\/\/fumotpuff.com\/es\/wp-json\/wp\/v2\/media?parent=2000"}],"wp:term":[{"taxonomy":"product_brand","embeddable":true,"href":"https:\/\/fumotpuff.com\/es\/wp-json\/wp\/v2\/product_brand?post=2000"},{"taxonomy":"product_cat","embeddable":true,"href":"https:\/\/fumotpuff.com\/es\/wp-json\/wp\/v2\/product_cat?post=2000"},{"taxonomy":"product_tag","embeddable":true,"href":"https:\/\/fumotpuff.com\/es\/wp-json\/wp\/v2\/product_tag?post=2000"}],"curies":[{"name":"wp","href":"https:\/\/api.w.org\/{rel}","templated":true}]}}