{"id":1993,"date":"2025-10-05T05:31:48","date_gmt":"2025-10-05T03:31:48","guid":{"rendered":"https:\/\/fumotpuff.com\/?post_type=product&#038;p=1993"},"modified":"2025-10-05T05:31:48","modified_gmt":"2025-10-05T03:31:48","slug":"randm-tornado-9000-vimto","status":"publish","type":"product","link":"https:\/\/fumotpuff.com\/es\/producto\/randm-tornado-9000-vimto\/","title":{"rendered":"RandM Tornado 9000 Vimto"},"content":{"rendered":"<h2 class=\"text-xl font-bold text-text-100 mt-1 -mb-0.5\">Vapeador desechable RandM Tornado 9000 Vimto<\/h2>\n<p class=\"whitespace-normal break-words\">La RandM Tornado 9000 Vimto captura a la perfecci\u00f3n el sabor caracter\u00edstico de la popular bebida brit\u00e1nica. Este sabor en particular combina uva, frambuesa y grosella negra para crear un distintivo c\u00f3ctel de frutas. Con unas impresionantes 9000 caladas y 18ml de capacidad de e-l\u00edquido, este dispositivo desechable ofrece un disfrute duradero. La compleja mezcla de frutas se reproduce con autenticidad gracias a la avanzada tecnolog\u00eda de bobina de malla y deleita con su equilibrado dulzor y ligera acidez.<\/p>\n<h3 class=\"text-lg font-bold text-text-100 mt-1 -mb-1.5\">Productos destacados Vimto:<\/h3>\n<p class=\"whitespace-normal break-words\">Personalice la ingesta de nicotina seg\u00fan sus necesidades con las concentraciones disponibles de sal de nicotina 0%, 2%, 3% o 5%.<\/p>\n<p class=\"whitespace-normal break-words\">La construcci\u00f3n de la bobina de malla de 0,8 Ohm de alta calidad garantiza una intensa transferencia de sabor y una densa producci\u00f3n de vapor.<\/p>\n<p class=\"whitespace-normal break-words\">La moderna pantalla LED proporciona informaci\u00f3n fiable sobre el estado actual de la bater\u00eda y la disponibilidad operativa.<\/p>\n<p class=\"whitespace-normal break-words\">Con la potente bater\u00eda de 850 mAh y la carga r\u00e1pida Type-C, podr\u00e1s disfrutar de un placer vaping ininterrumpido.<\/p>\n<p class=\"whitespace-normal break-words\">El mecanismo de tracci\u00f3n autom\u00e1tica sin botones hace que el manejo sea un juego de ni\u00f1os y f\u00e1cil de usar.<\/p>\n<h3 class=\"text-lg font-bold text-text-100 mt-1 -mb-1.5\">Especificaciones t\u00e9cnicas:<\/h3>\n<p class=\"whitespace-normal break-words\"><strong>Trenes:<\/strong> 9000<br \/>\n<strong>Contenido de nicotina:<\/strong> 0%\/2%\/3%\/5%<br \/>\n<strong>Tipo de nicotina:<\/strong> Sal de nicotina<br \/>\n<strong>Volumen del dep\u00f3sito:<\/strong> 18 ml<br \/>\n<strong>Resistencia:<\/strong> Bobina de malla de 0,8 Ohm<br \/>\n<strong>Bater\u00eda:<\/strong> 850mAh recargable<br \/>\n<strong>Conexi\u00f3n de carga:<\/strong> USB Tipo-C<br \/>\n<strong>Activaci\u00f3n:<\/strong> Control autom\u00e1tico de trenes<\/p>\n<h3 class=\"text-lg font-bold text-text-100 mt-1 -mb-1.5\">Descubre m\u00e1s FUMOT VAPE en fumotpuff<\/h3>\n<p class=\"whitespace-normal break-words\">Descubra m\u00e1s aspectos destacados en nuestro <strong><a class=\"underline\" href=\"https:\/\/fumotpuff.com\/es\/\">Tienda virtual<\/a><\/strong> o dejar que el <strong><a class=\"underline\" href=\"https:\/\/fumotpuff.com\/es\/product-category\/fumot-vape\/\">Categor\u00eda FUMOT VAPE<\/a><\/strong> inspirarte. La gama completa de sabores le espera en el <strong><a class=\"underline\" href=\"https:\/\/fumotpuff.com\/es\/product-category\/fumot-vape\/randm-tornado-9000\/\">Colecci\u00f3n RandM Tornado 9000<\/a><\/strong> para ti.<\/p>","protected":false},"excerpt":{"rendered":"<p class=\"whitespace-normal break-words\">El vapeador desechable RandM Tornado 9000 Vimto ofrece hasta 9.000 caladas con aut\u00e9ntico c\u00f3ctel de frutas Vimto de uvas, frambuesas y grosellas negras. Equipado con 18ml de l\u00edquido de sales de nicotina, bobina de malla de 0,8\u03a9, bater\u00eda recargable de 850mAh, flujo de aire ajustable y pantalla LED para sabores frutales complejos.<\/p>","protected":false},"featured_media":1995,"comment_status":"open","ping_status":"closed","template":"","meta":{"_acf_changed":false},"product_brand":[],"product_cat":[25],"product_tag":[],"class_list":{"0":"post-1993","1":"product","2":"type-product","3":"status-publish","4":"has-post-thumbnail","6":"product_cat-randm-tornado-9000","8":"first","9":"instock","10":"shipping-taxable","11":"purchasable","12":"product-type-variable"},"acf":[],"_links":{"self":[{"href":"https:\/\/fumotpuff.com\/es\/wp-json\/wp\/v2\/product\/1993","targetHints":{"allow":["GET"]}}],"collection":[{"href":"https:\/\/fumotpuff.com\/es\/wp-json\/wp\/v2\/product"}],"about":[{"href":"https:\/\/fumotpuff.com\/es\/wp-json\/wp\/v2\/types\/product"}],"replies":[{"embeddable":true,"href":"https:\/\/fumotpuff.com\/es\/wp-json\/wp\/v2\/comments?post=1993"}],"wp:featuredmedia":[{"embeddable":true,"href":"https:\/\/fumotpuff.com\/es\/wp-json\/wp\/v2\/media\/1995"}],"wp:attachment":[{"href":"https:\/\/fumotpuff.com\/es\/wp-json\/wp\/v2\/media?parent=1993"}],"wp:term":[{"taxonomy":"product_brand","embeddable":true,"href":"https:\/\/fumotpuff.com\/es\/wp-json\/wp\/v2\/product_brand?post=1993"},{"taxonomy":"product_cat","embeddable":true,"href":"https:\/\/fumotpuff.com\/es\/wp-json\/wp\/v2\/product_cat?post=1993"},{"taxonomy":"product_tag","embeddable":true,"href":"https:\/\/fumotpuff.com\/es\/wp-json\/wp\/v2\/product_tag?post=1993"}],"curies":[{"name":"wp","href":"https:\/\/api.w.org\/{rel}","templated":true}]}}