{"id":1986,"date":"2025-10-05T05:29:23","date_gmt":"2025-10-05T03:29:23","guid":{"rendered":"https:\/\/fumotpuff.com\/?post_type=product&#038;p=1986"},"modified":"2025-10-05T05:29:23","modified_gmt":"2025-10-05T03:29:23","slug":"randm-tornado-9000-blueberry-cherry-cranberry","status":"publish","type":"product","link":"https:\/\/fumotpuff.com\/es\/producto\/randm-tornado-9000-blueberry-cherry-cranberry\/","title":{"rendered":"RandM Tornado 9000 Ar\u00e1ndano Cereza Ar\u00e1ndano"},"content":{"rendered":"<h2 class=\"text-xl font-bold text-text-100 mt-1 -mb-0.5\">RandM Tornado 9000 Ar\u00e1ndano Cereza Ar\u00e1ndano Vape desechable<\/h2>\n<p class=\"whitespace-normal break-words\">El RandM Tornado 9000 Blueberry Cherry Cranberry presenta una exquisita mezcla de bayas que combina armoniosamente tres frutas populares. Jugosos ar\u00e1ndanos se encuentran con dulces cerezas y agrios ar\u00e1ndanos - una composici\u00f3n que asegura un variado disfrute del vapor. Este dispositivo de vapeo desechable impresiona con 9000 caladas y un generoso llenado de tanque de 18ml. La compleja mezcla de frutas se ve acentuada de forma \u00f3ptima por la potente bobina de malla y promete un perfil de sabor de m\u00faltiples capas con cada inhalaci\u00f3n.<\/p>\n<h3 class=\"text-lg font-bold text-text-100 mt-1 -mb-1.5\">Caracter\u00edsticas del producto Ar\u00e1ndano Cereza Ar\u00e1ndano:<\/h3>\n<p class=\"whitespace-normal break-words\">Individualiza tu experiencia de vapeo con cuatro concentraciones diferentes de sales de nicotina, desde 0% hasta 5%.<\/p>\n<p class=\"whitespace-normal break-words\">La precisa bobina de malla de 0,8 ohmios extrae los finos matices de bayas y proporciona voluminosas nubes de vapor.<\/p>\n<p class=\"whitespace-normal break-words\">Mantente informado en todo momento sobre la capacidad de la bater\u00eda y el estado del dispositivo gracias a la pantalla LED integrada.<\/p>\n<p class=\"whitespace-normal break-words\">La bater\u00eda recargable de 850 mAh con moderna tecnolog\u00eda de carga Type-C garantiza un rendimiento fiable.<\/p>\n<p class=\"whitespace-normal break-words\">F\u00e1cil manejo gracias al sistema de activaci\u00f3n por tensi\u00f3n, ideal para uso m\u00f3vil.<\/p>\n<h3 class=\"text-lg font-bold text-text-100 mt-1 -mb-1.5\">Especificaciones t\u00e9cnicas:<\/h3>\n<p class=\"whitespace-normal break-words\"><strong>Trenes:<\/strong> 9000<br \/>\n<strong>Contenido de nicotina:<\/strong> 0%\/2%\/3%\/5%<br \/>\n<strong>Tipo de nicotina:<\/strong> Sal de nicotina<br \/>\n<strong>Volumen del dep\u00f3sito:<\/strong> 18 ml<br \/>\n<strong>Resistencia:<\/strong> Bobina de malla de 0,8 Ohm<br \/>\n<strong>Bater\u00eda:<\/strong> 850mAh recargable<br \/>\n<strong>Conexi\u00f3n de carga:<\/strong> USB Tipo-C<br \/>\n<strong>Activaci\u00f3n:<\/strong> Control autom\u00e1tico de trenes<\/p>\n<h3 class=\"text-lg font-bold text-text-100 mt-1 -mb-1.5\">Descubre m\u00e1s FUMOT VAPE en fumotpuff<\/h3>\n<p class=\"whitespace-normal break-words\">Explore toda nuestra gama en la <strong><a class=\"underline\" href=\"https:\/\/fumotpuff.com\/es\/\">P\u00e1gina de fumotpuff<\/a><\/strong> o sum\u00e9rjase en la <strong><a class=\"underline\" href=\"https:\/\/fumotpuff.com\/es\/product-category\/fumot-vape\/\">FUMOT VAPE mundo del producto<\/a><\/strong>. Encontrar\u00e1 todas las variantes de sabores en el <strong><a class=\"underline\" href=\"https:\/\/fumotpuff.com\/es\/product-category\/fumot-vape\/randm-tornado-9000\/\">RandM Tornado Serie 9000<\/a><\/strong>.<\/p>","protected":false},"excerpt":{"rendered":"<p class=\"whitespace-normal break-words\">El vapeador desechable RandM Tornado 9000 Blueberry Cherry Cranberry proporciona hasta 9.000 caladas de exquisita mezcla de ar\u00e1ndanos, cerezas y ar\u00e1ndanos. Equipado con 18ml de l\u00edquido de sal de nicotina, bobina de malla de 0.8\u03a9, bater\u00eda recargable de 850mAh, flujo de aire ajustable y pantalla LED para disfrutar del vapor de bayas en m\u00faltiples capas.<\/p>","protected":false},"featured_media":1988,"comment_status":"open","ping_status":"closed","template":"","meta":{"_acf_changed":false},"product_brand":[],"product_cat":[25],"product_tag":[],"class_list":{"0":"post-1986","1":"product","2":"type-product","3":"status-publish","4":"has-post-thumbnail","6":"product_cat-randm-tornado-9000","8":"first","9":"instock","10":"shipping-taxable","11":"purchasable","12":"product-type-variable"},"acf":[],"_links":{"self":[{"href":"https:\/\/fumotpuff.com\/es\/wp-json\/wp\/v2\/product\/1986","targetHints":{"allow":["GET"]}}],"collection":[{"href":"https:\/\/fumotpuff.com\/es\/wp-json\/wp\/v2\/product"}],"about":[{"href":"https:\/\/fumotpuff.com\/es\/wp-json\/wp\/v2\/types\/product"}],"replies":[{"embeddable":true,"href":"https:\/\/fumotpuff.com\/es\/wp-json\/wp\/v2\/comments?post=1986"}],"wp:featuredmedia":[{"embeddable":true,"href":"https:\/\/fumotpuff.com\/es\/wp-json\/wp\/v2\/media\/1988"}],"wp:attachment":[{"href":"https:\/\/fumotpuff.com\/es\/wp-json\/wp\/v2\/media?parent=1986"}],"wp:term":[{"taxonomy":"product_brand","embeddable":true,"href":"https:\/\/fumotpuff.com\/es\/wp-json\/wp\/v2\/product_brand?post=1986"},{"taxonomy":"product_cat","embeddable":true,"href":"https:\/\/fumotpuff.com\/es\/wp-json\/wp\/v2\/product_cat?post=1986"},{"taxonomy":"product_tag","embeddable":true,"href":"https:\/\/fumotpuff.com\/es\/wp-json\/wp\/v2\/product_tag?post=1986"}],"curies":[{"name":"wp","href":"https:\/\/api.w.org\/{rel}","templated":true}]}}