{"id":1979,"date":"2025-10-05T05:27:00","date_gmt":"2025-10-05T03:27:00","guid":{"rendered":"https:\/\/fumotpuff.com\/?post_type=product&#038;p=1979"},"modified":"2025-10-05T05:27:01","modified_gmt":"2025-10-05T03:27:01","slug":"randm-tornado-9000-fizzy-cherry","status":"publish","type":"product","link":"https:\/\/fumotpuff.com\/es\/producto\/randm-tornado-9000-fizzy-cherry\/","title":{"rendered":"RandM Tornado 9000 Cereza efervescente"},"content":{"rendered":"<h2 class=\"text-xl font-bold text-text-100 mt-1 -mb-0.5\">Vapeador desechable RandM Tornado 9000 Fizzy Cherry<\/h2>\n<p class=\"whitespace-normal break-words\">El RandM Tornado 9000 Fizzy Cherry aporta una refrescante sensaci\u00f3n al mundo de los vaporizadores desechables. Esta variante especial combina el cl\u00e1sico sabor a cereza con una refrescante nota carbonatada que recuerda a la limonada de cereza. Con una impresionante capacidad de 9.000 caladas y 18 ml de e-l\u00edquido precargado, este dispositivo ofrece un placer de vapeo de larga duraci\u00f3n. La efervescente composici\u00f3n de cereza se ve perfectamente realzada por la tecnolog\u00eda de bobina de malla de alta calidad y ofrece una experiencia de sabor cosquilleante con cada calada.<\/p>\n<h3 class=\"text-lg font-bold text-text-100 mt-1 -mb-1.5\">Caracter\u00edsticas del producto Cereza efervescente:<\/h3>\n<p class=\"whitespace-normal break-words\">Con opciones flexibles de nicotina desde 0% hasta 5% de sal de nicotina, tanto los principiantes como los vapeadores experimentados encontrar\u00e1n la potencia adecuada.<\/p>\n<p class=\"whitespace-normal break-words\">La innovadora bobina de malla con resistencia de 0,8 ohmios garantiza una vaporizaci\u00f3n uniforme y acent\u00faa de forma \u00f3ptima las vivas notas efervescentes.<\/p>\n<p class=\"whitespace-normal break-words\">La clara pantalla LED le mantiene continuamente informado sobre el estado de carga y la disponibilidad operativa.<\/p>\n<p class=\"whitespace-normal break-words\">Gracias a la potente bater\u00eda de 850 mAh y a la funci\u00f3n de carga r\u00e1pida Type-C, siempre estar\u00e1s listo para la acci\u00f3n.<\/p>\n<p class=\"whitespace-normal break-words\">La extracci\u00f3n autom\u00e1tica permite una experiencia de vapeo sin complicaciones.<\/p>\n<h3 class=\"text-lg font-bold text-text-100 mt-1 -mb-1.5\">Especificaciones t\u00e9cnicas:<\/h3>\n<p class=\"whitespace-normal break-words\"><strong>Trenes:<\/strong> 9000<br \/>\n<strong>Contenido de nicotina:<\/strong> 0%\/2%\/3%\/5%<br \/>\n<strong>Tipo de nicotina:<\/strong> Sal de nicotina<br \/>\n<strong>Volumen del dep\u00f3sito:<\/strong> 18 ml<br \/>\n<strong>Resistencia:<\/strong> Bobina de malla de 0,8 Ohm<br \/>\n<strong>Bater\u00eda:<\/strong> 850mAh recargable<br \/>\n<strong>Conexi\u00f3n de carga:<\/strong> USB Tipo-C<br \/>\n<strong>Activaci\u00f3n:<\/strong> Control autom\u00e1tico de trenes<\/p>\n<h3 class=\"text-lg font-bold text-text-100 mt-1 -mb-1.5\">Descubre m\u00e1s FUMOT VAPE en fumotpuff<\/h3>\n<p class=\"whitespace-normal break-words\">Eche un vistazo a nuestro <strong><a class=\"underline\" href=\"https:\/\/fumotpuff.com\/es\/\">P\u00e1gina de inicio<\/a><\/strong> o navegar por la amplia gama de <strong><a class=\"underline\" href=\"https:\/\/fumotpuff.com\/es\/product-category\/fumot-vape\/\">Selecci\u00f3n FUMOT VAPE<\/a><\/strong>. Descubra toda la gama de sabores de la <strong><a class=\"underline\" href=\"https:\/\/fumotpuff.com\/es\/product-category\/fumot-vape\/randm-tornado-9000\/\">Colecci\u00f3n RandM Tornado 9000<\/a><\/strong>.<\/p>","protected":false},"excerpt":{"rendered":"<p class=\"whitespace-normal break-words\">El vapeador desechable RandM Tornado 9000 Fizzy Cherry ofrece hasta 9.000 caladas de sabor a limonada de cereza efervescente. Equipado con 18ml de l\u00edquido de sales de nicotina, bobina de malla de 0.8\u03a9, bater\u00eda recargable de 850mAh, flujo de aire ajustable y pantalla LED para disfrutar de un vapor refrescante.<\/p>","protected":false},"featured_media":1981,"comment_status":"open","ping_status":"closed","template":"","meta":{"_acf_changed":false},"product_brand":[],"product_cat":[25],"product_tag":[],"class_list":{"0":"post-1979","1":"product","2":"type-product","3":"status-publish","4":"has-post-thumbnail","6":"product_cat-randm-tornado-9000","8":"first","9":"instock","10":"shipping-taxable","11":"purchasable","12":"product-type-variable"},"acf":[],"_links":{"self":[{"href":"https:\/\/fumotpuff.com\/es\/wp-json\/wp\/v2\/product\/1979","targetHints":{"allow":["GET"]}}],"collection":[{"href":"https:\/\/fumotpuff.com\/es\/wp-json\/wp\/v2\/product"}],"about":[{"href":"https:\/\/fumotpuff.com\/es\/wp-json\/wp\/v2\/types\/product"}],"replies":[{"embeddable":true,"href":"https:\/\/fumotpuff.com\/es\/wp-json\/wp\/v2\/comments?post=1979"}],"wp:featuredmedia":[{"embeddable":true,"href":"https:\/\/fumotpuff.com\/es\/wp-json\/wp\/v2\/media\/1981"}],"wp:attachment":[{"href":"https:\/\/fumotpuff.com\/es\/wp-json\/wp\/v2\/media?parent=1979"}],"wp:term":[{"taxonomy":"product_brand","embeddable":true,"href":"https:\/\/fumotpuff.com\/es\/wp-json\/wp\/v2\/product_brand?post=1979"},{"taxonomy":"product_cat","embeddable":true,"href":"https:\/\/fumotpuff.com\/es\/wp-json\/wp\/v2\/product_cat?post=1979"},{"taxonomy":"product_tag","embeddable":true,"href":"https:\/\/fumotpuff.com\/es\/wp-json\/wp\/v2\/product_tag?post=1979"}],"curies":[{"name":"wp","href":"https:\/\/api.w.org\/{rel}","templated":true}]}}