{"id":1972,"date":"2025-10-05T05:24:22","date_gmt":"2025-10-05T03:24:22","guid":{"rendered":"https:\/\/fumotpuff.com\/?post_type=product&#038;p=1972"},"modified":"2025-10-05T05:24:22","modified_gmt":"2025-10-05T03:24:22","slug":"randm-tornado-9000-cherry","status":"publish","type":"product","link":"https:\/\/fumotpuff.com\/es\/producto\/randm-tornado-9000-cherry\/","title":{"rendered":"RandM Tornado 9000 Cereza"},"content":{"rendered":"<h2 class=\"text-xl font-bold text-text-100 mt-1 -mb-0.5\">Vapeador desechable RandM Tornado 9000 Cherry<\/h2>\n<p class=\"whitespace-normal break-words\">El RandM Tornado 9000 Cherry impresiona por su aut\u00e9ntico sabor a cerezas dulces totalmente maduras. Este cigarrillo electr\u00f3nico desechable proporciona hasta 9000 caladas arom\u00e1ticas y combina la facilidad de uso con una calidad de vapor de primera clase. El intenso sabor a cereza se despliega de forma \u00f3ptima gracias a la avanzada tecnolog\u00eda de bobina de malla y garantiza una experiencia de vapor aterciopelada y afrutada. Con su dise\u00f1o compacto y su bater\u00eda recargable de 850 mAh, este dispositivo es el compa\u00f1ero ideal para viajar.<\/p>\n<h3 class=\"text-lg font-bold text-text-100 mt-1 -mb-1.5\">Caracter\u00edsticas del producto Cereza:<\/h3>\n<p class=\"whitespace-normal break-words\">Elija entre cuatro concentraciones diferentes de sales de nicotina (0%, 2%, 3%, 5%) para personalizar su experiencia de vapeo.<\/p>\n<p class=\"whitespace-normal break-words\">El generoso dep\u00f3sito de e-l\u00edquido de 18 ml en combinaci\u00f3n con la bobina de malla de 0,8 ohmios garantiza un disfrute duradero con un intenso sabor a cereza.<\/p>\n<p class=\"whitespace-normal break-words\">Controla en todo momento el nivel de bater\u00eda y el estado del dispositivo gracias a la pantalla LED integrada.<\/p>\n<p class=\"whitespace-normal break-words\">La pr\u00e1ctica funci\u00f3n de carga USB Type-C permite cargar la bater\u00eda de 850 mAh de forma r\u00e1pida y sin complicaciones.<\/p>\n<p class=\"whitespace-normal break-words\">Sin botones, sin ajustes - simplemente vapea con la intuitiva extracci\u00f3n autom\u00e1tica.<\/p>\n<h3 class=\"text-lg font-bold text-text-100 mt-1 -mb-1.5\">Especificaciones t\u00e9cnicas:<\/h3>\n<p class=\"whitespace-normal break-words\"><strong>Trenes:<\/strong> 9000<br \/>\n<strong>Contenido de nicotina:<\/strong> 0%\/2%\/3%\/5%<br \/>\n<strong>Tipo de nicotina:<\/strong> Sal de nicotina<br \/>\n<strong>Volumen del dep\u00f3sito:<\/strong> 18 ml<br \/>\n<strong>Resistencia:<\/strong> Bobina de malla de 0,8 Ohm<br \/>\n<strong>Bater\u00eda:<\/strong> 850mAh recargable<br \/>\n<strong>Conexi\u00f3n de carga:<\/strong> USB Tipo-C<br \/>\n<strong>Activaci\u00f3n:<\/strong> Control autom\u00e1tico de trenes<\/p>\n<h3 class=\"text-lg font-bold text-text-100 mt-1 -mb-1.5\">Descubre m\u00e1s FUMOT VAPE en fumotpuff<\/h3>\n<p class=\"whitespace-normal break-words\">Visite nuestro <strong><a class=\"underline\" href=\"https:\/\/fumotpuff.com\/es\/\">Tienda principal<\/a><\/strong> para una amplia gama de productos o descubra la completa <strong><a class=\"underline\" href=\"https:\/\/fumotpuff.com\/es\/product-category\/fumot-vape\/\">Gama de productos FUMOT VAPE<\/a><\/strong>. M\u00e1s sabores excitantes aguardan en nuestro <strong><a class=\"underline\" href=\"https:\/\/fumotpuff.com\/es\/product-category\/fumot-vape\/randm-tornado-9000\/\">Selecci\u00f3n de sabores RandM Tornado 9000<\/a><\/strong>.<\/p>","protected":false},"excerpt":{"rendered":"<p class=\"whitespace-normal break-words\">El vapeador desechable RandM Tornado 9000 Cherry proporciona hasta 9.000 caladas de dulce sabor a cereza totalmente madura. Equipado con 18ml de l\u00edquido de sales de nicotina, bobina de malla de 0.8\u03a9, bater\u00eda recargable de 850mAh, flujo de aire ajustable y pantalla LED para disfrutar de un vapor aterciopelado y afrutado.<\/p>","protected":false},"featured_media":1974,"comment_status":"open","ping_status":"closed","template":"","meta":{"_acf_changed":false},"product_brand":[],"product_cat":[25],"product_tag":[],"class_list":{"0":"post-1972","1":"product","2":"type-product","3":"status-publish","4":"has-post-thumbnail","6":"product_cat-randm-tornado-9000","8":"first","9":"instock","10":"shipping-taxable","11":"purchasable","12":"product-type-variable"},"acf":[],"_links":{"self":[{"href":"https:\/\/fumotpuff.com\/es\/wp-json\/wp\/v2\/product\/1972","targetHints":{"allow":["GET"]}}],"collection":[{"href":"https:\/\/fumotpuff.com\/es\/wp-json\/wp\/v2\/product"}],"about":[{"href":"https:\/\/fumotpuff.com\/es\/wp-json\/wp\/v2\/types\/product"}],"replies":[{"embeddable":true,"href":"https:\/\/fumotpuff.com\/es\/wp-json\/wp\/v2\/comments?post=1972"}],"wp:featuredmedia":[{"embeddable":true,"href":"https:\/\/fumotpuff.com\/es\/wp-json\/wp\/v2\/media\/1974"}],"wp:attachment":[{"href":"https:\/\/fumotpuff.com\/es\/wp-json\/wp\/v2\/media?parent=1972"}],"wp:term":[{"taxonomy":"product_brand","embeddable":true,"href":"https:\/\/fumotpuff.com\/es\/wp-json\/wp\/v2\/product_brand?post=1972"},{"taxonomy":"product_cat","embeddable":true,"href":"https:\/\/fumotpuff.com\/es\/wp-json\/wp\/v2\/product_cat?post=1972"},{"taxonomy":"product_tag","embeddable":true,"href":"https:\/\/fumotpuff.com\/es\/wp-json\/wp\/v2\/product_tag?post=1972"}],"curies":[{"name":"wp","href":"https:\/\/api.w.org\/{rel}","templated":true}]}}