{"id":1965,"date":"2025-10-05T05:21:48","date_gmt":"2025-10-05T03:21:48","guid":{"rendered":"https:\/\/fumotpuff.com\/?post_type=product&#038;p=1965"},"modified":"2025-10-05T05:21:48","modified_gmt":"2025-10-05T03:21:48","slug":"randm-tornado-9000-lemon-lime","status":"publish","type":"product","link":"https:\/\/fumotpuff.com\/es\/producto\/randm-tornado-9000-lemon-lime\/","title":{"rendered":"RandM Tornado 9000 Lim\u00f3n y lima"},"content":{"rendered":"<h2 class=\"text-xl font-bold text-text-100 mt-1 -mb-0.5\">Vapeador desechable RandM Tornado 9000 Lemon &amp; Lime<\/h2>\n<p class=\"whitespace-normal break-words\">El RandM Tornado 9000 en sabor Lim\u00f3n y Lima combina lim\u00f3n \u00e1cido con lima \u00e1cida para crear una experiencia de vapeo vigorizante. Este dispositivo de vapeo desechable precargado cuenta con unas impresionantes 9000 caladas y una generosa capacidad de 18ml de e-l\u00edquido. El equilibrio perfecto entre el lim\u00f3n dulce y la lima \u00e1cida garantiza un sabor refrescante que te mantendr\u00e1 activo durante todo el d\u00eda. Gracias a la bobina de malla integrada, cada calada es una experiencia de sabor intenso con un desarrollo \u00f3ptimo del vapor.<\/p>\n<h3 class=\"text-lg font-bold text-text-100 mt-1 -mb-1.5\">Caracter\u00edsticas del producto Lim\u00f3n y lima:<\/h3>\n<p class=\"whitespace-normal break-words\">Las concentraciones de nicotina disponibles de 0%, 2%, 3% y 5% de sal de nicotina le permiten elegir la intensidad seg\u00fan sus preferencias personales.<\/p>\n<p class=\"whitespace-normal break-words\">Con la bobina de malla de 0,8 ohmios de alta calidad, experimentar\u00e1 un extraordinario desarrollo del sabor que acent\u00faa perfectamente las frescas notas c\u00edtricas.<\/p>\n<p class=\"whitespace-normal break-words\">La pr\u00e1ctica pantalla LED te muestra siempre el estado actual de la bater\u00eda e informaci\u00f3n importante sobre el dispositivo.<\/p>\n<p class=\"whitespace-normal break-words\">La potente bater\u00eda de 850 mAh es recargable mediante USB Type-C y garantiza un disfrute continuo del vapor sin largos tiempos de espera.<\/p>\n<p class=\"whitespace-normal break-words\">El modo de funcionamiento por tracci\u00f3n hace que el aparato sea especialmente f\u00e1cil de usar y c\u00f3modo para los principiantes.<\/p>\n<h3 class=\"text-lg font-bold text-text-100 mt-1 -mb-1.5\">Especificaciones t\u00e9cnicas:<\/h3>\n<p class=\"whitespace-normal break-words\"><strong>Trenes:<\/strong> 9000<br \/>\n<strong>Contenido de nicotina:<\/strong> 0%\/2%\/3%\/5%<br \/>\n<strong>Tipo de nicotina:<\/strong> Sal de nicotina<br \/>\n<strong>Volumen del dep\u00f3sito:<\/strong> 18 ml<br \/>\n<strong>Resistencia:<\/strong> Bobina de malla de 0,8 Ohm<br \/>\n<strong>Bater\u00eda:<\/strong> 850mAh recargable<br \/>\n<strong>Conexi\u00f3n de carga:<\/strong> USB Tipo-C<br \/>\n<strong>Activaci\u00f3n:<\/strong> Control autom\u00e1tico de trenes<\/p>\n<h3 class=\"text-lg font-bold text-text-100 mt-1 -mb-1.5\">Descubre m\u00e1s FUMOT VAPE en fumotpuff<\/h3>\n<p class=\"whitespace-normal break-words\">Descubra m\u00e1s productos premium en nuestra <strong><a class=\"underline\" href=\"https:\/\/fumotpuff.com\/es\/\">Tienda en l\u00ednea<\/a><\/strong> o eche un vistazo a nuestro exclusivo <strong><a class=\"underline\" href=\"https:\/\/fumotpuff.com\/es\/product-category\/fumot-vape\/\">Colecci\u00f3n FUMOT VAPE<\/a><\/strong>. Encontrar\u00e1 todos los sabores disponibles en nuestra <strong><a class=\"underline\" href=\"https:\/\/fumotpuff.com\/es\/product-category\/fumot-vape\/randm-tornado-9000\/\">Visi\u00f3n general de RandM Tornado 9000<\/a><\/strong>.<\/p>","protected":false},"excerpt":{"rendered":"<p class=\"whitespace-normal break-words\">El vapeador desechable RandM Tornado 9000 Lemon &amp; Lime ofrece hasta 9.000 caladas con una refrescante combinaci\u00f3n de lim\u00f3n y lima. Equipado con 18ml de l\u00edquido de sales de nicotina, bobina de malla de 0.8\u03a9, bater\u00eda recargable de 850mAh, flujo de aire ajustable y pantalla LED para disfrutar de un vigorizante vapor c\u00edtrico.<\/p>","protected":false},"featured_media":1967,"comment_status":"open","ping_status":"closed","template":"","meta":{"_acf_changed":false},"product_brand":[],"product_cat":[25],"product_tag":[],"class_list":{"0":"post-1965","1":"product","2":"type-product","3":"status-publish","4":"has-post-thumbnail","6":"product_cat-randm-tornado-9000","8":"first","9":"instock","10":"shipping-taxable","11":"purchasable","12":"product-type-variable"},"acf":[],"_links":{"self":[{"href":"https:\/\/fumotpuff.com\/es\/wp-json\/wp\/v2\/product\/1965","targetHints":{"allow":["GET"]}}],"collection":[{"href":"https:\/\/fumotpuff.com\/es\/wp-json\/wp\/v2\/product"}],"about":[{"href":"https:\/\/fumotpuff.com\/es\/wp-json\/wp\/v2\/types\/product"}],"replies":[{"embeddable":true,"href":"https:\/\/fumotpuff.com\/es\/wp-json\/wp\/v2\/comments?post=1965"}],"wp:featuredmedia":[{"embeddable":true,"href":"https:\/\/fumotpuff.com\/es\/wp-json\/wp\/v2\/media\/1967"}],"wp:attachment":[{"href":"https:\/\/fumotpuff.com\/es\/wp-json\/wp\/v2\/media?parent=1965"}],"wp:term":[{"taxonomy":"product_brand","embeddable":true,"href":"https:\/\/fumotpuff.com\/es\/wp-json\/wp\/v2\/product_brand?post=1965"},{"taxonomy":"product_cat","embeddable":true,"href":"https:\/\/fumotpuff.com\/es\/wp-json\/wp\/v2\/product_cat?post=1965"},{"taxonomy":"product_tag","embeddable":true,"href":"https:\/\/fumotpuff.com\/es\/wp-json\/wp\/v2\/product_tag?post=1965"}],"curies":[{"name":"wp","href":"https:\/\/api.w.org\/{rel}","templated":true}]}}