{"id":1677,"date":"2025-09-29T05:43:59","date_gmt":"2025-09-29T03:43:59","guid":{"rendered":"https:\/\/fumotpuff.com\/?post_type=product&#038;p=1677"},"modified":"2025-09-29T05:43:59","modified_gmt":"2025-09-29T03:43:59","slug":"randm-digital-box-12000-bingo-crush","status":"publish","type":"product","link":"https:\/\/fumotpuff.com\/es\/producto\/randm-digital-box-12000-bingo-crush\/","title":{"rendered":"RandM Caja Digital 12000 Bingo Crush"},"content":{"rendered":"<h2 class=\"text-xl font-bold text-text-100 mt-1 -mb-0.5\">RandM Digital Box 12000 Bingo Crush cigarrillo electr\u00f3nico desechable<\/h2>\n<p class=\"whitespace-normal break-words\">Con el <strong>RandM Caja Digital 12000 Bingo Crush<\/strong> Experimente una fusi\u00f3n \u00fanica de frutas ex\u00f3ticas y refrescantes notas de hielo para una experiencia de vapor extraordinaria. Este sistema de vapor recargable dispone de una pantalla digital para controlar en directo la carga de la bater\u00eda y el nivel de e-l\u00edquido. Con una capacidad de dep\u00f3sito de 20 ml y potencias flexibles de sales de nicotina de 0\/2\/3\/5 %, podr\u00e1 disfrutar de hasta 12.000 caladas espectaculares. La pantalla digital te informa continuamente sobre la carga restante de la bater\u00eda y el nivel de l\u00edquido, lo que evita interrupciones en el funcionamiento. La conexi\u00f3n de carga Type-C garantiza que puedas utilizar todo el e-l\u00edquido hasta la \u00faltima gota.<\/p>\n<h3 class=\"text-lg font-bold text-text-100 mt-1 -mb-1.5\">Ventajas de la Caja Digital RandM 12000 Bingo Crush:<\/h3>\n<p class=\"whitespace-normal break-words\"><strong>Impresionante n\u00famero de trenes:<\/strong> Hasta 12.000 caladas garantizan varias semanas de disfrute del vapor sin interrupciones.<\/p>\n<p class=\"whitespace-normal break-words\"><strong>Gran suministro de l\u00edquido:<\/strong> La capacidad de 20 ml maximiza los intervalos de uso y minimiza el mantenimiento.<\/p>\n<p class=\"whitespace-normal break-words\"><strong>Fuente de alimentaci\u00f3n fiable:<\/strong> Bater\u00eda recargable de 850 mAh con conexi\u00f3n Type-C para un r\u00e1pido suministro de energ\u00eda.<\/p>\n<p class=\"whitespace-normal break-words\"><strong>Producci\u00f3n de vapor estable:<\/strong> La bobina de malla de 1\u03a9 proporciona un sabor fuerte y aut\u00e9ntico de forma constante.<\/p>\n<p class=\"whitespace-normal break-words\"><strong>Tecnolog\u00eda LCD de \u00faltima generaci\u00f3n:<\/strong> Monitor integrado para controlar en tiempo real el estado de la bater\u00eda y el n\u00famero de caladas.<\/p>\n<h3 class=\"text-lg font-bold text-text-100 mt-1 -mb-1.5\">Especificaciones t\u00e9cnicas:<\/h3>\n<p class=\"whitespace-normal break-words\"><strong>Sal de nicotina:<\/strong> 0% \/ 2% \/ 3% \/ 5%<\/p>\n<p class=\"whitespace-normal break-words\"><strong>Volumen de e-l\u00edquido:<\/strong> 20 ml<\/p>\n<p class=\"whitespace-normal break-words\"><strong>Trenes por unidad:<\/strong> 12.000<\/p>\n<p class=\"whitespace-normal break-words\"><strong>Equipamiento:<\/strong> Indicador digital de bater\u00eda y nivel de l\u00edquido<\/p>\n<p class=\"whitespace-normal break-words\"><strong>Bater\u00eda:<\/strong> Recargable, 850 mAh integrados<\/p>\n<p class=\"whitespace-normal break-words\"><strong>Unidad de embalaje:<\/strong> 10 piezas en caja expositora<\/p>\n<h3 class=\"text-lg font-bold text-text-100 mt-1 -mb-1.5\">Descubre m\u00e1s FUMOT VAPE en fumotpuff<\/h3>\n<p class=\"whitespace-normal break-words\">Visite nuestro <strong><a class=\"underline\" href=\"https:\/\/fumotpuff.com\/es\/\">P\u00e1gina de inicio<\/a><\/strong> para una amplia gama de productos de vapor de primera calidad o explore la polifac\u00e9tica gama de <strong><a class=\"underline\" href=\"https:\/\/fumotpuff.com\/es\/product-category\/fumot-vape\/\">Selecci\u00f3n FUMOT VAPE<\/a><\/strong> con soluciones de vapeo de \u00faltima generaci\u00f3n. Encontrar\u00e1 todas las variantes de sabores en la completa <strong><a class=\"underline\" href=\"https:\/\/fumotpuff.com\/es\/product-category\/fumot-vape\/randm-digital-box-12000\/\">RandM Digital Box 12000 colecci\u00f3n de sabores<\/a><\/strong>.<\/p>","protected":false},"excerpt":{"rendered":"<p class=\"whitespace-normal break-words\">El RandM Digital Box 12000 Bingo Crush ofrece una fusi\u00f3n \u00fanica de frutas ex\u00f3ticas y refrescantes sabores a hielo para una experiencia de vapeo extraordinaria. Vapeador recargable con 20ml de e-l\u00edquido, hasta 12.000 caladas, pantalla LCD para bater\u00eda y nivel de l\u00edquido. 850mAh, Tipo-C.<\/p>","protected":false},"featured_media":1680,"comment_status":"open","ping_status":"closed","template":"","meta":{"_acf_changed":false},"product_brand":[],"product_cat":[24],"product_tag":[],"class_list":{"0":"post-1677","1":"product","2":"type-product","3":"status-publish","4":"has-post-thumbnail","6":"product_cat-randm-digital-box-12000","8":"first","9":"instock","10":"shipping-taxable","11":"purchasable","12":"product-type-variable"},"acf":[],"_links":{"self":[{"href":"https:\/\/fumotpuff.com\/es\/wp-json\/wp\/v2\/product\/1677","targetHints":{"allow":["GET"]}}],"collection":[{"href":"https:\/\/fumotpuff.com\/es\/wp-json\/wp\/v2\/product"}],"about":[{"href":"https:\/\/fumotpuff.com\/es\/wp-json\/wp\/v2\/types\/product"}],"replies":[{"embeddable":true,"href":"https:\/\/fumotpuff.com\/es\/wp-json\/wp\/v2\/comments?post=1677"}],"wp:featuredmedia":[{"embeddable":true,"href":"https:\/\/fumotpuff.com\/es\/wp-json\/wp\/v2\/media\/1680"}],"wp:attachment":[{"href":"https:\/\/fumotpuff.com\/es\/wp-json\/wp\/v2\/media?parent=1677"}],"wp:term":[{"taxonomy":"product_brand","embeddable":true,"href":"https:\/\/fumotpuff.com\/es\/wp-json\/wp\/v2\/product_brand?post=1677"},{"taxonomy":"product_cat","embeddable":true,"href":"https:\/\/fumotpuff.com\/es\/wp-json\/wp\/v2\/product_cat?post=1677"},{"taxonomy":"product_tag","embeddable":true,"href":"https:\/\/fumotpuff.com\/es\/wp-json\/wp\/v2\/product_tag?post=1677"}],"curies":[{"name":"wp","href":"https:\/\/api.w.org\/{rel}","templated":true}]}}