{"id":1669,"date":"2025-09-29T05:41:07","date_gmt":"2025-09-29T03:41:07","guid":{"rendered":"https:\/\/fumotpuff.com\/?post_type=product&#038;p=1669"},"modified":"2025-09-29T05:41:07","modified_gmt":"2025-09-29T03:41:07","slug":"randm-digital-box-12000-lemon-lime","status":"publish","type":"product","link":"https:\/\/fumotpuff.com\/es\/producto\/randm-digital-box-12000-lemon-lime\/","title":{"rendered":"RandM Digital Box 12000 Lim\u00f3n y lima"},"content":{"rendered":"<h2 class=\"text-xl font-bold text-text-100 mt-1 -mb-0.5\">e-cigarrillo desechable RandM Digital Box 12000 Lemon &amp; Lime<\/h2>\n<p class=\"whitespace-normal break-words\">En <strong>RandM Digital Box 12000 Lim\u00f3n y lima<\/strong> ofrece el equilibrio perfecto entre el lim\u00f3n \u00e1cido y la lima refrescante para un sabor c\u00edtrico vigorizante. Este dispositivo de vapeo recargable est\u00e1 equipado con una pantalla digital que controla el nivel de la bater\u00eda y la cantidad de l\u00edquido en tiempo real. Con un volumen de 20 ml y concentraciones de sales de nicotina de 0\/2\/3\/5 %, obtendr\u00e1 hasta 12.000 caladas refrescantes. La pantalla LCD te muestra constantemente la capacidad restante de la bater\u00eda y el suministro de e-l\u00edquido, para que no haya interrupciones no deseadas. La conexi\u00f3n de carga Tipo-C te permite<\/p>\n<h3 class=\"text-lg font-bold text-text-100 mt-1 -mb-1.5\">Ventajas de la RandM Digital Box 12000 Lemon &amp; Lime:<\/h3>\n<p class=\"whitespace-normal break-words\"><strong>Excelente vida \u00fatil:<\/strong> Hasta 12.000 caladas para disfrutar del vapor durante semanas sin recargar.<\/p>\n<p class=\"whitespace-normal break-words\"><strong>Dep\u00f3sito de gran capacidad:<\/strong> El contenido de 20 ml reduce al m\u00ednimo la necesidad de rellenado.<\/p>\n<p class=\"whitespace-normal break-words\"><strong>Bater\u00eda de alto rendimiento:<\/strong> Bater\u00eda recargable de 850 mAh con interfaz Type-C para ciclos de carga eficientes.<\/p>\n<p class=\"whitespace-normal break-words\"><strong>Calidad de sabor constante:<\/strong> Bobina de malla de 1\u03a9 que garantiza sabores c\u00edtricos intensos en cada calada.<\/p>\n<p class=\"whitespace-normal break-words\"><strong>Pantalla digital inteligente:<\/strong> Pantalla LCD integrada para controlar permanentemente el estado de la bater\u00eda y el n\u00famero de trenes.<\/p>\n<h3 class=\"text-lg font-bold text-text-100 mt-1 -mb-1.5\">Especificaciones t\u00e9cnicas:<\/h3>\n<p class=\"whitespace-normal break-words\"><strong>Sal de nicotina:<\/strong> 0% \/ 2% \/ 3% \/ 5%<\/p>\n<p class=\"whitespace-normal break-words\"><strong>Volumen de e-l\u00edquido:<\/strong> 20 ml<\/p>\n<p class=\"whitespace-normal break-words\"><strong>Trenes por unidad:<\/strong> 12.000<\/p>\n<p class=\"whitespace-normal break-words\"><strong>Equipamiento:<\/strong> Indicador digital de bater\u00eda y nivel de l\u00edquido<\/p>\n<p class=\"whitespace-normal break-words\"><strong>Bater\u00eda:<\/strong> Recargable, 850 mAh integrados<\/p>\n<p class=\"whitespace-normal break-words\"><strong>Unidad de embalaje:<\/strong> 10 piezas en caja expositora<\/p>\n<h3 class=\"text-lg font-bold text-text-100 mt-1 -mb-1.5\">Descubre m\u00e1s FUMOT VAPE en fumotpuff<\/h3>\n<p class=\"whitespace-normal break-words\">Descubra m\u00e1s productos excelentes para vapear en nuestra <strong><a class=\"underline\" href=\"https:\/\/fumotpuff.com\/es\/\">P\u00e1gina de inicio<\/a><\/strong> o visite la vers\u00e1til <strong><a class=\"underline\" href=\"https:\/\/fumotpuff.com\/es\/product-category\/fumot-vape\/\">Gama de productos FUMOT VAPE<\/a><\/strong> con dispositivos de vapor avanzados. Descubre toda la gama de sabores en el <strong><a class=\"underline\" href=\"https:\/\/fumotpuff.com\/es\/product-category\/fumot-vape\/randm-digital-box-12000\/\">Visi\u00f3n general de la gama RandM Digital Box 12000<\/a><\/strong>.<\/p>","protected":false},"excerpt":{"rendered":"<p class=\"whitespace-normal break-words\">El RandM Digital Box 12000 Lemon &amp; Lime ofrece el equilibrio perfecto entre lim\u00f3n \u00e1cido y lima refrescante para un sabor c\u00edtrico vigorizante. Vapeador recargable con 20ml de e-l\u00edquido, hasta 12.000 caladas, pantalla LCD para bater\u00eda y nivel de l\u00edquido. Bater\u00eda de 850 mAh, Tipo-C.<\/p>","protected":false},"featured_media":1672,"comment_status":"open","ping_status":"closed","template":"","meta":{"_acf_changed":false},"product_brand":[],"product_cat":[24],"product_tag":[],"class_list":{"0":"post-1669","1":"product","2":"type-product","3":"status-publish","4":"has-post-thumbnail","6":"product_cat-randm-digital-box-12000","8":"first","9":"instock","10":"shipping-taxable","11":"purchasable","12":"product-type-variable"},"acf":[],"_links":{"self":[{"href":"https:\/\/fumotpuff.com\/es\/wp-json\/wp\/v2\/product\/1669","targetHints":{"allow":["GET"]}}],"collection":[{"href":"https:\/\/fumotpuff.com\/es\/wp-json\/wp\/v2\/product"}],"about":[{"href":"https:\/\/fumotpuff.com\/es\/wp-json\/wp\/v2\/types\/product"}],"replies":[{"embeddable":true,"href":"https:\/\/fumotpuff.com\/es\/wp-json\/wp\/v2\/comments?post=1669"}],"wp:featuredmedia":[{"embeddable":true,"href":"https:\/\/fumotpuff.com\/es\/wp-json\/wp\/v2\/media\/1672"}],"wp:attachment":[{"href":"https:\/\/fumotpuff.com\/es\/wp-json\/wp\/v2\/media?parent=1669"}],"wp:term":[{"taxonomy":"product_brand","embeddable":true,"href":"https:\/\/fumotpuff.com\/es\/wp-json\/wp\/v2\/product_brand?post=1669"},{"taxonomy":"product_cat","embeddable":true,"href":"https:\/\/fumotpuff.com\/es\/wp-json\/wp\/v2\/product_cat?post=1669"},{"taxonomy":"product_tag","embeddable":true,"href":"https:\/\/fumotpuff.com\/es\/wp-json\/wp\/v2\/product_tag?post=1669"}],"curies":[{"name":"wp","href":"https:\/\/api.w.org\/{rel}","templated":true}]}}