{"id":1653,"date":"2025-09-29T05:30:36","date_gmt":"2025-09-29T03:30:36","guid":{"rendered":"https:\/\/fumotpuff.com\/?post_type=product&#038;p=1653"},"modified":"2025-09-29T05:30:36","modified_gmt":"2025-09-29T03:30:36","slug":"randm-digital-box-12000-vimto","status":"publish","type":"product","link":"https:\/\/fumotpuff.com\/es\/producto\/randm-digital-box-12000-vimto\/","title":{"rendered":"RandM Digital Box 12000 Vimto"},"content":{"rendered":"<h2 class=\"text-xl font-bold text-text-100 mt-1 -mb-0.5\">RandM Digital Box 12000 Vimto cigarrillo electr\u00f3nico desechable<\/h2>\n<p class=\"whitespace-normal break-words\">En <strong>RandM Digital Box 12000 Vimto<\/strong> trae el sabor cl\u00e1sico de la popular bebida brit\u00e1nica de frutas con uvas, frambuesas y grosellas negras a la experiencia de vapear. Este sistema de vapeo recargable cuenta con una pantalla digital para controlar en tiempo real la carga de la bater\u00eda y los niveles de l\u00edquido. Con 20 ml de capacidad y opciones de sal de nicotina de 0\/2\/3\/5 %, puedes experimentar hasta 12.000 nost\u00e1lgicas caladas. La pantalla LCD muestra continuamente el nivel actual de la bater\u00eda y del e-l\u00edquido, eliminando interrupciones inesperadas. La conexi\u00f3n de carga Type-C permite aprovechar al m\u00e1ximo el contenido l\u00edquido.<\/p>\n<h3 class=\"text-lg font-bold text-text-100 mt-1 -mb-1.5\">Ventajas de la RandM Digital Box 12000 Vimto:<\/h3>\n<p class=\"whitespace-normal break-words\"><strong>Capacidad m\u00e1xima de remolque:<\/strong> Hasta 12.000 caladas para un placer vaporizante de larga duraci\u00f3n.<\/p>\n<p class=\"whitespace-normal break-words\"><strong>Dep\u00f3sito de l\u00edquido de gran volumen:<\/strong> El volumen de almacenamiento de 20 ml minimiza significativamente la frecuencia de rellenado.<\/p>\n<p class=\"whitespace-normal break-words\"><strong>Potente suministro de energ\u00eda:<\/strong> Bater\u00eda recargable de 850 mAh con conexi\u00f3n Type-C para carga r\u00e1pida.<\/p>\n<p class=\"whitespace-normal break-words\"><strong>Desarrollo homog\u00e9neo del sabor:<\/strong> La bobina de malla de 1\u03a9 proporciona sabores intensos y constantes en cada calada.<\/p>\n<p class=\"whitespace-normal break-words\"><strong>Moderna pantalla LCD:<\/strong> Pantalla integrada para controlar con precisi\u00f3n el nivel de energ\u00eda y el n\u00famero de tirones.<\/p>\n<h3 class=\"text-lg font-bold text-text-100 mt-1 -mb-1.5\">Especificaciones t\u00e9cnicas:<\/h3>\n<p class=\"whitespace-normal break-words\"><strong>Sal de nicotina:<\/strong> 0% \/ 2% \/ 3% \/ 5%<\/p>\n<p class=\"whitespace-normal break-words\"><strong>Volumen de e-l\u00edquido:<\/strong> 20 ml<\/p>\n<p class=\"whitespace-normal break-words\"><strong>Trenes por unidad:<\/strong> 12.000<\/p>\n<p class=\"whitespace-normal break-words\"><strong>Equipamiento:<\/strong> Indicador digital de bater\u00eda y nivel de l\u00edquido<\/p>\n<p class=\"whitespace-normal break-words\"><strong>Bater\u00eda:<\/strong> Recargable, 850 mAh integrados<\/p>\n<p class=\"whitespace-normal break-words\"><strong>Unidad de embalaje:<\/strong> 10 piezas en caja expositora<\/p>\n<h3 class=\"text-lg font-bold text-text-100 mt-1 -mb-1.5\">Descubre m\u00e1s FUMOT VAPE en fumotpuff<\/h3>\n<p class=\"whitespace-normal break-words\">Encuentre otros productos premium en nuestra <strong><a class=\"underline\" href=\"https:\/\/fumotpuff.com\/es\/\">P\u00e1gina de inicio<\/a><\/strong> o navegar por la diversa <strong><a class=\"underline\" href=\"https:\/\/fumotpuff.com\/es\/product-category\/fumot-vape\/\">Colecci\u00f3n FUMOT VAPE<\/a><\/strong> con innovadores sistemas de vapor. Puede descubrir toda la gama de sabores en el <strong><a class=\"underline\" href=\"https:\/\/fumotpuff.com\/es\/product-category\/fumot-vape\/randm-digital-box-12000\/\">RandM Digital Box 12000 selecci\u00f3n de sabores<\/a><\/strong>.<\/p>","protected":false},"excerpt":{"rendered":"<p class=\"whitespace-normal break-words\">El RandM Digital Box 12000 Vimto trae el sabor cl\u00e1sico de la bebida de frutas brit\u00e1nica con uvas, frambuesas y grosellas negras a la experiencia de vapear. Vapeador recargable con 20ml de e-l\u00edquido, hasta 12.000 caladas, pantalla LCD para bater\u00eda y nivel de l\u00edquido. 850mAh, Tipo-C.<\/p>","protected":false},"featured_media":1656,"comment_status":"open","ping_status":"closed","template":"","meta":{"_acf_changed":false},"product_brand":[],"product_cat":[24],"product_tag":[],"class_list":{"0":"post-1653","1":"product","2":"type-product","3":"status-publish","4":"has-post-thumbnail","6":"product_cat-randm-digital-box-12000","8":"first","9":"instock","10":"shipping-taxable","11":"purchasable","12":"product-type-variable"},"acf":[],"_links":{"self":[{"href":"https:\/\/fumotpuff.com\/es\/wp-json\/wp\/v2\/product\/1653","targetHints":{"allow":["GET"]}}],"collection":[{"href":"https:\/\/fumotpuff.com\/es\/wp-json\/wp\/v2\/product"}],"about":[{"href":"https:\/\/fumotpuff.com\/es\/wp-json\/wp\/v2\/types\/product"}],"replies":[{"embeddable":true,"href":"https:\/\/fumotpuff.com\/es\/wp-json\/wp\/v2\/comments?post=1653"}],"wp:featuredmedia":[{"embeddable":true,"href":"https:\/\/fumotpuff.com\/es\/wp-json\/wp\/v2\/media\/1656"}],"wp:attachment":[{"href":"https:\/\/fumotpuff.com\/es\/wp-json\/wp\/v2\/media?parent=1653"}],"wp:term":[{"taxonomy":"product_brand","embeddable":true,"href":"https:\/\/fumotpuff.com\/es\/wp-json\/wp\/v2\/product_brand?post=1653"},{"taxonomy":"product_cat","embeddable":true,"href":"https:\/\/fumotpuff.com\/es\/wp-json\/wp\/v2\/product_cat?post=1653"},{"taxonomy":"product_tag","embeddable":true,"href":"https:\/\/fumotpuff.com\/es\/wp-json\/wp\/v2\/product_tag?post=1653"}],"curies":[{"name":"wp","href":"https:\/\/api.w.org\/{rel}","templated":true}]}}