{"id":1645,"date":"2025-09-29T05:27:59","date_gmt":"2025-09-29T03:27:59","guid":{"rendered":"https:\/\/fumotpuff.com\/?post_type=product&#038;p=1645"},"modified":"2025-09-29T05:28:00","modified_gmt":"2025-09-29T03:28:00","slug":"randm-digital-box-12000-strawberry-pomp","status":"publish","type":"product","link":"https:\/\/fumotpuff.com\/es\/producto\/randm-digital-box-12000-strawberry-pomp\/","title":{"rendered":"RandM Digital Box 12000 Pompa de fresa"},"content":{"rendered":"<h2 class=\"text-xl font-bold text-text-100 mt-1 -mb-0.5\">RandM Digital Box 12000 Pompa de fresa e-cigarrillo desechable<\/h2>\n<p class=\"whitespace-normal break-words\">Con el <strong>RandM Digital Box 12000 Pompa de fresa<\/strong> Saboree la ex\u00f3tica combinaci\u00f3n de fresas maduras y granada arom\u00e1tica. Este vaporizador recargable cuenta con una pantalla digital que permite controlar en tiempo real la carga de la bater\u00eda y el nivel de e-l\u00edquido. Con un volumen de dep\u00f3sito de 20 ml y concentraciones de sales de nicotina seleccionables de 0\/2\/3\/5 %, podr\u00e1 disfrutar de hasta 12.000 placenteras caladas. La pantalla digital te mantiene constantemente informado sobre la capacidad restante de la bater\u00eda y el nivel de l\u00edquido, lo que evita interrupciones en el funcionamiento. La conexi\u00f3n de carga Type-C garantiza que aproveche al m\u00e1ximo cada mililitro de e-l\u00edquido.<\/p>\n<h3 class=\"text-lg font-bold text-text-100 mt-1 -mb-1.5\">Ventajas de la RandM Digital Box 12000 Strawberry Pomp:<\/h3>\n<p class=\"whitespace-normal break-words\"><strong>Vida \u00fatil a largo plazo:<\/strong> Hasta 12.000 caladas para disfrutar del vapor durante m\u00e1s tiempo sin interrupciones.<\/p>\n<p class=\"whitespace-normal break-words\"><strong>Gran capacidad del dep\u00f3sito:<\/strong> El contenido de 20 ml reduce significativamente el esfuerzo de mantenimiento y aumenta la facilidad de uso.<\/p>\n<p class=\"whitespace-normal break-words\"><strong>Potente tecnolog\u00eda de bater\u00eda:<\/strong> Bater\u00eda recargable de 850 mAh con interfaz Type-C para tiempos de carga eficientes.<\/p>\n<p class=\"whitespace-normal break-words\"><strong>Calidad de vapor constante:<\/strong> Bobina de malla de 1\u03a9 que garantiza aut\u00e9nticos matices de sabor en todo momento.<\/p>\n<p class=\"whitespace-normal break-words\"><strong>Pantalla digital avanzada:<\/strong> Pantalla LCD integrada para controlar permanentemente el estado de la bater\u00eda y el n\u00famero de caladas.<\/p>\n<h3 class=\"text-lg font-bold text-text-100 mt-1 -mb-1.5\">Especificaciones t\u00e9cnicas:<\/h3>\n<p class=\"whitespace-normal break-words\"><strong>Sal de nicotina:<\/strong> 0% \/ 2% \/ 3% \/ 5%<\/p>\n<p class=\"whitespace-normal break-words\"><strong>Volumen de e-l\u00edquido:<\/strong> 20 ml<\/p>\n<p class=\"whitespace-normal break-words\"><strong>Trenes por unidad:<\/strong> 12.000<\/p>\n<p class=\"whitespace-normal break-words\"><strong>Equipamiento:<\/strong> Indicador digital de bater\u00eda y nivel de l\u00edquido<\/p>\n<p class=\"whitespace-normal break-words\"><strong>Bater\u00eda:<\/strong> Recargable, 850 mAh integrados<\/p>\n<p class=\"whitespace-normal break-words\"><strong>Unidad de embalaje:<\/strong> 10 piezas en caja expositora<\/p>\n<h3 class=\"text-lg font-bold text-text-100 mt-1 -mb-1.5\">Descubre m\u00e1s FUMOT VAPE en fumotpuff<\/h3>\n<p class=\"whitespace-normal break-words\">Descubra m\u00e1s productos de vapor de alta calidad en nuestra <strong><a class=\"underline\" href=\"https:\/\/fumotpuff.com\/es\/\">P\u00e1gina de inicio<\/a><\/strong> o navegar por la completa <strong><a class=\"underline\" href=\"https:\/\/fumotpuff.com\/es\/product-category\/fumot-vape\/\">FUMOT VAPE mundo del producto<\/a><\/strong> con aparatos orientados al futuro. Encontrar\u00e1 todas las variantes de sabores en la completa <strong><a class=\"underline\" href=\"https:\/\/fumotpuff.com\/es\/product-category\/fumot-vape\/randm-digital-box-12000\/\">Gama de sabores RandM Digital Box 12000<\/a><\/strong>.<\/p>","protected":false},"excerpt":{"rendered":"<p class=\"whitespace-normal break-words\">El RandM Digital Box 12000 Strawberry Pomp combina fresas maduras con granada aromatizada para crear una mezcla ex\u00f3tica. Vapeador recargable con 20ml de e-l\u00edquido, hasta 12.000 caladas, pantalla LCD para bater\u00eda y nivel de l\u00edquido. Bater\u00eda de 850mAh, bobina de malla, Tipo-C. Sal de nicotina 0-5%.<\/p>","protected":false},"featured_media":1648,"comment_status":"open","ping_status":"closed","template":"","meta":{"_acf_changed":false},"product_brand":[],"product_cat":[24],"product_tag":[],"class_list":{"0":"post-1645","1":"product","2":"type-product","3":"status-publish","4":"has-post-thumbnail","6":"product_cat-randm-digital-box-12000","8":"first","9":"instock","10":"shipping-taxable","11":"purchasable","12":"product-type-variable"},"acf":[],"_links":{"self":[{"href":"https:\/\/fumotpuff.com\/es\/wp-json\/wp\/v2\/product\/1645","targetHints":{"allow":["GET"]}}],"collection":[{"href":"https:\/\/fumotpuff.com\/es\/wp-json\/wp\/v2\/product"}],"about":[{"href":"https:\/\/fumotpuff.com\/es\/wp-json\/wp\/v2\/types\/product"}],"replies":[{"embeddable":true,"href":"https:\/\/fumotpuff.com\/es\/wp-json\/wp\/v2\/comments?post=1645"}],"wp:featuredmedia":[{"embeddable":true,"href":"https:\/\/fumotpuff.com\/es\/wp-json\/wp\/v2\/media\/1648"}],"wp:attachment":[{"href":"https:\/\/fumotpuff.com\/es\/wp-json\/wp\/v2\/media?parent=1645"}],"wp:term":[{"taxonomy":"product_brand","embeddable":true,"href":"https:\/\/fumotpuff.com\/es\/wp-json\/wp\/v2\/product_brand?post=1645"},{"taxonomy":"product_cat","embeddable":true,"href":"https:\/\/fumotpuff.com\/es\/wp-json\/wp\/v2\/product_cat?post=1645"},{"taxonomy":"product_tag","embeddable":true,"href":"https:\/\/fumotpuff.com\/es\/wp-json\/wp\/v2\/product_tag?post=1645"}],"curies":[{"name":"wp","href":"https:\/\/api.w.org\/{rel}","templated":true}]}}