{"id":1628,"date":"2025-09-29T04:43:28","date_gmt":"2025-09-29T02:43:28","guid":{"rendered":"https:\/\/fumotpuff.com\/?post_type=product&#038;p=1628"},"modified":"2025-09-29T04:43:28","modified_gmt":"2025-09-29T02:43:28","slug":"randm-digital-box-12000-black-ice","status":"publish","type":"product","link":"https:\/\/fumotpuff.com\/es\/producto\/randm-digital-box-12000-black-ice\/","title":{"rendered":"RandM Digital Box 12000 Black Ice"},"content":{"rendered":"<h2 class=\"text-xl font-bold text-text-100 mt-1 -mb-0.5\">e-cigarrillo desechable RandM Digital Box 12000 Black Ice<\/h2>\n<p class=\"whitespace-normal break-words\">Experiencia con el <strong>RandM Digital Box 12000 Black Ice<\/strong> una intensa mezcla de bayas oscuras y un toque de mentol helado. Este sistema de vapor recargable cuenta con una pantalla digital para controlar en tiempo real la carga de la bater\u00eda y el nivel de e-l\u00edquido. Con una capacidad de dep\u00f3sito de 20 ml y concentraciones de sales de nicotina de 0\/2\/3\/5 %, puedes disfrutar de hasta 12.000 caladas refrescantes. La pantalla digital le mantiene constantemente informado sobre la carga restante de la bater\u00eda y el suministro de l\u00edquido, lo que evita interrupciones imprevistas. La conexi\u00f3n de carga Type-C garantiza un aprovechamiento \u00f3ptimo de todo el contenido de e-l\u00edquido.<\/p>\n<h3 class=\"text-lg font-bold text-text-100 mt-1 -mb-1.5\">Ventajas de la RandM Digital Box 12000 Black Ice:<\/h3>\n<p class=\"whitespace-normal break-words\"><strong>Impresionante n\u00famero de trenes:<\/strong> Hasta 12.000 caladas permiten disfrutar del vapor durante mucho tiempo.<\/p>\n<p class=\"whitespace-normal break-words\"><strong>Recipiente grande para l\u00edquidos:<\/strong> La capacidad de 20 ml significa menos recambios y m\u00e1s comodidad.<\/p>\n<p class=\"whitespace-normal break-words\"><strong>Fuente de alimentaci\u00f3n fiable:<\/strong> Bater\u00eda recargable de 850 mAh con conexi\u00f3n Type-C para una recarga r\u00e1pida.<\/p>\n<p class=\"whitespace-normal break-words\"><strong>Producci\u00f3n de vapor estable:<\/strong> La bobina de malla de 1\u03a9 proporciona un sabor fuerte y constante en cada calada.<\/p>\n<p class=\"whitespace-normal break-words\"><strong>Pantalla LCD de \u00faltima generaci\u00f3n:<\/strong> Monitor integrado para el seguimiento en tiempo real de la capacidad de la bater\u00eda y el n\u00famero de caladas.<\/p>\n<h3 class=\"text-lg font-bold text-text-100 mt-1 -mb-1.5\">Especificaciones t\u00e9cnicas:<\/h3>\n<p class=\"whitespace-normal break-words\"><strong>Sal de nicotina:<\/strong> 0% \/ 2% \/ 3% \/ 5%<\/p>\n<p class=\"whitespace-normal break-words\"><strong>Volumen de e-l\u00edquido:<\/strong> 20 ml<\/p>\n<p class=\"whitespace-normal break-words\"><strong>Trenes por unidad:<\/strong> 12.000<\/p>\n<p class=\"whitespace-normal break-words\"><strong>Equipamiento:<\/strong> Indicador digital de bater\u00eda y nivel de l\u00edquido<\/p>\n<p class=\"whitespace-normal break-words\"><strong>Bater\u00eda:<\/strong> Recargable, 850 mAh integrados<\/p>\n<p class=\"whitespace-normal break-words\"><strong>Unidad de embalaje:<\/strong> 10 piezas en caja expositora<\/p>\n<h3 class=\"text-lg font-bold text-text-100 mt-1 -mb-1.5\">Descubre m\u00e1s FUMOT VAPE en fumotpuff<\/h3>\n<p class=\"whitespace-normal break-words\">Descubra m\u00e1s productos excelentes para vapear en nuestra <strong><a class=\"underline\" href=\"https:\/\/fumotpuff.com\/es\/\">P\u00e1gina de inicio<\/a><\/strong> o visite la amplia gama de <strong><a class=\"underline\" href=\"https:\/\/fumotpuff.com\/es\/product-category\/fumot-vape\/\">Categor\u00eda FUMOT VAPE<\/a><\/strong> con dispositivos de vapor avanzados. Puede encontrar toda la gama de sabores en el <strong><a class=\"underline\" href=\"https:\/\/fumotpuff.com\/es\/product-category\/fumot-vape\/randm-digital-box-12000\/\">Visi\u00f3n general de la gama RandM Digital Box 12000<\/a><\/strong>.<\/p>","protected":false},"excerpt":{"rendered":"<p class=\"whitespace-normal break-words\">El RandM Digital Box 12000 Black Ice ofrece una intensa mezcla de bayas oscuras y una patada de mentol helado. Vapeador recargable con 20ml de e-l\u00edquido, hasta 12.000 caladas, pantalla LCD para bater\u00eda y nivel de l\u00edquido. Bater\u00eda de 850mAh, bobina de malla, carga Tipo-C. Sal de nicotina 0-5%.<\/p>","protected":false},"featured_media":1631,"comment_status":"open","ping_status":"closed","template":"","meta":{"_acf_changed":false},"product_brand":[],"product_cat":[24],"product_tag":[],"class_list":{"0":"post-1628","1":"product","2":"type-product","3":"status-publish","4":"has-post-thumbnail","6":"product_cat-randm-digital-box-12000","8":"first","9":"instock","10":"shipping-taxable","11":"purchasable","12":"product-type-variable"},"acf":[],"_links":{"self":[{"href":"https:\/\/fumotpuff.com\/es\/wp-json\/wp\/v2\/product\/1628","targetHints":{"allow":["GET"]}}],"collection":[{"href":"https:\/\/fumotpuff.com\/es\/wp-json\/wp\/v2\/product"}],"about":[{"href":"https:\/\/fumotpuff.com\/es\/wp-json\/wp\/v2\/types\/product"}],"replies":[{"embeddable":true,"href":"https:\/\/fumotpuff.com\/es\/wp-json\/wp\/v2\/comments?post=1628"}],"wp:featuredmedia":[{"embeddable":true,"href":"https:\/\/fumotpuff.com\/es\/wp-json\/wp\/v2\/media\/1631"}],"wp:attachment":[{"href":"https:\/\/fumotpuff.com\/es\/wp-json\/wp\/v2\/media?parent=1628"}],"wp:term":[{"taxonomy":"product_brand","embeddable":true,"href":"https:\/\/fumotpuff.com\/es\/wp-json\/wp\/v2\/product_brand?post=1628"},{"taxonomy":"product_cat","embeddable":true,"href":"https:\/\/fumotpuff.com\/es\/wp-json\/wp\/v2\/product_cat?post=1628"},{"taxonomy":"product_tag","embeddable":true,"href":"https:\/\/fumotpuff.com\/es\/wp-json\/wp\/v2\/product_tag?post=1628"}],"curies":[{"name":"wp","href":"https:\/\/api.w.org\/{rel}","templated":true}]}}