{"id":1612,"date":"2025-09-29T04:36:05","date_gmt":"2025-09-29T02:36:05","guid":{"rendered":"https:\/\/fumotpuff.com\/?post_type=product&#038;p=1612"},"modified":"2025-09-29T04:36:05","modified_gmt":"2025-09-29T02:36:05","slug":"randm-digital-box-12000-watermelon-bubble-gum","status":"publish","type":"product","link":"https:\/\/fumotpuff.com\/es\/producto\/randm-digital-box-12000-watermelon-bubble-gum\/","title":{"rendered":"RandM Digital Box 12000 Sand\u00eda Chicle"},"content":{"rendered":"<h2 class=\"text-xl font-bold text-text-100 mt-1 -mb-0.5\">e-cigarrillo desechable RandM Digital Box 12000 Watermelon Bubble Gum<\/h2>\n<p class=\"whitespace-normal break-words\">Con el <strong>RandM Digital Box 12000 Sand\u00eda Chicle<\/strong> Experimente la nost\u00e1lgica combinaci\u00f3n de jugosa sand\u00eda y dulce sabor a chicle. Este dispositivo de vapor recargable est\u00e1 equipado con una pantalla digital que muestra la carga de la bater\u00eda y el nivel de l\u00edquido en tiempo real. Con una capacidad de dep\u00f3sito de 20 ml y opciones de sal de nicotina de 0\/2\/3\/5 %, obtendr\u00e1 hasta 12.000 caladas aromatizadas. La pantalla digital te informa continuamente sobre la capacidad restante de la bater\u00eda y la cantidad de e-l\u00edquido para evitar interrupciones en el funcionamiento. La conexi\u00f3n de carga Type-C garantiza que puedas utilizar todo el e-l\u00edquido.<\/p>\n<h3 class=\"text-lg font-bold text-text-100 mt-1 -mb-1.5\">Ventajas de la Caja Digital RandM 12000 Watermelon Bubble Gum:<\/h3>\n<p class=\"whitespace-normal break-words\"><strong>Excelente capacidad de remolque:<\/strong> Hasta 12.000 caladas para disfrutar del vapor durante d\u00edas sin recargar.<\/p>\n<p class=\"whitespace-normal break-words\"><strong>Tanque voluminoso:<\/strong> El contenido de 20 ml minimiza el esfuerzo de mantenimiento y aumenta la facilidad de uso.<\/p>\n<p class=\"whitespace-normal break-words\"><strong>Tecnolog\u00eda de bater\u00eda robusta:<\/strong> Bater\u00eda recargable de 850 mAh con interfaz Type-C para un suministro de energ\u00eda eficiente.<\/p>\n<p class=\"whitespace-normal break-words\"><strong>Liberaci\u00f3n constante de sabores:<\/strong> La bobina de malla de 1\u03a9 garantiza un sabor aut\u00e9ntico en todo el proceso.<\/p>\n<p class=\"whitespace-normal break-words\"><strong>Pantalla LCD de gran precisi\u00f3n:<\/strong> Pantalla integrada para controlar con precisi\u00f3n el estado de la bater\u00eda y el contador de caladas.<\/p>\n<h3 class=\"text-lg font-bold text-text-100 mt-1 -mb-1.5\">Especificaciones t\u00e9cnicas:<\/h3>\n<p class=\"whitespace-normal break-words\"><strong>Sal de nicotina:<\/strong> 0% \/ 2% \/ 3% \/ 5%<\/p>\n<p class=\"whitespace-normal break-words\"><strong>Volumen de e-l\u00edquido:<\/strong> 20 ml<\/p>\n<p class=\"whitespace-normal break-words\"><strong>Trenes por unidad:<\/strong> 12.000<\/p>\n<p class=\"whitespace-normal break-words\"><strong>Equipamiento:<\/strong> Indicador digital de bater\u00eda y nivel de l\u00edquido<\/p>\n<p class=\"whitespace-normal break-words\"><strong>Bater\u00eda:<\/strong> Recargable, 850 mAh integrados<\/p>\n<p class=\"whitespace-normal break-words\"><strong>Unidad de embalaje:<\/strong> 10 piezas en caja expositora<\/p>\n<h3 class=\"text-lg font-bold text-text-100 mt-1 -mb-1.5\">Descubre m\u00e1s FUMOT VAPE en fumotpuff<\/h3>\n<p class=\"whitespace-normal break-words\">Encuentre m\u00e1s productos de vapor de primera clase en nuestra <strong><a class=\"underline\" href=\"https:\/\/fumotpuff.com\/es\/\">P\u00e1gina de inicio<\/a><\/strong> o navegar por la vers\u00e1til <strong><a class=\"underline\" href=\"https:\/\/fumotpuff.com\/es\/product-category\/fumot-vape\/\">Categor\u00eda FUMOT VAPE<\/a><\/strong> con sistemas de vapeo pioneros. Para conocer todas las variantes de sabores, visite la completa <strong><a class=\"underline\" href=\"https:\/\/fumotpuff.com\/es\/product-category\/fumot-vape\/randm-digital-box-12000\/\">RandM Digital Box 12000 Flavour World<\/a><\/strong>.<\/p>","protected":false},"excerpt":{"rendered":"<p class=\"whitespace-normal break-words\">El RandM Digital Box 12000 Watermelon Bubble Gum combina la jugosa sand\u00eda con un nost\u00e1lgico sabor a chicle. Vapeador recargable con 20ml de e-l\u00edquido, hasta 12.000 caladas, pantalla LCD para bater\u00eda y nivel de l\u00edquido. Bater\u00eda de 850mAh, bobina de malla, carga Tipo-C. Sal de nicotina 0-5%.<\/p>","protected":false},"featured_media":1615,"comment_status":"open","ping_status":"closed","template":"","meta":{"_acf_changed":false},"product_brand":[],"product_cat":[24],"product_tag":[],"class_list":{"0":"post-1612","1":"product","2":"type-product","3":"status-publish","4":"has-post-thumbnail","6":"product_cat-randm-digital-box-12000","8":"first","9":"instock","10":"shipping-taxable","11":"purchasable","12":"product-type-variable"},"acf":[],"_links":{"self":[{"href":"https:\/\/fumotpuff.com\/es\/wp-json\/wp\/v2\/product\/1612","targetHints":{"allow":["GET"]}}],"collection":[{"href":"https:\/\/fumotpuff.com\/es\/wp-json\/wp\/v2\/product"}],"about":[{"href":"https:\/\/fumotpuff.com\/es\/wp-json\/wp\/v2\/types\/product"}],"replies":[{"embeddable":true,"href":"https:\/\/fumotpuff.com\/es\/wp-json\/wp\/v2\/comments?post=1612"}],"wp:featuredmedia":[{"embeddable":true,"href":"https:\/\/fumotpuff.com\/es\/wp-json\/wp\/v2\/media\/1615"}],"wp:attachment":[{"href":"https:\/\/fumotpuff.com\/es\/wp-json\/wp\/v2\/media?parent=1612"}],"wp:term":[{"taxonomy":"product_brand","embeddable":true,"href":"https:\/\/fumotpuff.com\/es\/wp-json\/wp\/v2\/product_brand?post=1612"},{"taxonomy":"product_cat","embeddable":true,"href":"https:\/\/fumotpuff.com\/es\/wp-json\/wp\/v2\/product_cat?post=1612"},{"taxonomy":"product_tag","embeddable":true,"href":"https:\/\/fumotpuff.com\/es\/wp-json\/wp\/v2\/product_tag?post=1612"}],"curies":[{"name":"wp","href":"https:\/\/api.w.org\/{rel}","templated":true}]}}