{"id":1604,"date":"2025-09-29T04:33:27","date_gmt":"2025-09-29T02:33:27","guid":{"rendered":"https:\/\/fumotpuff.com\/?post_type=product&#038;p=1604"},"modified":"2025-09-29T04:33:27","modified_gmt":"2025-09-29T02:33:27","slug":"randm-digital-box-12000-apple-berry-blast","status":"publish","type":"product","link":"https:\/\/fumotpuff.com\/es\/producto\/randm-digital-box-12000-apple-berry-blast\/","title":{"rendered":"RandM Caja Digital 12000 Apple Berry Blast"},"content":{"rendered":"<h2 class=\"text-xl font-bold text-text-100 mt-1 -mb-0.5\">e-cigarrillo desechable RandM Digital Box 12000 Apple Berry Blast<\/h2>\n<p class=\"whitespace-normal break-words\">En <strong>RandM Caja Digital 12000 Apple Berry Blast<\/strong> combina jugosas manzanas con una explosiva mezcla de bayas para una experiencia de sabor afrutado. Este sistema de vapeo recargable cuenta con una pantalla digital para controlar en tiempo real el estado de la bater\u00eda y el nivel de e-l\u00edquido. Con una capacidad de 20 ml y concentraciones de sales de nicotina seleccionables de 0\/2\/3\/5 %, puede disfrutar de hasta 12.000 caladas refrescantes. La pantalla LCD le muestra continuamente la capacidad restante de la bater\u00eda y la cantidad de l\u00edquido, lo que evita interrupciones no deseadas. La conexi\u00f3n de carga Type-C garantiza el uso completo del e-l\u00edquido.<\/p>\n<h3 class=\"text-lg font-bold text-text-100 mt-1 -mb-1.5\">Ventajas de la RandM Digital Box 12000 Apple Berry Blast:<\/h3>\n<p class=\"whitespace-normal break-words\"><strong>N\u00famero m\u00e1ximo de b\u00faferes:<\/strong> Hasta 12.000 caladas para un placer vaporizante de larga duraci\u00f3n.<\/p>\n<p class=\"whitespace-normal break-words\"><strong>Gran dep\u00f3sito de l\u00edquido:<\/strong> La capacidad de 20 ml garantiza intervalos de rellenado poco frecuentes y la m\u00e1xima comodidad.<\/p>\n<p class=\"whitespace-normal break-words\"><strong>Potente almacenamiento de energ\u00eda:<\/strong> Bater\u00eda recargable de 850 mAh con puerto Type-C para carga r\u00e1pida.<\/p>\n<p class=\"whitespace-normal break-words\"><strong>Flujo de vapor uniforme:<\/strong> La bobina de malla de 1\u03a9 garantiza una calidad de sabor constante en cada calada.<\/p>\n<p class=\"whitespace-normal break-words\"><strong>Moderna pantalla LCD:<\/strong> Pantalla integrada para controlar en tiempo real la duraci\u00f3n de la bater\u00eda y el n\u00famero de trenes.<\/p>\n<h3 class=\"text-lg font-bold text-text-100 mt-1 -mb-1.5\">Especificaciones t\u00e9cnicas:<\/h3>\n<p class=\"whitespace-normal break-words\"><strong>Sal de nicotina:<\/strong> 0% \/ 2% \/ 3% \/ 5%<\/p>\n<p class=\"whitespace-normal break-words\"><strong>Volumen de e-l\u00edquido:<\/strong> 20 ml<\/p>\n<p class=\"whitespace-normal break-words\"><strong>Trenes por unidad:<\/strong> 12.000<\/p>\n<p class=\"whitespace-normal break-words\"><strong>Equipamiento:<\/strong> Indicador digital de bater\u00eda y nivel de l\u00edquido<\/p>\n<p class=\"whitespace-normal break-words\"><strong>Bater\u00eda:<\/strong> Recargable, 850 mAh integrados<\/p>\n<p class=\"whitespace-normal break-words\"><strong>Unidad de embalaje:<\/strong> 10 piezas en caja expositora<\/p>\n<h3 class=\"text-lg font-bold text-text-100 mt-1 -mb-1.5\">Descubre m\u00e1s FUMOT VAPE en fumotpuff<\/h3>\n<p class=\"whitespace-normal break-words\">Descubra en nuestra <strong><a class=\"underline\" href=\"https:\/\/fumotpuff.com\/es\/\">P\u00e1gina de inicio<\/a><\/strong> una amplia gama de productos para vapear de primera calidad o explorar la innovadora <strong><a class=\"underline\" href=\"https:\/\/fumotpuff.com\/es\/product-category\/fumot-vape\/\">Colecci\u00f3n FUMOT VAPE<\/a><\/strong> con aparatos que marcan tendencia. Encontrar\u00e1 la selecci\u00f3n completa de todos los sabores en el <strong><a class=\"underline\" href=\"https:\/\/fumotpuff.com\/es\/product-category\/fumot-vape\/randm-digital-box-12000\/\">RandM Digital Box 12000 colecci\u00f3n de sabores<\/a><\/strong>.<\/p>","protected":false},"excerpt":{"rendered":"<p class=\"whitespace-normal break-words\">El RandM Digital Box 12000 Apple Berry Blast combina jugosas manzanas con un explosivo sabor a bayas. Vapeador recargable con 20ml de e-l\u00edquido, hasta 12.000 caladas, pantalla LCD para bater\u00eda y nivel de l\u00edquido. Bater\u00eda de 850mAh, bobina de malla, carga Tipo-C. Sal de nicotina 0-5%.<\/p>","protected":false},"featured_media":1607,"comment_status":"open","ping_status":"closed","template":"","meta":{"_acf_changed":false},"product_brand":[],"product_cat":[24],"product_tag":[],"class_list":{"0":"post-1604","1":"product","2":"type-product","3":"status-publish","4":"has-post-thumbnail","6":"product_cat-randm-digital-box-12000","8":"first","9":"instock","10":"shipping-taxable","11":"purchasable","12":"product-type-variable"},"acf":[],"_links":{"self":[{"href":"https:\/\/fumotpuff.com\/es\/wp-json\/wp\/v2\/product\/1604","targetHints":{"allow":["GET"]}}],"collection":[{"href":"https:\/\/fumotpuff.com\/es\/wp-json\/wp\/v2\/product"}],"about":[{"href":"https:\/\/fumotpuff.com\/es\/wp-json\/wp\/v2\/types\/product"}],"replies":[{"embeddable":true,"href":"https:\/\/fumotpuff.com\/es\/wp-json\/wp\/v2\/comments?post=1604"}],"wp:featuredmedia":[{"embeddable":true,"href":"https:\/\/fumotpuff.com\/es\/wp-json\/wp\/v2\/media\/1607"}],"wp:attachment":[{"href":"https:\/\/fumotpuff.com\/es\/wp-json\/wp\/v2\/media?parent=1604"}],"wp:term":[{"taxonomy":"product_brand","embeddable":true,"href":"https:\/\/fumotpuff.com\/es\/wp-json\/wp\/v2\/product_brand?post=1604"},{"taxonomy":"product_cat","embeddable":true,"href":"https:\/\/fumotpuff.com\/es\/wp-json\/wp\/v2\/product_cat?post=1604"},{"taxonomy":"product_tag","embeddable":true,"href":"https:\/\/fumotpuff.com\/es\/wp-json\/wp\/v2\/product_tag?post=1604"}],"curies":[{"name":"wp","href":"https:\/\/api.w.org\/{rel}","templated":true}]}}