{"id":242,"date":"2025-09-10T04:08:43","date_gmt":"2025-09-10T02:08:43","guid":{"rendered":"https:\/\/fumotpuff.com\/?page_id=242"},"modified":"2025-09-10T04:08:45","modified_gmt":"2025-09-10T02:08:45","slug":"ueber-uns","status":"publish","type":"page","link":"https:\/\/fumotpuff.com\/es\/ueber-uns\/","title":{"rendered":"acerca de nosotros"},"content":{"rendered":"<h2 class=\"wp-block-heading\">Su direcci\u00f3n de confianza para vaporizadores desechables de primera calidad<\/h2>\n\n\n\n<p>Bienvenido a fumotpuff, su socio competente para cigarrillos electr\u00f3nicos desechables de primera clase. Nuestra marca encarna los m\u00e1s altos est\u00e1ndares de calidad, innovaci\u00f3n pionera y una experiencia de vapeo excepcional. En fumotpuff, nuestro objetivo es ofrecerle la experiencia de sabor perfecta a trav\u00e9s de productos de alta calidad y tecnolog\u00eda de vanguardia.<\/p>\n\n\n\n<h2 class=\"wp-block-heading\">Nuestra gama<\/h2>\n\n\n\n<p>Disponemos de una amplia selecci\u00f3n de marcas de cigarrillos electr\u00f3nicos de renombre:<\/p>\n\n\n\n<ul class=\"wp-block-list\">\n<li><strong>Fumot Vape<\/strong><\/li>\n\n\n\n<li><strong>Bang Vape<\/strong><\/li>\n\n\n\n<li><strong>JNR Vape<\/strong><\/li>\n\n\n\n<li><strong>Vapme Vape<\/strong><\/li>\n\n\n\n<li><strong>Elf Box Vape<\/strong><\/li>\n\n\n\n<li><strong>Uzy Vape<\/strong><\/li>\n\n\n\n<li><strong>Fizzy Vape<\/strong><\/li>\n\n\n\n<li><strong>Waspe Vape<\/strong><\/li>\n\n\n\n<li><strong>Vozol Vape<\/strong><\/li>\n<\/ul>\n\n\n\n<p>Usted se beneficia de atractivas condiciones de venta al por mayor con productos originales aut\u00e9nticos garantizados. Tanto si es minorista como mayorista, fumotpuff es su socio de confianza para comprar sin preocupaciones.<\/p>\n\n\n\n<h2 class=\"wp-block-heading\">Innovaci\u00f3n centrada en el cliente<\/h2>\n\n\n\n<p>Nuestro \u00e9xito se basa en la comprensi\u00f3n exhaustiva de los deseos de nuestros clientes y en nuestro continuo esfuerzo por innovar. Nuestros equipos de desarrollo trabajan con la m\u00e1xima dedicaci\u00f3n en productos que cumplen los m\u00e1s estrictos criterios de seguridad y calidad. Las opiniones de nuestros clientes son muy valiosas para nosotros, ya que nos permiten mejorar constantemente nuestros productos y adaptarnos a las din\u00e1micas exigencias del mercado.<\/p>\n\n\n\n<h2 class=\"wp-block-heading\">La experiencia completa de vapear<\/h2>\n\n\n\n<p>fumotpuff es mucho m\u00e1s que dispositivos de vapeo normales: creamos una experiencia de vapeo hol\u00edstica. Nuestra gama de vaporizadores desechables ha sido desarrollada con el m\u00e1ximo cuidado para ofrecerte experiencias de sabor incomparables. Ya sean refrescantes sabores frutales o matices cl\u00e1sicos de tabaco, en fumotpuff descubrir\u00e1 el vaporizador ideal que superar\u00e1 sus expectativas.<\/p>\n\n\n\n<h2 class=\"wp-block-heading\">Calidad y sostenibilidad<\/h2>\n\n\n\n<p>Nuestros est\u00e1ndares de calidad se reflejan en nuestras modernas instalaciones de producci\u00f3n, donde cada producto fumotpuff se fabrica con la m\u00e1xima precisi\u00f3n y atenci\u00f3n. La sostenibilidad y la responsabilidad medioambiental son prioritarias para nosotros, por lo que nuestros vaporizadores desechables se han dise\u00f1ado teniendo en cuenta el medio ambiente y cumplen las directrices actuales de protecci\u00f3n medioambiental.<\/p>\n\n\n\n<h2 class=\"wp-block-heading\">Juntos hacia el futuro<\/h2>\n\n\n\n<p>Apreciamos enormemente su confianza en fumotpuff y esperamos acompa\u00f1arle en su viaje vaping. Descubra el fascinante mundo de fumotpuff, donde calidad, innovaci\u00f3n y experiencias de sabor inolvidables forman una simbiosis perfecta.<\/p>\n\n\n\n<hr class=\"wp-block-separator has-alpha-channel-opacity\"\/>\n\n\n\n<p><strong>Tu fumotpuff<\/strong> <strong>Equipo<\/strong><\/p>\n\n\n\n<p>\ud83d\udce7 <strong>Contacto:<\/strong> chbzyluryberel@gmail.com<\/p>\n\n\n\n<p><em>Experimenta el futuro del vapeo con fumotpuff a tu lado.<\/em><\/p>","protected":false},"excerpt":{"rendered":"<p>Ihre vertrauensvolle Adresse f\u00fcr Premium-Einwegverdampfer Herzlich willkommen bei fumotpuff \u2013 Ihrem kompetenten Ansprechpartner f\u00fcr erstklassige Einweg-E-Zigaretten. Unsere Marke verk\u00f6rpert h\u00f6chste Qualit\u00e4tsanspr\u00fcche, wegweisende Innovation und ein au\u00dfergew\u00f6hnliches Verdampfungserlebnis. Bei fumotpuff verfolgen wir das Ziel, Ihnen das perfekte Geschmackserlebnis durch hochwertige Produkte und modernste Technologie zu bieten. Unser Sortiment Wir f\u00fchren eine umfangreiche Auswahl renommierter E-Zigaretten-Marken: Dabei [&#8230;]\n","protected":false},"author":1,"featured_media":0,"parent":0,"menu_order":0,"comment_status":"closed","ping_status":"closed","template":"","meta":{"_acf_changed":false,"footnotes":""},"class_list":["post-242","page","type-page","status-publish","hentry"],"acf":[],"_links":{"self":[{"href":"https:\/\/fumotpuff.com\/es\/wp-json\/wp\/v2\/pages\/242","targetHints":{"allow":["GET"]}}],"collection":[{"href":"https:\/\/fumotpuff.com\/es\/wp-json\/wp\/v2\/pages"}],"about":[{"href":"https:\/\/fumotpuff.com\/es\/wp-json\/wp\/v2\/types\/page"}],"author":[{"embeddable":true,"href":"https:\/\/fumotpuff.com\/es\/wp-json\/wp\/v2\/users\/1"}],"replies":[{"embeddable":true,"href":"https:\/\/fumotpuff.com\/es\/wp-json\/wp\/v2\/comments?post=242"}],"version-history":[{"count":1,"href":"https:\/\/fumotpuff.com\/es\/wp-json\/wp\/v2\/pages\/242\/revisions"}],"predecessor-version":[{"id":244,"href":"https:\/\/fumotpuff.com\/es\/wp-json\/wp\/v2\/pages\/242\/revisions\/244"}],"wp:attachment":[{"href":"https:\/\/fumotpuff.com\/es\/wp-json\/wp\/v2\/media?parent=242"}],"curies":[{"name":"wp","href":"https:\/\/api.w.org\/{rel}","templated":true}]}}