{"id":533,"date":"2025-09-12T08:55:22","date_gmt":"2025-09-12T06:55:22","guid":{"rendered":"https:\/\/fumotpuff.com\/?post_type=product&#038;p=533"},"modified":"2025-09-12T08:55:22","modified_gmt":"2025-09-12T06:55:22","slug":"fumot-tornado-30k-music-kiwi-passion-fruit-guava","status":"publish","type":"product","link":"https:\/\/fumotpuff.com\/da\/vare\/fumot-tornado-30k-music-kiwi-passion-fruit-guava\/","title":{"rendered":"Fumot Tornado 30K Musik Kiwi Passionsfrugt Guava"},"content":{"rendered":"<h2 class=\"text-xl font-bold text-text-100 mt-1 -mb-0.5\">Fumot Tornado 30K Music Kiwi Passion Fruit Guava engangs e-cigaret<\/h2>\n<p class=\"whitespace-normal break-words\">Oplev en eksotisk smagsrejse med Fumot Tornado 30K Music Kiwi Passion Fruit Guava. Denne f\u00f8rsteklasses engangs e-cigaret kombinerer tre tropiske frugter i en harmonisk symfoni og tilbyder ekstraordin\u00e6re 30.000 pust med intens smag takket v\u00e6re den gener\u00f8se 30 ml e-v\u00e6ske kapacitet.<\/p>\n<h3 class=\"text-lg font-bold text-text-100 mt-1 -mb-1.5\">Us\u00e6dvanlige egenskaber ved Kiwi Passion Fruit Guava-versionen:<\/h3>\n<p class=\"whitespace-normal break-words\"><strong>Maksimal r\u00e6kkevidde:<\/strong> Op til 30.000 pust for langvarig tropisk nydelse.<\/p>\n<p class=\"whitespace-normal break-words\"><strong>Personligt valg af nikotin:<\/strong> F\u00e5s i nikotinkoncentrationerne 2% og 5%.<\/p>\n<p class=\"whitespace-normal break-words\"><strong>Volumin\u00f8st fyld:<\/strong> 30 ml premium e-v\u00e6ske til intensiv og langvarig brug.<\/p>\n<p class=\"whitespace-normal break-words\"><strong>Moderne mesh-teknologi:<\/strong> 1,0\u03a9 modstandsspole for perfekt smagsfordeling af alle tre frugtsmage.<\/p>\n<p class=\"whitespace-normal break-words\"><strong>Permanent batteri:<\/strong> 600 mAh h\u00f8jtydende batteri med Type-C-hurtigopladning for p\u00e5lidelig ydeevne.<\/p>\n<p class=\"whitespace-normal break-words\"><strong>Dynamisk lysshow:<\/strong> Musikreaktiv LED-teknologi giver audiovisuel nydelse ved hver eneste bev\u00e6gelse.<\/p>\n<h3 class=\"text-lg font-bold text-text-100 mt-1 -mb-1.5\">Detaljer om produktet:<\/h3>\n<p class=\"whitespace-normal break-words\">\u2611 Valg af nikotin: 2% \/ 5%<br \/>\n\u2611 Antal puffer: 30.000<br \/>\n\u2611 Kiwi Passion Fruit Guava smagsprofil<br \/>\n\u2611 Batterikapacitet: 600mAh<br \/>\n\u2611 1,0\u03a9 netfordamper<br \/>\n\u2611 Type-C-opladning<br \/>\n\u2611 Musikstyrede lyseffekter<\/p>\n<p class=\"whitespace-normal break-words\">Bes\u00f8g vores <strong><a class=\"underline\" href=\"https:\/\/fumotpuff.com\/da\/\">Startside<\/a><\/strong> For flere premium-produkter, se hele udvalget. <strong><a class=\"underline\" href=\"https:\/\/fumotpuff.com\/da\/product-category\/fumot-vape\/\">FUMOT VAPE-kollektionen<\/a><\/strong> eller opdag alt <strong><a class=\"underline\" href=\"https:\/\/fumotpuff.com\/da\/product-category\/fumot-vape\/fumot-tornado-30k-music\/\">Fumot Tornado 30K Musiksmag<\/a><\/strong>.<\/p>","protected":false},"excerpt":{"rendered":"<div>\n<div class=\"grid-cols-1 grid gap-2.5 [&amp;_&gt;_*]:min-w-0 !gap-3.5\">\n<p class=\"whitespace-normal break-words\">Die Fumot Tornado 30K Music Kiwi Passion Fruit Guava Einweg-E-Zigarette bietet eine exotische Geschmacksreise mit drei tropischen Fr\u00fcchten. Mit 30.000 Z\u00fcgen, 30ml E-Liquid und musikreaktiver LED-Beleuchtung f\u00fcr tropischen Genuss.<\/p>\n<\/div>\n<\/div>\n<div class=\"h-8\"><\/div>\n","protected":false},"featured_media":535,"comment_status":"open","ping_status":"closed","template":"","meta":{"_acf_changed":false},"product_brand":[],"product_cat":[20],"product_tag":[],"class_list":{"0":"post-533","1":"product","2":"type-product","3":"status-publish","4":"has-post-thumbnail","6":"product_cat-fumot-tornado-30k-music","8":"first","9":"instock","10":"shipping-taxable","11":"purchasable","12":"product-type-variable"},"acf":[],"_links":{"self":[{"href":"https:\/\/fumotpuff.com\/da\/wp-json\/wp\/v2\/product\/533","targetHints":{"allow":["GET"]}}],"collection":[{"href":"https:\/\/fumotpuff.com\/da\/wp-json\/wp\/v2\/product"}],"about":[{"href":"https:\/\/fumotpuff.com\/da\/wp-json\/wp\/v2\/types\/product"}],"replies":[{"embeddable":true,"href":"https:\/\/fumotpuff.com\/da\/wp-json\/wp\/v2\/comments?post=533"}],"wp:featuredmedia":[{"embeddable":true,"href":"https:\/\/fumotpuff.com\/da\/wp-json\/wp\/v2\/media\/535"}],"wp:attachment":[{"href":"https:\/\/fumotpuff.com\/da\/wp-json\/wp\/v2\/media?parent=533"}],"wp:term":[{"taxonomy":"product_brand","embeddable":true,"href":"https:\/\/fumotpuff.com\/da\/wp-json\/wp\/v2\/product_brand?post=533"},{"taxonomy":"product_cat","embeddable":true,"href":"https:\/\/fumotpuff.com\/da\/wp-json\/wp\/v2\/product_cat?post=533"},{"taxonomy":"product_tag","embeddable":true,"href":"https:\/\/fumotpuff.com\/da\/wp-json\/wp\/v2\/product_tag?post=533"}],"curies":[{"name":"wp","href":"https:\/\/api.w.org\/{rel}","templated":true}]}}