{"id":527,"date":"2025-09-12T08:52:50","date_gmt":"2025-09-12T06:52:50","guid":{"rendered":"https:\/\/fumotpuff.com\/?post_type=product&#038;p=527"},"modified":"2025-09-12T08:52:50","modified_gmt":"2025-09-12T06:52:50","slug":"fumot-tornado-30k-music-ice-pop","status":"publish","type":"product","link":"https:\/\/fumotpuff.com\/da\/vare\/fumot-tornado-30k-music-ice-pop\/","title":{"rendered":"Fumot Tornado 30K Music Ice Pop"},"content":{"rendered":"<h2 class=\"text-xl font-bold text-text-100 mt-1 -mb-0.5\">Fumot Tornado 30K Music Ice Pop engangs e-cigaret<\/h2>\n<p class=\"whitespace-normal break-words\">Fumot Tornado 30K Music Ice Pop fremkalder nostalgiske minder om sommerens ispinde. Denne ekstraordin\u00e6re engangs e-cigaret kombinerer s\u00f8de frugtsmage med en k\u00f8lende is-effekt og garanterer 30.000 pust af ensartet kvalitet takket v\u00e6re den omfattende 30 ml e-v\u00e6skefyldning.<\/p>\n<h3 class=\"text-lg font-bold text-text-100 mt-1 -mb-1.5\">S\u00e6rlige egenskaber ved Ice Pop Edition:<\/h3>\n<p class=\"whitespace-normal break-words\"><strong>Langvarig ydeevne:<\/strong> Nyd utrolige 30.000 pust for maksimal tilfredsstillelse.<\/p>\n<p class=\"whitespace-normal break-words\"><strong>Skr\u00e6ddersyede nikotinindstillinger:<\/strong> F\u00e5s i 2% eller 5% nikotinstyrke efter behov.<\/p>\n<p class=\"whitespace-normal break-words\"><strong>Gener\u00f8s kapacitet:<\/strong> 30 ml premium e-v\u00e6ske til l\u00e6ngere tids brug.<\/p>\n<p class=\"whitespace-normal break-words\"><strong>H\u00f8jt udviklet spoleteknologi:<\/strong> 1.0\u03a9 Mesh-innovation for f\u00f8rsteklasses smagsoverf\u00f8rsel.<\/p>\n<p class=\"whitespace-normal break-words\"><strong>P\u00e5lidelig energiforsyning:<\/strong> Kraftigt 600 mAh-batteri med Type-C-opladningsteknologi.<\/p>\n<p class=\"whitespace-normal break-words\"><strong>Fascinerende lysspil:<\/strong> LED-belysning synkroniseret med musikafspilning giver en fordybende oplevelse.<\/p>\n<h3 class=\"text-lg font-bold text-text-100 mt-1 -mb-1.5\">Tekniske specifikationer:<\/h3>\n<p class=\"whitespace-normal break-words\">\u2611 Nikotinindstillinger: 2% \/ 5%<br \/>\nTogvolumen: 30.000<br \/>\n\u2611 Ice Pop-smagsprofil<br \/>\n\u2611 Batterikapacitet: 600mAh<br \/>\n\u2611 1,0\u03a9 netspole<br \/>\nType-C opladningsinterface<br \/>\n\u2611 Lydaktiveret belysning<\/p>\n<p class=\"whitespace-normal break-words\">Oplev flere innovationer p\u00e5 vores <strong><a class=\"underline\" href=\"https:\/\/fumotpuff.com\/da\/\">Hjemmeside<\/a><\/strong>Udforsk alt <strong><a class=\"underline\" href=\"https:\/\/fumotpuff.com\/da\/product-category\/fumot-vape\/\">FUMOT VAPE-produkter<\/a><\/strong> eller gennemse alle <strong><a class=\"underline\" href=\"https:\/\/fumotpuff.com\/da\/product-category\/fumot-vape\/fumot-tornado-30k-music\/\">Fumot Tornado 30K Musikvarianter<\/a><\/strong>.<\/p>","protected":false},"excerpt":{"rendered":"<div>\n<div class=\"grid-cols-1 grid gap-2.5 [&amp;_&gt;_*]:min-w-0 !gap-3.5\">\n<p class=\"whitespace-normal break-words\">Die Fumot Tornado 30K Music Ice Pop Einweg-E-Zigarette erweckt nostalgische Eis-am-Stiel-Erinnerungen mit s\u00fc\u00dfen Fruchtaromen und k\u00fchlendem Ice-Effekt. Mit 30.000 Z\u00fcgen, 30ml E-Liquid und musiksynchroner LED-Beleuchtung.<\/p>\n<\/div>\n<\/div>\n<div class=\"h-8\"><\/div>\n","protected":false},"featured_media":529,"comment_status":"open","ping_status":"closed","template":"","meta":{"_acf_changed":false},"product_brand":[],"product_cat":[20],"product_tag":[],"class_list":{"0":"post-527","1":"product","2":"type-product","3":"status-publish","4":"has-post-thumbnail","6":"product_cat-fumot-tornado-30k-music","8":"first","9":"instock","10":"shipping-taxable","11":"purchasable","12":"product-type-variable"},"acf":[],"_links":{"self":[{"href":"https:\/\/fumotpuff.com\/da\/wp-json\/wp\/v2\/product\/527","targetHints":{"allow":["GET"]}}],"collection":[{"href":"https:\/\/fumotpuff.com\/da\/wp-json\/wp\/v2\/product"}],"about":[{"href":"https:\/\/fumotpuff.com\/da\/wp-json\/wp\/v2\/types\/product"}],"replies":[{"embeddable":true,"href":"https:\/\/fumotpuff.com\/da\/wp-json\/wp\/v2\/comments?post=527"}],"wp:featuredmedia":[{"embeddable":true,"href":"https:\/\/fumotpuff.com\/da\/wp-json\/wp\/v2\/media\/529"}],"wp:attachment":[{"href":"https:\/\/fumotpuff.com\/da\/wp-json\/wp\/v2\/media?parent=527"}],"wp:term":[{"taxonomy":"product_brand","embeddable":true,"href":"https:\/\/fumotpuff.com\/da\/wp-json\/wp\/v2\/product_brand?post=527"},{"taxonomy":"product_cat","embeddable":true,"href":"https:\/\/fumotpuff.com\/da\/wp-json\/wp\/v2\/product_cat?post=527"},{"taxonomy":"product_tag","embeddable":true,"href":"https:\/\/fumotpuff.com\/da\/wp-json\/wp\/v2\/product_tag?post=527"}],"curies":[{"name":"wp","href":"https:\/\/api.w.org\/{rel}","templated":true}]}}