{"id":515,"date":"2025-09-12T08:47:57","date_gmt":"2025-09-12T06:47:57","guid":{"rendered":"https:\/\/fumotpuff.com\/?post_type=product&#038;p=515"},"modified":"2025-09-12T08:47:57","modified_gmt":"2025-09-12T06:47:57","slug":"fumot-tornado-30k-music-grape-ice","status":"publish","type":"product","link":"https:\/\/fumotpuff.com\/da\/vare\/fumot-tornado-30k-music-grape-ice\/","title":{"rendered":"Fumot Tornado 30K Music Grape Ice"},"content":{"rendered":"<h2 class=\"text-xl font-bold text-text-100 mt-1 -mb-0.5\">Fumot Tornado 30K Music Grape Ice engangs e-cigaret<\/h2>\n<p class=\"whitespace-normal break-words\">Fumot Tornado 30K Music Grape Ice kombinerer saftige druer med en forfriskende k\u00f8lig effekt for at skabe en uimodst\u00e5elig smagsoplevelse. Denne f\u00f8rsteklasses engangs e-cigaret leverer ensartet kvalitet over 30.000 pust, underst\u00f8ttet af det gener\u00f8se 30 ml e-v\u00e6ske reservoir.<\/p>\n<h3 class=\"text-lg font-bold text-text-100 mt-1 -mb-1.5\">Fremragende egenskaber ved Grape Ice Edition:<\/h3>\n<p class=\"whitespace-normal break-words\"><strong>Rekordh\u00f8j udnyttelse:<\/strong> Nyd op til 30.000 pust i m\u00e5nedsvis af tilfredshed.<\/p>\n<p class=\"whitespace-normal break-words\"><strong>Nikotindosis, der kan tilpasses:<\/strong> V\u00e6lg mellem 2% eller 5%, alt efter hvad du foretr\u00e6kker.<\/p>\n<p class=\"whitespace-normal break-words\"><strong>V\u00e6skekapacitet med stort volumen:<\/strong> 30 ml e-v\u00e6ske af h\u00f8j kvalitet til kontinuerlig nydelse.<\/p>\n<p class=\"whitespace-normal break-words\"><strong>Pr\u00e6cisionsspolesystem:<\/strong> 1.0\u03a9 Mesh-teknologi for maksimal smagsoverf\u00f8rsel.<\/p>\n<p class=\"whitespace-normal break-words\"><strong>P\u00e5lidelig str\u00f8mforsyning:<\/strong> Kraftigt batteri p\u00e5 600 mAh med effektiv Type-C-opladningsteknologi.<\/p>\n<p class=\"whitespace-normal break-words\"><strong>Spektakul\u00e6rt lysshow:<\/strong> LED-systemet reagerer p\u00e5 musikkens rytmer og giver en multisensorisk oplevelse.<\/p>\n<h3 class=\"text-lg font-bold text-text-100 mt-1 -mb-1.5\">Tekniske detaljer:<\/h3>\n<p class=\"whitespace-normal break-words\">\u2611 Nikotinindhold: 2% \/ 5%<br \/>\n\u2611 Maksimalt antal tog: 30.000<br \/>\n\u2611 Grape Ice-smag<br \/>\n\u2611 600 mAh batteristr\u00f8m<br \/>\n\u2611 1,0\u03a9 netspole<br \/>\n\u2611 Type-C hurtig opladning<br \/>\n\u2611 Lysdioder, der reagerer p\u00e5 lyd<\/p>\n<p class=\"whitespace-normal break-words\">Bes\u00f8g vores <strong><a class=\"underline\" href=\"https:\/\/fumotpuff.com\/da\/\">Hjemmeside<\/a><\/strong> for flere produktnyheder, se alle vores produkter <strong><a class=\"underline\" href=\"https:\/\/fumotpuff.com\/da\/product-category\/fumot-vape\/\">FUMOT VAPE-artikel<\/a><\/strong> eller opdag mere <strong><a class=\"underline\" href=\"https:\/\/fumotpuff.com\/da\/product-category\/fumot-vape\/fumot-tornado-30k-music\/\">Fumot Tornado 30K musikvarianter<\/a><\/strong>.<\/p>","protected":false},"excerpt":{"rendered":"<div>\n<div class=\"grid-cols-1 grid gap-2.5 [&amp;_&gt;_*]:min-w-0 !gap-3.5\">\n<p class=\"whitespace-normal break-words\">Die Fumot Tornado 30K Music Grape Ice Einweg-E-Zigarette verbindet saftige Trauben mit erfrischendem Cool-Effekt. Mit 30.000 Z\u00fcgen, 30ml E-Liquid und musikreaktiver LED-Beleuchtung f\u00fcr unwiderstehlichen Traubengenuss mit K\u00e4lte.<\/p>\n<\/div>\n<\/div>\n<div class=\"h-8\"><\/div>\n","protected":false},"featured_media":517,"comment_status":"open","ping_status":"closed","template":"","meta":{"_acf_changed":false},"product_brand":[],"product_cat":[20],"product_tag":[],"class_list":{"0":"post-515","1":"product","2":"type-product","3":"status-publish","4":"has-post-thumbnail","6":"product_cat-fumot-tornado-30k-music","8":"first","9":"instock","10":"shipping-taxable","11":"purchasable","12":"product-type-variable"},"acf":[],"_links":{"self":[{"href":"https:\/\/fumotpuff.com\/da\/wp-json\/wp\/v2\/product\/515","targetHints":{"allow":["GET"]}}],"collection":[{"href":"https:\/\/fumotpuff.com\/da\/wp-json\/wp\/v2\/product"}],"about":[{"href":"https:\/\/fumotpuff.com\/da\/wp-json\/wp\/v2\/types\/product"}],"replies":[{"embeddable":true,"href":"https:\/\/fumotpuff.com\/da\/wp-json\/wp\/v2\/comments?post=515"}],"wp:featuredmedia":[{"embeddable":true,"href":"https:\/\/fumotpuff.com\/da\/wp-json\/wp\/v2\/media\/517"}],"wp:attachment":[{"href":"https:\/\/fumotpuff.com\/da\/wp-json\/wp\/v2\/media?parent=515"}],"wp:term":[{"taxonomy":"product_brand","embeddable":true,"href":"https:\/\/fumotpuff.com\/da\/wp-json\/wp\/v2\/product_brand?post=515"},{"taxonomy":"product_cat","embeddable":true,"href":"https:\/\/fumotpuff.com\/da\/wp-json\/wp\/v2\/product_cat?post=515"},{"taxonomy":"product_tag","embeddable":true,"href":"https:\/\/fumotpuff.com\/da\/wp-json\/wp\/v2\/product_tag?post=515"}],"curies":[{"name":"wp","href":"https:\/\/api.w.org\/{rel}","templated":true}]}}