{"id":503,"date":"2025-09-12T05:59:46","date_gmt":"2025-09-12T03:59:46","guid":{"rendered":"https:\/\/fumotpuff.com\/?post_type=product&#038;p=503"},"modified":"2025-09-12T05:59:47","modified_gmt":"2025-09-12T03:59:47","slug":"fumot-tornado-30k-music-double-apple","status":"publish","type":"product","link":"https:\/\/fumotpuff.com\/da\/vare\/fumot-tornado-30k-music-double-apple\/","title":{"rendered":"Fumot Tornado 30K Music Double Apple"},"content":{"rendered":"<h2 class=\"text-xl font-bold text-text-100 mt-1 -mb-0.5\">Fumot Tornado 30K Music Double Apple engangs e-cigaret<\/h2>\n<p class=\"whitespace-normal break-words\">Fumot Tornado 30K Music Double Apple fejrer den intense smag af dobbelt \u00e6ble i sin reneste form. Denne fremragende engangs e-cigaret giver en autentisk smagsoplevelse over 30.000 pust, underst\u00f8ttet af en omfattende 30 ml e-v\u00e6skefyldning.<\/p>\n<h3 class=\"text-lg font-bold text-text-100 mt-1 -mb-1.5\">S\u00e6rlige egenskaber ved Double Apple-versionen:<\/h3>\n<p class=\"whitespace-normal break-words\"><strong>Langsigtede resultater:<\/strong> Nyd utrolige 30.000 pust for maksimal tilfredsstillelse.<\/p>\n<p class=\"whitespace-normal break-words\"><strong>Individuel nikotinstyrke:<\/strong> F\u00e5s i 2% eller 5% nikotinkoncentration efter behov.<\/p>\n<p class=\"whitespace-normal break-words\"><strong>Volumin\u00f8s kapacitet:<\/strong> 30 ml f\u00f8rsteklasses e-v\u00e6ske til l\u00e6ngere tids brug.<\/p>\n<p class=\"whitespace-normal break-words\"><strong>H\u00f8jt udviklet spoleinnovation:<\/strong> 1,0\u03a9 mesh-system for optimal smagsoverf\u00f8rsel.<\/p>\n<p class=\"whitespace-normal break-words\"><strong>P\u00e5lidelig batteriteknologi:<\/strong> Kraftigt 600 mAh-batteri med Type-C-opladningsteknologi.<\/p>\n<p class=\"whitespace-normal break-words\"><strong>Dynamisk lysshow:<\/strong> LED-belysning synkroniseret med musikafspilning giver en fordybende oplevelse.<\/p>\n<h3 class=\"text-lg font-bold text-text-100 mt-1 -mb-1.5\">Detaljerede egenskaber:<\/h3>\n<p class=\"whitespace-normal break-words\">\u2611 Nikotinindstillinger: 2% \/ 5%<br \/>\n\u2611 Pufvolumen: 30.000<br \/>\n\u2611 Dobbelt \u00e6ble-smagsprofil<br \/>\n\u2611 Batterikapacitet: 600mAh<br \/>\n\u2611 1,0\u03a9 netspole<br \/>\nType-C opladningsinterface<br \/>\n\u2611 Rytmeafh\u00e6ngige lysdioder<\/p>\n<p class=\"whitespace-normal break-words\">Bes\u00f8g vores <strong><a class=\"underline\" href=\"https:\/\/fumotpuff.com\/da\/\">Hovedwebsted<\/a><\/strong> for yderligere innovationer, udforsk hele <strong><a class=\"underline\" href=\"https:\/\/fumotpuff.com\/da\/product-category\/fumot-vape\/\">FUMOT VAPE tilbud<\/a><\/strong> eller gennemse alle <strong><a class=\"underline\" href=\"https:\/\/fumotpuff.com\/da\/product-category\/fumot-vape\/fumot-tornado-30k-music\/\">Fumot Tornado 30K Musikvariationer<\/a><\/strong>.<\/p>","protected":false},"excerpt":{"rendered":"<div>\n<div class=\"grid-cols-1 grid gap-2.5 [&amp;_&gt;_*]:min-w-0 !gap-3.5\">\n<p class=\"whitespace-normal break-words\">Die Fumot Tornado 30K Music Double Apple Einweg-E-Zigarette bietet intensives doppeltes Apfel-Aroma in reinster Form. Mit 30.000 Z\u00fcgen, 30ml E-Liquid und musiksynchroner LED-Beleuchtung f\u00fcr authentischen Apfelgenuss \u00fcber maximale Nutzungsdauer.<\/p>\n<\/div>\n<\/div>\n<div class=\"h-8\"><\/div>\n","protected":false},"featured_media":505,"comment_status":"open","ping_status":"closed","template":"","meta":{"_acf_changed":false},"product_brand":[],"product_cat":[20],"product_tag":[],"class_list":{"0":"post-503","1":"product","2":"type-product","3":"status-publish","4":"has-post-thumbnail","6":"product_cat-fumot-tornado-30k-music","8":"first","9":"instock","10":"shipping-taxable","11":"purchasable","12":"product-type-variable"},"acf":[],"_links":{"self":[{"href":"https:\/\/fumotpuff.com\/da\/wp-json\/wp\/v2\/product\/503","targetHints":{"allow":["GET"]}}],"collection":[{"href":"https:\/\/fumotpuff.com\/da\/wp-json\/wp\/v2\/product"}],"about":[{"href":"https:\/\/fumotpuff.com\/da\/wp-json\/wp\/v2\/types\/product"}],"replies":[{"embeddable":true,"href":"https:\/\/fumotpuff.com\/da\/wp-json\/wp\/v2\/comments?post=503"}],"wp:featuredmedia":[{"embeddable":true,"href":"https:\/\/fumotpuff.com\/da\/wp-json\/wp\/v2\/media\/505"}],"wp:attachment":[{"href":"https:\/\/fumotpuff.com\/da\/wp-json\/wp\/v2\/media?parent=503"}],"wp:term":[{"taxonomy":"product_brand","embeddable":true,"href":"https:\/\/fumotpuff.com\/da\/wp-json\/wp\/v2\/product_brand?post=503"},{"taxonomy":"product_cat","embeddable":true,"href":"https:\/\/fumotpuff.com\/da\/wp-json\/wp\/v2\/product_cat?post=503"},{"taxonomy":"product_tag","embeddable":true,"href":"https:\/\/fumotpuff.com\/da\/wp-json\/wp\/v2\/product_tag?post=503"}],"curies":[{"name":"wp","href":"https:\/\/api.w.org\/{rel}","templated":true}]}}