{"id":491,"date":"2025-09-12T05:54:07","date_gmt":"2025-09-12T03:54:07","guid":{"rendered":"https:\/\/fumotpuff.com\/?post_type=product&#038;p=491"},"modified":"2025-09-12T05:54:08","modified_gmt":"2025-09-12T03:54:08","slug":"fumot-tornado-30k-music-cool-mint","status":"publish","type":"product","link":"https:\/\/fumotpuff.com\/da\/vare\/fumot-tornado-30k-music-cool-mint\/","title":{"rendered":"Fumot Tornado 30K Music Cool Mint"},"content":{"rendered":"<h2 class=\"text-xl font-bold text-text-100 mt-1 -mb-0.5\">Fumot Tornado 30K Music Cool Mint engangs e-cigaret<\/h2>\n<p class=\"whitespace-normal break-words\">Fumot Tornado 30K Music Cool Mint tilbyder ren forfriskning med en intens mintsmag og k\u00f8lende effekt. Denne f\u00f8rsteklasses engangs e-cigaret garanterer 30.000 pust af krystalklar friskhed, underst\u00f8ttet af den gener\u00f8se 30 ml e-v\u00e6skefyldning for varig kvalitet.<\/p>\n<h3 class=\"text-lg font-bold text-text-100 mt-1 -mb-1.5\">Fremragende egenskaber ved Cool Mint-varianten:<\/h3>\n<p class=\"whitespace-normal break-words\"><strong>Uovertruffen r\u00e6kkevidde:<\/strong> Nyd op til 30.000 pust i flere m\u00e5neders brug.<\/p>\n<p class=\"whitespace-normal break-words\"><strong>Nikotindosis, der kan tilpasses:<\/strong> F\u00e5s i 2% eller 5% efter behov.<\/p>\n<p class=\"whitespace-normal break-words\"><strong>Stor volumenkapacitet:<\/strong> 30 ml e-v\u00e6ske af h\u00f8j kvalitet til kontinuerlig nydelse.<\/p>\n<p class=\"whitespace-normal break-words\"><strong>Pr\u00e6cisionsnetfordamper:<\/strong> 1,0\u03a9 coil for optimal smagsoms\u00e6tning og dampudvikling.<\/p>\n<p class=\"whitespace-normal break-words\"><strong>Batteri med lang levetid:<\/strong> Kraftigt batteri p\u00e5 600 mAh med effektiv Type-C-opladningsteknologi.<\/p>\n<p class=\"whitespace-normal break-words\"><strong>Interaktiv belysning:<\/strong> LED-systemet reagerer p\u00e5 musikkens rytmer og giver en multisensorisk oplevelse.<\/p>\n<h3 class=\"text-lg font-bold text-text-100 mt-1 -mb-1.5\">Specifikationer:<\/h3>\n<p class=\"whitespace-normal break-words\">\u2611 Nikotinindhold: 2% \/ 5%<br \/>\n\u2611 Maksimalt antal tog: 30.000<br \/>\n\u2611 Cool Mint-smag<br \/>\n\u2611 600 mAh batterikapacitet<br \/>\n\u2611 1,0\u03a9 netspole<br \/>\n\u2611 Type-C hurtig opladning<br \/>\n\u2611 Musik-interaktive lysdioder<\/p>\n<p class=\"whitespace-normal break-words\">Oplev vores komplette sortiment p\u00e5 <strong><a class=\"underline\" href=\"https:\/\/fumotpuff.com\/da\/\">Hovedside<\/a><\/strong>Gennemse alle <strong><a class=\"underline\" href=\"https:\/\/fumotpuff.com\/da\/product-category\/fumot-vape\/\">FUMOT VAPE-produkter<\/a><\/strong> eller v\u00e6lg mellem flere <strong><a class=\"underline\" href=\"https:\/\/fumotpuff.com\/da\/product-category\/fumot-vape\/fumot-tornado-30k-music\/\">Fumot Tornado 30K musikvarianter<\/a><\/strong>.<\/p>","protected":false},"excerpt":{"rendered":"<div>\n<div class=\"grid-cols-1 grid gap-2.5 [&amp;_&gt;_*]:min-w-0 !gap-3.5\">\n<p class=\"whitespace-normal break-words\">Die Fumot Tornado 30K Music Cool Mint Einweg-E-Zigarette liefert pure Erfrischung mit intensivem Minz-Aroma. Mit 30.000 Z\u00fcgen, 30ml E-Liquid und musikinteraktiver LED-Beleuchtung bietet sie kristallklare Frische f\u00fcr monatelangen Genuss.<\/p>\n<\/div>\n<\/div>\n<div class=\"h-8\"><\/div>\n","protected":false},"featured_media":493,"comment_status":"open","ping_status":"closed","template":"","meta":{"_acf_changed":false},"product_brand":[],"product_cat":[20],"product_tag":[],"class_list":{"0":"post-491","1":"product","2":"type-product","3":"status-publish","4":"has-post-thumbnail","6":"product_cat-fumot-tornado-30k-music","8":"first","9":"instock","10":"shipping-taxable","11":"purchasable","12":"product-type-variable"},"acf":[],"_links":{"self":[{"href":"https:\/\/fumotpuff.com\/da\/wp-json\/wp\/v2\/product\/491","targetHints":{"allow":["GET"]}}],"collection":[{"href":"https:\/\/fumotpuff.com\/da\/wp-json\/wp\/v2\/product"}],"about":[{"href":"https:\/\/fumotpuff.com\/da\/wp-json\/wp\/v2\/types\/product"}],"replies":[{"embeddable":true,"href":"https:\/\/fumotpuff.com\/da\/wp-json\/wp\/v2\/comments?post=491"}],"wp:featuredmedia":[{"embeddable":true,"href":"https:\/\/fumotpuff.com\/da\/wp-json\/wp\/v2\/media\/493"}],"wp:attachment":[{"href":"https:\/\/fumotpuff.com\/da\/wp-json\/wp\/v2\/media?parent=491"}],"wp:term":[{"taxonomy":"product_brand","embeddable":true,"href":"https:\/\/fumotpuff.com\/da\/wp-json\/wp\/v2\/product_brand?post=491"},{"taxonomy":"product_cat","embeddable":true,"href":"https:\/\/fumotpuff.com\/da\/wp-json\/wp\/v2\/product_cat?post=491"},{"taxonomy":"product_tag","embeddable":true,"href":"https:\/\/fumotpuff.com\/da\/wp-json\/wp\/v2\/product_tag?post=491"}],"curies":[{"name":"wp","href":"https:\/\/api.w.org\/{rel}","templated":true}]}}