{"id":479,"date":"2025-09-12T05:49:02","date_gmt":"2025-09-12T03:49:02","guid":{"rendered":"https:\/\/fumotpuff.com\/?post_type=product&#038;p=479"},"modified":"2025-09-12T05:49:03","modified_gmt":"2025-09-12T03:49:03","slug":"fumot-tornado-30k-music-cherry-cola","status":"publish","type":"product","link":"https:\/\/fumotpuff.com\/da\/vare\/fumot-tornado-30k-music-cherry-cola\/","title":{"rendered":"Fumot Tornado 30K Music Cherry Cola"},"content":{"rendered":"<h2 class=\"text-xl font-bold text-text-100 mt-1 -mb-0.5\">Fumot Tornado 30K Music Cherry Cola engangs e-cigaret<\/h2>\n<p class=\"whitespace-normal break-words\">Fumot Tornado 30K Music Cherry Cola fremkalder nostalgiske minder med sin autentiske blanding af syrlig cola og s\u00f8de kirseb\u00e6r. Denne revolutionerende engangs e-cigaret sikrer 30.000 pust af ensartet kvalitet takket v\u00e6re dens gener\u00f8se 30 ml e-v\u00e6ske reservoir.<\/p>\n<h3 class=\"text-lg font-bold text-text-100 mt-1 -mb-1.5\">Karakteristiske tr\u00e6k ved Cherry Cola Edition:<\/h3>\n<p class=\"whitespace-normal break-words\"><strong>Bem\u00e6rkelsesv\u00e6rdig udholdenhed:<\/strong> Nyd op til 30.000 pust for langvarig tilfredsstillelse.<\/p>\n<p class=\"whitespace-normal break-words\"><strong>Fleksible nikotinindstillinger:<\/strong> V\u00e6lg mellem 2% eller 5%, alt efter hvad du foretr\u00e6kker.<\/p>\n<p class=\"whitespace-normal break-words\"><strong>Omfattende kapacitet:<\/strong> 30 ml f\u00f8rsteklasses e-v\u00e6ske til l\u00e6ngere tids brug.<\/p>\n<p class=\"whitespace-normal break-words\"><strong>Innovativ mesh-teknologi:<\/strong> 1,0\u03a9 modstandsspole for optimal smagsoverf\u00f8rsel.<\/p>\n<p class=\"whitespace-normal break-words\"><strong>B\u00e6redygtig energikilde:<\/strong> Kraftigt 600 mAh-batteri med Type-C-hurtigopladningssystem.<\/p>\n<p class=\"whitespace-normal break-words\"><strong>Imponerende lysshow:<\/strong> Musikreaktiv LED-teknologi giver en multisensorisk oplevelse.<\/p>\n<h3 class=\"text-lg font-bold text-text-100 mt-1 -mb-1.5\">Detaljerede specifikationer:<\/h3>\n<p class=\"whitespace-normal break-words\">Togvolumen: 30.000<br \/>\n\u2611 Smag af Cherry Cola<br \/>\n\u2611 Batterikapacitet: 600mAh<br \/>\n\u2611 1,0\u03a9 netspole<br \/>\nType-C opladningsforbindelse<br \/>\n\u2611 Musik-synkroniseret LED-belysning<\/p>\n<p class=\"whitespace-normal break-words\">Oplev flere innovationer p\u00e5 vores <strong><a class=\"underline\" href=\"https:\/\/fumotpuff.com\/da\/\">Startside<\/a><\/strong>Gennemse hele udvalget <strong><a class=\"underline\" href=\"https:\/\/fumotpuff.com\/da\/product-category\/fumot-vape\/\">FUMOT VAPE-kollektionen<\/a><\/strong> eller v\u00e6lg mellem alle <strong><a class=\"underline\" href=\"https:\/\/fumotpuff.com\/da\/product-category\/fumot-vape\/fumot-tornado-30k-music\/\">Fumot Tornado 30K Musiksmag<\/a><\/strong>.<\/p>","protected":false},"excerpt":{"rendered":"<div>\n<div class=\"grid-cols-1 grid gap-2.5 [&amp;_&gt;_*]:min-w-0 !gap-3.5\">\n<p class=\"whitespace-normal break-words\">Die Fumot Tornado 30K Music Cherry Cola Einweg-E-Zigarette kombiniert spritzige Cola mit s\u00fc\u00dfen Kirschen f\u00fcr nostalgischen Geschmack. Mit 30.000 Z\u00fcgen, 30ml E-Liquid und musikreaktiver LED-Beleuchtung bietet sie au\u00dfergew\u00f6hnlichen Dampfgenuss.<\/p>\n<\/div>\n<\/div>\n<div class=\"h-8\"><\/div>\n","protected":false},"featured_media":481,"comment_status":"open","ping_status":"closed","template":"","meta":{"_acf_changed":false},"product_brand":[],"product_cat":[20],"product_tag":[],"class_list":{"0":"post-479","1":"product","2":"type-product","3":"status-publish","4":"has-post-thumbnail","6":"product_cat-fumot-tornado-30k-music","8":"first","9":"instock","10":"shipping-taxable","11":"purchasable","12":"product-type-variable"},"acf":[],"_links":{"self":[{"href":"https:\/\/fumotpuff.com\/da\/wp-json\/wp\/v2\/product\/479","targetHints":{"allow":["GET"]}}],"collection":[{"href":"https:\/\/fumotpuff.com\/da\/wp-json\/wp\/v2\/product"}],"about":[{"href":"https:\/\/fumotpuff.com\/da\/wp-json\/wp\/v2\/types\/product"}],"replies":[{"embeddable":true,"href":"https:\/\/fumotpuff.com\/da\/wp-json\/wp\/v2\/comments?post=479"}],"wp:featuredmedia":[{"embeddable":true,"href":"https:\/\/fumotpuff.com\/da\/wp-json\/wp\/v2\/media\/481"}],"wp:attachment":[{"href":"https:\/\/fumotpuff.com\/da\/wp-json\/wp\/v2\/media?parent=479"}],"wp:term":[{"taxonomy":"product_brand","embeddable":true,"href":"https:\/\/fumotpuff.com\/da\/wp-json\/wp\/v2\/product_brand?post=479"},{"taxonomy":"product_cat","embeddable":true,"href":"https:\/\/fumotpuff.com\/da\/wp-json\/wp\/v2\/product_cat?post=479"},{"taxonomy":"product_tag","embeddable":true,"href":"https:\/\/fumotpuff.com\/da\/wp-json\/wp\/v2\/product_tag?post=479"}],"curies":[{"name":"wp","href":"https:\/\/api.w.org\/{rel}","templated":true}]}}