{"id":4743,"date":"2025-11-18T08:55:39","date_gmt":"2025-11-18T07:55:39","guid":{"rendered":"https:\/\/fumotpuff.com\/?post_type=product&#038;p=4743"},"modified":"2025-11-18T08:55:40","modified_gmt":"2025-11-18T07:55:40","slug":"vozol-rave-40000-peach-raspberry-lemonade","status":"publish","type":"product","link":"https:\/\/fumotpuff.com\/da\/vare\/vozol-rave-40000-peach-raspberry-lemonade\/","title":{"rendered":"Vozol Rave 40000 Fersken-hindb\u00e6r-limonade"},"content":{"rendered":"<h2 class=\"font-claude-response-heading text-text-100 mt-1 -mb-0.5\">Vozol Rave 40000 Peach Raspberry Lemonade engangs-e-cigaret<\/h2>\n<p class=\"font-claude-response-body whitespace-normal break-words\">Vozol Rave 40000 Peach Raspberry Lemonade er en engangs-vape-enhed med h\u00f8j kapacitet, der er specielt designet til engrosbehov. Med sit imponerende 270-graders lysdesign og beat-reaktive party-tilstand skaber denne model en fordybende damperfaring. Kapaciteten p\u00e5 op til 40.000 sug underst\u00f8ttes af et robust 1000 mAh-batteri, der takket v\u00e6re hurtigopladningsteknologi n\u00e5r 80 procent p\u00e5 kun 20 minutter. Den elegante Eclipse-dampanimation og nikotin koncentrationen p\u00e5 50 mg\/ml g\u00f8r denne enhed til et f\u00f8rsteklasses valg til professionel engroshandel med engangs-vape-enheder.<\/p>\n<h3 class=\"font-claude-response-subheading text-text-100 mt-1 -mb-1.5\">Peach Raspberry Lemonade Aroma &amp; s\u00e6rlige egenskaber:<\/h3>\n<p class=\"font-claude-response-body whitespace-normal break-words\">VOZOL Rave 40000 Peach Raspberry Lemonade tilbyder en fascinerende smagskombination af s\u00f8de ferskner, syrlige hindb\u00e6r og sprudlende limonade. Denne afbalancerede blanding giver en forfriskende og frugtagtig smag ved hvert sug, som er perfekt for elskere af komplekse aromaer.<\/p>\n<p class=\"font-claude-response-body whitespace-normal break-words\">Enheden tilbyder maksimal fleksibilitet med sine to driftsmodi: Brug normalmodus til imponerende 40.000 sug eller skift til turbomodus for en mere intens smagsoplevelse med 25.000 sug. Det unikke 270\u00b0 musikreaktive LED-display forvandler din dampesession til et lysshow med tre valgbare tilstande \u2013 Breathing, Beat og Off \u2013 der passer perfekt til stemningen.<\/p>\n<p class=\"font-claude-response-body whitespace-normal break-words\">Takket v\u00e6re den innovative Dual Mesh Coil-teknologi arbejder to mesh-spoler harmonisk sammen og skaber en fyldig smag, t\u00e6t damp og j\u00e6vn varmefordeling. Det avancerede Dual-MCU-chipsystem overv\u00e5ger kontinuerligt ydeevnen, forhindrer overophedning og sikrer en pr\u00e6cis aktivering af tr\u00e6kket. Den justerbare luftstr\u00f8mskontrol giver mulighed for en problemfri skift mellem MTL- og RDL-dampstilarter efter dine pr\u00e6ferencer.<\/p>\n<p class=\"font-claude-response-body whitespace-normal break-words\">Med den praktiske USB-C-hurtigopladning n\u00e5r 1000 mAh-batteriet 80 procent opladning p\u00e5 kun 20 minutter \u2013 ideelt for aktive brugere, der ikke vil spilde tid.<\/p>\n<p class=\"font-claude-response-body whitespace-normal break-words\">Nikotinindholdet p\u00e5 5 procent (50 mg\/ml) giver VOZOL Rave 40000 Peach Raspberry Lemonade en tilfredsstillende halshit og langvarig tilfredshed. Kombinationen af smart teknologi, individualiserbare funktioner og p\u00e5lidelig ydeevne g\u00f8r denne enhed til det bedste valg for kr\u00e6vende dampere.<\/p>\n<h3 class=\"font-claude-response-subheading text-text-100 mt-1 -mb-1.5\">Tekniske data:<\/h3>\n<p class=\"font-claude-response-body whitespace-normal break-words\"><strong>Model:<\/strong> Rave 40000 bev\u00e6gelser<br \/>\n<strong>Smag:<\/strong> Fersken-hindb\u00e6r-limonade<br \/>\n<strong>Type:<\/strong> E-cigaret til engangsbrug<br \/>\n<strong>Nikotinstyrke:<\/strong> 50 mg\/ml<br \/>\n<strong>Flydende kapacitet:<\/strong> 20 ml<br \/>\n<strong>Damp-stil:<\/strong> MTL<br \/>\n<strong>Batteri:<\/strong> 1000 mAh genopladelig<br \/>\n<strong>Tilstand:<\/strong> Dobbelt tilstand<br \/>\n<strong>Spoletype:<\/strong> Dobbelt netspole<br \/>\n<strong>S\u00e6rlig funktion:<\/strong> 270\u00b0 levende lysdesign<br \/>\n<strong>Luftstr\u00f8m:<\/strong> Justerbar luftstr\u00f8m<br \/>\n<strong>Sk\u00e6rm:<\/strong> Intelligent visning af batteri og e-v\u00e6ske<\/p>\n<h3 class=\"font-claude-response-subheading text-text-100 mt-1 -mb-1.5\">Oplev mere VOZOL VAPE hos fumotpuff<\/h3>\n<p class=\"font-claude-response-body whitespace-normal break-words\">Med <strong><a class=\"underline\" href=\"https:\/\/fumotpuff.com\/da\/\">fumotpuff<\/a><\/strong> Vi tilbyder dig et f\u00f8rsteklasses udvalg af vape-produkter til alle behov. Gennemse vores omfattende <strong><a class=\"underline\" href=\"https:\/\/fumotpuff.com\/da\/product-category\/vozol-vape\/\">VOZOL VAPE Kategori<\/a><\/strong> med mange premium-apparater, eller v\u00e6lg din yndlingsvariant fra det komplette sortiment. <strong><a class=\"underline\" href=\"https:\/\/fumotpuff.com\/da\/product-category\/vozol-vape\/vozol-rave-40000\/\">Vozol Rave 40000 kollektion<\/a><\/strong>.<\/p>","protected":false},"excerpt":{"rendered":"<p class=\"font-claude-response-body whitespace-normal break-words\">Vozol Rave 40000 Peach Raspberry Lemonade kombinerer fersken, hindb\u00e6r og sprudlende limonade. Med 20 ml e-v\u00e6ske og 1000 mAh batteri kan den klare op til 40.000 sug. Dual Mesh Coils, 270\u00b0 musikreaktivt LED-display og USB-C-hurtigopladning (80% p\u00e5 20 min.) giver premiumkvalitet.<\/p>","protected":false},"featured_media":4744,"comment_status":"open","ping_status":"closed","template":"","meta":{"_acf_changed":false},"product_brand":[],"product_cat":[52],"product_tag":[],"class_list":{"0":"post-4743","1":"product","2":"type-product","3":"status-publish","4":"has-post-thumbnail","6":"product_cat-vozol-rave-40000","8":"first","9":"instock","10":"shipping-taxable","11":"purchasable","12":"product-type-variable"},"acf":[],"_links":{"self":[{"href":"https:\/\/fumotpuff.com\/da\/wp-json\/wp\/v2\/product\/4743","targetHints":{"allow":["GET"]}}],"collection":[{"href":"https:\/\/fumotpuff.com\/da\/wp-json\/wp\/v2\/product"}],"about":[{"href":"https:\/\/fumotpuff.com\/da\/wp-json\/wp\/v2\/types\/product"}],"replies":[{"embeddable":true,"href":"https:\/\/fumotpuff.com\/da\/wp-json\/wp\/v2\/comments?post=4743"}],"wp:featuredmedia":[{"embeddable":true,"href":"https:\/\/fumotpuff.com\/da\/wp-json\/wp\/v2\/media\/4744"}],"wp:attachment":[{"href":"https:\/\/fumotpuff.com\/da\/wp-json\/wp\/v2\/media?parent=4743"}],"wp:term":[{"taxonomy":"product_brand","embeddable":true,"href":"https:\/\/fumotpuff.com\/da\/wp-json\/wp\/v2\/product_brand?post=4743"},{"taxonomy":"product_cat","embeddable":true,"href":"https:\/\/fumotpuff.com\/da\/wp-json\/wp\/v2\/product_cat?post=4743"},{"taxonomy":"product_tag","embeddable":true,"href":"https:\/\/fumotpuff.com\/da\/wp-json\/wp\/v2\/product_tag?post=4743"}],"curies":[{"name":"wp","href":"https:\/\/api.w.org\/{rel}","templated":true}]}}